{"id":101,"date":"2024-11-10T11:31:33","date_gmt":"2024-11-10T11:31:33","guid":{"rendered":"https:\/\/pfalztrafo.de\/?page_id=101"},"modified":"2025-09-06T09:18:52","modified_gmt":"2025-09-06T09:18:52","slug":"oelauffangwannen","status":"publish","type":"page","link":"https:\/\/pfalztrafo.de\/en\/service\/oelauffangwannen\/","title":{"rendered":"Oil Containment Pits"},"content":{"rendered":"<h2 class=\"wp-block-heading has-text-align-center\">Oil Containment Pits&nbsp;<\/h2>\n\n\n\n<div class=\"wp-block-group alignfull has-background-background-color has-background has-global-padding is-layout-constrained wp-container-core-group-is-layout-68d5e5bb wp-block-group-is-layout-constrained\" style=\"margin-top:0;margin-bottom:0;padding-top:var(--wp--preset--spacing--50);padding-right:var(--wp--preset--spacing--30);padding-bottom:var(--wp--preset--spacing--60);padding-left:var(--wp--preset--spacing--30)\">\n<div class=\"wp-block-columns alignwide is-layout-flex wp-container-core-columns-is-layout-47c06fe3 wp-block-columns-is-layout-flex\">\n<div class=\"wp-block-column is-layout-flow wp-block-column-is-layout-flow\">\n<p class=\"has-text-align-left\" style=\"margin-top:16px\">Transformers contain large amounts of oil for cooling and insulation. If this oil leaks, it can significantly contaminate soil and groundwater. Oil collection trays ensure that leaking transformer oil is safely contained. This way, operators not only meet the legal requirements of the WHG, but also protect the environment, employees, and system availability.<\/p>\n<\/div>\n<\/div>\n\n\n\n<div class=\"wp-block-columns alignwide is-layout-flex wp-container-core-columns-is-layout-47c06fe3 wp-block-columns-is-layout-flex\">\n<div class=\"wp-block-column is-layout-flow wp-block-column-is-layout-flow\">\n<figure class=\"wp-block-image aligncenter size-full is-resized\"><img loading=\"lazy\" decoding=\"async\" width=\"1024\" height=\"1024\" src=\"https:\/\/pfalztrafo.de\/wp-content\/uploads\/2025\/09\/oelauffangwanne.png\" alt=\"\" class=\"wp-image-1241\" style=\"width:526px;height:auto\" srcset=\"https:\/\/pfalztrafo.de\/wp-content\/uploads\/2025\/09\/oelauffangwanne.png 1024w, https:\/\/pfalztrafo.de\/wp-content\/uploads\/2025\/09\/oelauffangwanne-300x300.png 300w, https:\/\/pfalztrafo.de\/wp-content\/uploads\/2025\/09\/oelauffangwanne-150x150.png 150w, https:\/\/pfalztrafo.de\/wp-content\/uploads\/2025\/09\/oelauffangwanne-768x768.png 768w, https:\/\/pfalztrafo.de\/wp-content\/uploads\/2025\/09\/oelauffangwanne-12x12.png 12w\" sizes=\"auto, (max-width: 1024px) 100vw, 1024px\" \/><\/figure>\n<\/div>\n\n\n\n<div class=\"wp-block-column is-layout-flow wp-block-column-is-layout-flow\">\n<h2 class=\"wp-block-heading has-large-font-size\">Properties<\/h2>\n\n\n\n<ul class=\"wp-block-list\">\n<li>Easy installation without dismantling the transformer<\/li>\n\n\n\n<li>DIBt, WHG, and T\u00dcV approval<\/li>\n\n\n\n<li>Applicable in indoor and outdoor installations<\/li>\n\n\n\n<li>Fully adhesive bonding<\/li>\n\n\n\n<li>High durability (non-decaying)<\/li>\n\n\n\n<li>10-year warranty on material and weld seams<\/li>\n\n\n\n<li>Environmentally friendly (free of plasticizers and solvents)<\/li>\n\n\n\n<li>Resistant to transformer oil<\/li>\n\n\n\n<li>Temperature and cold-resistant<\/li>\n\n\n\n<li>Fire-resistant (B2 according to DIN 4102)<\/li>\n\n\n\n<li>Resistant to continuous pressure<\/li>\n\n\n\n<li>Fiberglass reinforced<\/li>\n\n\n\n<li>UV stabilized<\/li>\n\n\n\n<li>Resistant to humic acid, hydrolysis, and root penetration<\/li>\n\n\n\n<li>Integrated into the recycling loop<\/li>\n<\/ul>\n<\/div>\n<\/div>\n<\/div>\n\n\n\n<div class=\"wp-block-group alignfull has-background has-global-padding is-layout-constrained wp-container-core-group-is-layout-7276a2bb wp-block-group-is-layout-constrained\" style=\"background-color:#eaf2fd;margin-top:0;margin-bottom:0;padding-top:var(--wp--preset--spacing--60);padding-right:var(--wp--preset--spacing--30);padding-bottom:var(--wp--preset--spacing--60);padding-left:var(--wp--preset--spacing--30)\">\n<div class=\"wp-block-group alignwide is-layout-flow wp-block-group-is-layout-flow\">\n<h2 class=\"wp-block-heading has-large-font-size\">Outdoor Application<\/h2>\n\n\n\n<p style=\"margin-top:16px\"><strong>Oil collection trays for outdoor use \u2013 with or without foil lining (adhesive technique), depending on requirements.<br><\/strong>(380\/220 KV power transformers)<\/p>\n<\/div>\n\n\n\n<div class=\"wp-block-group alignwide has-global-padding is-layout-constrained wp-block-group-is-layout-constrained\">\n<div class=\"wp-block-columns alignwide is-layout-flex wp-container-core-columns-is-layout-87beb0d0 wp-block-columns-is-layout-flex\">\n<div class=\"wp-block-column is-layout-flow wp-container-core-column-is-layout-f5bb311e wp-block-column-is-layout-flow\">\n<figure class=\"wp-block-image size-large is-resized ext-aspect-landscape\"><img loading=\"lazy\" decoding=\"async\" width=\"1006\" height=\"1024\" src=\"https:\/\/pfalztrafo.de\/wp-content\/uploads\/2024\/11\/1-1-1006x1024.jpg\" alt=\"\" class=\"wp-image-303\" style=\"aspect-ratio:1;object-fit:cover;width:299px;height:auto\" srcset=\"https:\/\/pfalztrafo.de\/wp-content\/uploads\/2024\/11\/1-1-1006x1024.jpg 1006w, https:\/\/pfalztrafo.de\/wp-content\/uploads\/2024\/11\/1-1-295x300.jpg 295w, https:\/\/pfalztrafo.de\/wp-content\/uploads\/2024\/11\/1-1-768x782.jpg 768w, https:\/\/pfalztrafo.de\/wp-content\/uploads\/2024\/11\/1-1.jpg 1341w\" sizes=\"auto, (max-width: 1006px) 100vw, 1006px\" \/><\/figure>\n<\/div>\n\n\n\n<div class=\"wp-block-column is-layout-flow wp-container-core-column-is-layout-f5bb311e wp-block-column-is-layout-flow\">\n<figure class=\"wp-block-image size-large ext-aspect-landscape\"><img loading=\"lazy\" decoding=\"async\" width=\"1024\" height=\"836\" src=\"https:\/\/pfalztrafo.de\/wp-content\/uploads\/2024\/11\/2-1024x836.jpg\" alt=\"\" class=\"wp-image-304\" style=\"aspect-ratio:1;object-fit:cover\" srcset=\"https:\/\/pfalztrafo.de\/wp-content\/uploads\/2024\/11\/2-1024x836.jpg 1024w, https:\/\/pfalztrafo.de\/wp-content\/uploads\/2024\/11\/2-300x245.jpg 300w, https:\/\/pfalztrafo.de\/wp-content\/uploads\/2024\/11\/2-768x627.jpg 768w, https:\/\/pfalztrafo.de\/wp-content\/uploads\/2024\/11\/2.jpg 1333w\" sizes=\"auto, (max-width: 1024px) 100vw, 1024px\" \/><\/figure>\n<\/div>\n\n\n\n<div class=\"wp-block-column is-layout-flow wp-container-core-column-is-layout-f5bb311e wp-block-column-is-layout-flow\">\n<figure class=\"wp-block-image size-large ext-aspect-landscape\"><img loading=\"lazy\" decoding=\"async\" width=\"1024\" height=\"713\" src=\"https:\/\/pfalztrafo.de\/wp-content\/uploads\/2024\/11\/3-2-1024x713.jpg\" alt=\"\" class=\"wp-image-305\" style=\"aspect-ratio:1;object-fit:cover\" srcset=\"https:\/\/pfalztrafo.de\/wp-content\/uploads\/2024\/11\/3-2-1024x713.jpg 1024w, https:\/\/pfalztrafo.de\/wp-content\/uploads\/2024\/11\/3-2-300x209.jpg 300w, https:\/\/pfalztrafo.de\/wp-content\/uploads\/2024\/11\/3-2-768x535.jpg 768w, https:\/\/pfalztrafo.de\/wp-content\/uploads\/2024\/11\/3-2.jpg 1333w\" sizes=\"auto, (max-width: 1024px) 100vw, 1024px\" \/><\/figure>\n<\/div>\n\n\n\n<div class=\"wp-block-column is-layout-flow wp-container-core-column-is-layout-f5bb311e wp-block-column-is-layout-flow\">\n<figure class=\"wp-block-image size-large ext-aspect-landscape\"><img loading=\"lazy\" decoding=\"async\" width=\"1333\" height=\"930\" src=\"https:\/\/pfalztrafo.de\/wp-content\/uploads\/2024\/11\/4-1024x714.jpg\" alt=\"\" class=\"wp-image-306\" style=\"aspect-ratio:1;object-fit:cover\" srcset=\"https:\/\/pfalztrafo.de\/wp-content\/uploads\/2024\/11\/4-1024x714.jpg 1024w, https:\/\/pfalztrafo.de\/wp-content\/uploads\/2024\/11\/4-300x209.jpg 300w, https:\/\/pfalztrafo.de\/wp-content\/uploads\/2024\/11\/4-768x536.jpg 768w, https:\/\/pfalztrafo.de\/wp-content\/uploads\/2024\/11\/4.jpg 1333w\" sizes=\"auto, (max-width: 1333px) 100vw, 1333px\" \/><\/figure>\n<\/div>\n<\/div>\n<\/div>\n<\/div>\n\n\n\n<div class=\"wp-block-group alignfull has-background-background-color has-background has-global-padding is-layout-constrained wp-container-core-group-is-layout-7276a2bb wp-block-group-is-layout-constrained\" style=\"margin-top:0;margin-bottom:0;padding-top:var(--wp--preset--spacing--60);padding-right:var(--wp--preset--spacing--30);padding-bottom:var(--wp--preset--spacing--60);padding-left:var(--wp--preset--spacing--30)\">\n<div class=\"wp-block-group alignwide is-layout-flow wp-block-group-is-layout-flow\">\n<h2 class=\"wp-block-heading has-large-font-size\">Indoor Application<\/h2>\n\n\n\n<p style=\"margin-top:16px\"><strong>Oil collection trays for indoor use \u2013 with or without foil lining, for protection against oil leakage and environmental compliance.<\/strong><\/p>\n<\/div>\n\n\n\n<div class=\"wp-block-group alignwide has-global-padding is-layout-constrained wp-block-group-is-layout-constrained\">\n<div class=\"wp-block-columns alignwide is-layout-flex wp-container-core-columns-is-layout-87beb0d0 wp-block-columns-is-layout-flex\">\n<div class=\"wp-block-column is-layout-flow wp-container-core-column-is-layout-f5bb311e wp-block-column-is-layout-flow\">\n<figure class=\"wp-block-image size-large is-resized ext-aspect-landscape\"><img loading=\"lazy\" decoding=\"async\" width=\"1024\" height=\"943\" src=\"https:\/\/pfalztrafo.de\/wp-content\/uploads\/2024\/11\/1-2-1024x943.jpg\" alt=\"\" class=\"wp-image-307\" style=\"aspect-ratio:1;object-fit:cover;width:299px;height:auto\" srcset=\"https:\/\/pfalztrafo.de\/wp-content\/uploads\/2024\/11\/1-2-1024x943.jpg 1024w, https:\/\/pfalztrafo.de\/wp-content\/uploads\/2024\/11\/1-2-300x276.jpg 300w, https:\/\/pfalztrafo.de\/wp-content\/uploads\/2024\/11\/1-2-768x707.jpg 768w, https:\/\/pfalztrafo.de\/wp-content\/uploads\/2024\/11\/1-2.jpg 1303w\" sizes=\"auto, (max-width: 1024px) 100vw, 1024px\" \/><\/figure>\n<\/div>\n\n\n\n<div class=\"wp-block-column is-layout-flow wp-container-core-column-is-layout-f5bb311e wp-block-column-is-layout-flow\">\n<figure class=\"wp-block-image size-large ext-aspect-landscape\"><img loading=\"lazy\" decoding=\"async\" width=\"1024\" height=\"973\" src=\"https:\/\/pfalztrafo.de\/wp-content\/uploads\/2024\/11\/2-1-1024x973.jpg\" alt=\"\" class=\"wp-image-308\" style=\"aspect-ratio:1;object-fit:cover\" srcset=\"https:\/\/pfalztrafo.de\/wp-content\/uploads\/2024\/11\/2-1-1024x973.jpg 1024w, https:\/\/pfalztrafo.de\/wp-content\/uploads\/2024\/11\/2-1-300x285.jpg 300w, https:\/\/pfalztrafo.de\/wp-content\/uploads\/2024\/11\/2-1-768x730.jpg 768w, https:\/\/pfalztrafo.de\/wp-content\/uploads\/2024\/11\/2-1.jpg 1152w\" sizes=\"auto, (max-width: 1024px) 100vw, 1024px\" \/><\/figure>\n<\/div>\n\n\n\n<div class=\"wp-block-column is-layout-flow wp-container-core-column-is-layout-f5bb311e wp-block-column-is-layout-flow\">\n<figure class=\"wp-block-image size-large ext-aspect-landscape\"><img loading=\"lazy\" decoding=\"async\" width=\"1024\" height=\"941\" src=\"https:\/\/pfalztrafo.de\/wp-content\/uploads\/2024\/11\/3-3-1024x941.jpg\" alt=\"\" class=\"wp-image-309\" style=\"aspect-ratio:1;object-fit:cover\" srcset=\"https:\/\/pfalztrafo.de\/wp-content\/uploads\/2024\/11\/3-3-1024x941.jpg 1024w, https:\/\/pfalztrafo.de\/wp-content\/uploads\/2024\/11\/3-3-300x276.jpg 300w, https:\/\/pfalztrafo.de\/wp-content\/uploads\/2024\/11\/3-3-768x706.jpg 768w, https:\/\/pfalztrafo.de\/wp-content\/uploads\/2024\/11\/3-3.jpg 1321w\" sizes=\"auto, (max-width: 1024px) 100vw, 1024px\" \/><\/figure>\n<\/div>\n\n\n\n<div class=\"wp-block-column is-layout-flow wp-container-core-column-is-layout-f5bb311e wp-block-column-is-layout-flow\">\n<figure class=\"wp-block-image size-large ext-aspect-landscape\"><img loading=\"lazy\" decoding=\"async\" width=\"1024\" height=\"936\" src=\"https:\/\/pfalztrafo.de\/wp-content\/uploads\/2024\/11\/4-1-1024x936.jpg\" alt=\"\" class=\"wp-image-310\" style=\"aspect-ratio:1;object-fit:cover\" srcset=\"https:\/\/pfalztrafo.de\/wp-content\/uploads\/2024\/11\/4-1-1024x936.jpg 1024w, https:\/\/pfalztrafo.de\/wp-content\/uploads\/2024\/11\/4-1-300x274.jpg 300w, https:\/\/pfalztrafo.de\/wp-content\/uploads\/2024\/11\/4-1-768x702.jpg 768w, https:\/\/pfalztrafo.de\/wp-content\/uploads\/2024\/11\/4-1.jpg 1227w\" sizes=\"auto, (max-width: 1024px) 100vw, 1024px\" \/><\/figure>\n<\/div>\n<\/div>\n<\/div>\n<\/div>\n\n\n\n<div class=\"wp-block-group alignfull has-background has-global-padding is-layout-constrained wp-container-core-group-is-layout-68d5e5bb wp-block-group-is-layout-constrained\" style=\"background-color:#eaf2fd;margin-top:0;margin-bottom:0;padding-top:var(--wp--preset--spacing--50);padding-right:var(--wp--preset--spacing--30);padding-bottom:var(--wp--preset--spacing--60);padding-left:var(--wp--preset--spacing--30)\">\n<div class=\"wp-block-group alignwide is-layout-flow wp-block-group-is-layout-flow\">\n<h2 class=\"wp-block-heading has-large-font-size\">Technical Data&nbsp;<\/h2>\n<\/div>\n\n\n\n<div class=\"wp-block-columns alignwide is-layout-flex wp-container-core-columns-is-layout-47c06fe3 wp-block-columns-is-layout-flex\">\n<div class=\"wp-block-column is-layout-flow wp-block-column-is-layout-flow\">\n<h4 class=\"wp-block-heading\">Application areas and benefits<\/h4>\n\n\n\n<p style=\"margin-top:16px\">Sikaplan WT 6200\/20C is a modern plastic sealing membrane specifically developed for protective measures in areas where water-polluting substances are stored or handled.<br><\/p>\n\n\n\n<p>Sikaplan WT 6200\/20C is ideal for the following water protection measures:<\/p>\n\n\n\n<ul class=\"wp-block-list\">\n<li>Containment containers for water-polluting substances<\/li>\n\n\n\n<li>Tank storage and tank pit sealing<\/li>\n\n\n\n<li>Retention and emergency basins<\/li>\n\n\n\n<li>Handling areas<\/li>\n\n\n\n<li>Sealing of traffic carriers (roads, rail)<\/li>\n\n\n\n<li>Surface sealing of landfills<br><\/li>\n<\/ul>\n\n\n\n<h4 class=\"wp-block-heading\">Material properties<\/h4>\n\n\n\n<p style=\"margin-top:16px\" class=\"translation-block\">Sikaplan WT 6200\/20C is a homogeneous plastic sealing membrane based on flexible polyolefins (FPO).<br>  \nFPO are partially crystalline thermoplastics, characterized by a wide chemical resistance range, high mechanical durability, and excellent long-term properties.<br>  \nSikaplan WT 6200\/20C is free from plasticizers and solvents.<\/p>\n<\/div>\n\n\n\n<div class=\"wp-block-column is-layout-flow wp-block-column-is-layout-flow\">\n<h4 class=\"wp-block-heading has-large-font-size\">Technical data &amp; processing<\/h4>\n\n\n\n<p>Sikaplan WT 6200\/20C is manufactured using a glass fiber insert as reinforcement through an extrusion-coating process.<\/p>\n\n\n\n<p><strong><strong>Technical Data:<\/strong><\/strong><\/p>\n\n\n\n<ul class=\"wp-block-list\">\n<li>Color: yellow\/black<\/li>\n\n\n\n<li>Materialst\u00e4rke:&nbsp;2 mm<\/li>\n\n\n\n<li>Dichte:&nbsp;0,94 g\/cm\u00b3<\/li>\n\n\n\n<li>Rei\u00dfdehnung:&nbsp;450 %<\/li>\n\n\n\n<li>Rei\u00dffestigkeit:&nbsp;10 N\/mm\u00b2<\/li>\n\n\n\n<li>Cold folding: -50\u00b0C<\/li>\n\n\n\n<li>Heat deformation: 0.2%<\/li>\n\n\n\n<li>Continuous pressure resistance: 7 N\/mm\u00b2<\/li>\n\n\n\n<li>Mechanical puncture resistance: 950 mm<\/li>\n<\/ul>\n\n\n\n<h4 class=\"wp-block-heading\">Our guarantee<\/h4>\n\n\n\n<p class=\"translation-block\">We guarantee the functionality of the delivered materials to the buyer.<br>  \nThe guarantee covers both materials and weld seams.<br>  \nThe guarantee period is 10 years (warranty period).<br>  \nThe warranty period begins upon receipt of the delivered Sikaplan materials.<\/p>\n<\/div>\n<\/div>\n<\/div>\n\n\n\n<div class=\"wp-block-group alignfull has-background-background-color has-background has-global-padding is-layout-constrained wp-container-core-group-is-layout-7276a2bb wp-block-group-is-layout-constrained\" style=\"margin-top:0;margin-bottom:0;padding-top:var(--wp--preset--spacing--60);padding-right:var(--wp--preset--spacing--30);padding-bottom:var(--wp--preset--spacing--60);padding-left:var(--wp--preset--spacing--30)\">\n<div class=\"wp-block-group alignwide is-layout-flow wp-block-group-is-layout-flow\">\n<h2 class=\"wp-block-heading has-large-font-size\">Requirement according to WHG<\/h2>\n\n\n\n<p style=\"margin-top:16px\">According to the current VAwS state regulations, systems must be designed and operated in such a way that leaking water-hazardous substances are quickly and reliably detected and contained. As a rule, unless they are double-walled and equipped with a leak detection device, the systems must be fitted with a tight and durable collection area. To meet these requirements, operators of oil transformers have the option of having their oil collection trays sealed with a special plastic sealing membrane (Sikaplan WT 6200 \/ 20C). Compared to metal trays or paint coatings, this type of sealing is simple, fast, and cost-effective to implement.<\/p>\n<\/div>\n<\/div>","protected":false},"excerpt":{"rendered":"<p>\u00d6lauffangwannen&nbsp; Transformatoren enthalten gro\u00dfe Mengen \u00d6l zur K\u00fchlung und Isolierung. Tritt dieses \u00d6l aus, kann es Boden und Grundwasser erheblich belasten. \u00d6lauffangwannen sorgen daf\u00fcr, dass auslaufendes Transformatoren\u00f6l zuverl\u00e4ssig zur\u00fcckgehalten wird. Betreiber erf\u00fcllen damit nicht nur die gesetzlichen Anforderungen nach WHG, sondern sch\u00fctzen auch Umwelt, Mitarbeiter und Anlagenverf\u00fcgbarkeit. Eigenschaften Au\u00dfenanwendung \u00d6lauffangwannen im Au\u00dfenbereich \u2013 mit oder [&hellip;]<\/p>\n","protected":false},"author":4,"featured_media":0,"parent":13,"menu_order":0,"comment_status":"closed","ping_status":"closed","template":"wp-custom-template-service","meta":{"footnotes":""},"class_list":["post-101","page","type-page","status-publish","hentry"],"aioseo_notices":[],"_links":{"self":[{"href":"https:\/\/pfalztrafo.de\/en\/wp-json\/wp\/v2\/pages\/101","targetHints":{"allow":["GET"]}}],"collection":[{"href":"https:\/\/pfalztrafo.de\/en\/wp-json\/wp\/v2\/pages"}],"about":[{"href":"https:\/\/pfalztrafo.de\/en\/wp-json\/wp\/v2\/types\/page"}],"author":[{"embeddable":true,"href":"https:\/\/pfalztrafo.de\/en\/wp-json\/wp\/v2\/users\/4"}],"replies":[{"embeddable":true,"href":"https:\/\/pfalztrafo.de\/en\/wp-json\/wp\/v2\/comments?post=101"}],"version-history":[{"count":14,"href":"https:\/\/pfalztrafo.de\/en\/wp-json\/wp\/v2\/pages\/101\/revisions"}],"predecessor-version":[{"id":1258,"href":"https:\/\/pfalztrafo.de\/en\/wp-json\/wp\/v2\/pages\/101\/revisions\/1258"}],"up":[{"embeddable":true,"href":"https:\/\/pfalztrafo.de\/en\/wp-json\/wp\/v2\/pages\/13"}],"wp:attachment":[{"href":"https:\/\/pfalztrafo.de\/en\/wp-json\/wp\/v2\/media?parent=101"}],"curies":[{"name":"wp","href":"https:\/\/api.w.org\/{rel}","templated":true}]}}