{"id":103,"date":"2024-11-10T11:32:16","date_gmt":"2024-11-10T11:32:16","guid":{"rendered":"https:\/\/pfalztrafo.de\/?page_id=103"},"modified":"2025-09-06T04:01:00","modified_gmt":"2025-09-06T04:01:00","slug":"zertifikate","status":"publish","type":"page","link":"https:\/\/pfalztrafo.de\/en\/service\/zertifikate\/","title":{"rendered":"Certificates"},"content":{"rendered":"<div class=\"wp-block-group alignfull has-background-background-color has-background has-global-padding is-layout-constrained wp-container-core-group-is-layout-7276a2bb wp-block-group-is-layout-constrained\" style=\"margin-top:0;margin-bottom:0;padding-top:var(--wp--preset--spacing--60);padding-right:var(--wp--preset--spacing--30);padding-bottom:var(--wp--preset--spacing--60);padding-left:var(--wp--preset--spacing--30)\">\n<div class=\"wp-block-group alignwide is-layout-flow wp-block-group-is-layout-flow\">\n<h2 class=\"wp-block-heading has-text-align-center has-large-font-size\">Certificates<\/h2>\n<\/div>\n\n\n\n<div class=\"wp-block-columns alignwide are-vertically-aligned-top is-layout-flex wp-container-core-columns-is-layout-08c01c1c wp-block-columns-is-layout-flex\">\n<div class=\"wp-block-column is-vertically-aligned-top is-layout-flow wp-block-column-is-layout-flow\">\n<h3 class=\"wp-block-heading\">WHG<\/h3>\n\n\n\n<p>Certified Quality:&nbsp;<\/p>\n\n\n\n<p>Our company holds the certificate according to the Water Resources Act (WHG), demonstrating our expertise and commitment to the highest standards in the safe handling and sealing of oil containment trays.&nbsp;<\/p>\n\n\n\n<p>Trust our competence for environmentally friendly and legally compliant solutions.&nbsp;<\/p>\n<\/div>\n\n\n\n<div class=\"wp-block-column is-vertically-aligned-top is-layout-flow wp-block-column-is-layout-flow\">\n<figure class=\"wp-block-image size-large is-resized\"><img loading=\"lazy\" decoding=\"async\" width=\"723\" height=\"1024\" src=\"https:\/\/pfalztrafo.de\/wp-content\/uploads\/2025\/09\/WHG-2023-2025-1-723x1024.jpg\" alt=\"\" class=\"wp-image-1222\" style=\"width:347px;height:auto\" srcset=\"https:\/\/pfalztrafo.de\/wp-content\/uploads\/2025\/09\/WHG-2023-2025-1-723x1024.jpg 723w, https:\/\/pfalztrafo.de\/wp-content\/uploads\/2025\/09\/WHG-2023-2025-1-212x300.jpg 212w, https:\/\/pfalztrafo.de\/wp-content\/uploads\/2025\/09\/WHG-2023-2025-1-768x1087.jpg 768w, https:\/\/pfalztrafo.de\/wp-content\/uploads\/2025\/09\/WHG-2023-2025-1-1085x1536.jpg 1085w, https:\/\/pfalztrafo.de\/wp-content\/uploads\/2025\/09\/WHG-2023-2025-1-8x12.jpg 8w, https:\/\/pfalztrafo.de\/wp-content\/uploads\/2025\/09\/WHG-2023-2025-1.jpg 1239w\" sizes=\"auto, (max-width: 723px) 100vw, 723px\" \/><\/figure>\n<\/div>\n<\/div>\n<\/div>\n\n\n\n<div class=\"wp-block-group alignfull has-primary-background-color has-background has-global-padding is-layout-constrained wp-container-core-group-is-layout-7276a2bb wp-block-group-is-layout-constrained\" style=\"margin-top:0;margin-bottom:0;padding-top:var(--wp--preset--spacing--60);padding-right:var(--wp--preset--spacing--30);padding-bottom:var(--wp--preset--spacing--60);padding-left:var(--wp--preset--spacing--30)\">\n<div class=\"wp-block-columns alignwide are-vertically-aligned-top is-layout-flex wp-container-core-columns-is-layout-08c01c1c wp-block-columns-is-layout-flex\">\n<div class=\"wp-block-column is-vertically-aligned-top is-layout-flow wp-block-column-is-layout-flow\">\n<h3 class=\"wp-block-heading\">Permit for Handling Hazardous Waste<\/h3>\n\n\n\n<p>The permit for handling hazardous waste applies to collectors, transporters, traders, and brokers operating in this field.<\/p>\n\n\n\n<p>This permit regulates and monitors the safe handling, transport, and trade of hazardous waste in accordance with the relevant regulations and environmental standards. <\/p>\n<\/div>\n\n\n\n<div class=\"wp-block-column is-vertically-aligned-top is-layout-flow wp-block-column-is-layout-flow\">\n<figure class=\"wp-block-image size-large is-resized\"><img loading=\"lazy\" decoding=\"async\" width=\"671\" height=\"1024\" src=\"https:\/\/pfalztrafo.de\/wp-content\/uploads\/2025\/09\/Erlaubnis-zum-Sammeln-von-Abfall_Seite_1-1-671x1024.jpg\" alt=\"\" class=\"wp-image-1225\" style=\"width:347px;height:auto\" srcset=\"https:\/\/pfalztrafo.de\/wp-content\/uploads\/2025\/09\/Erlaubnis-zum-Sammeln-von-Abfall_Seite_1-1-671x1024.jpg 671w, https:\/\/pfalztrafo.de\/wp-content\/uploads\/2025\/09\/Erlaubnis-zum-Sammeln-von-Abfall_Seite_1-1-197x300.jpg 197w, https:\/\/pfalztrafo.de\/wp-content\/uploads\/2025\/09\/Erlaubnis-zum-Sammeln-von-Abfall_Seite_1-1-768x1171.jpg 768w, https:\/\/pfalztrafo.de\/wp-content\/uploads\/2025\/09\/Erlaubnis-zum-Sammeln-von-Abfall_Seite_1-1-1007x1536.jpg 1007w, https:\/\/pfalztrafo.de\/wp-content\/uploads\/2025\/09\/Erlaubnis-zum-Sammeln-von-Abfall_Seite_1-1-8x12.jpg 8w, https:\/\/pfalztrafo.de\/wp-content\/uploads\/2025\/09\/Erlaubnis-zum-Sammeln-von-Abfall_Seite_1-1.jpg 1150w\" sizes=\"auto, (max-width: 671px) 100vw, 671px\" \/><\/figure>\n<\/div>\n<\/div>\n<\/div>\n\n\n\n<div class=\"wp-block-group alignfull has-background-background-color has-background has-global-padding is-layout-constrained wp-container-core-group-is-layout-7276a2bb wp-block-group-is-layout-constrained\" style=\"margin-top:0;margin-bottom:0;padding-top:var(--wp--preset--spacing--60);padding-right:var(--wp--preset--spacing--30);padding-bottom:var(--wp--preset--spacing--60);padding-left:var(--wp--preset--spacing--30)\">\n<div class=\"wp-block-columns alignwide are-vertically-aligned-top is-layout-flex wp-container-core-columns-is-layout-08c01c1c wp-block-columns-is-layout-flex\">\n<div class=\"wp-block-column is-vertically-aligned-top is-layout-flow wp-block-column-is-layout-flow\">\n<h3 class=\"wp-block-heading\">SF6 ReUse<\/h3>\n\n\n\n<p>We are qualified to use equipment for filling, emptying, and analyzing SF\u2086 gases to ensure safe handling in the electricity industry.<br><br>Our company holds the required certification and is therefore authorized to safely handle sulfur hexafluoride (SF\u2086) with appropriate equipment \u2013 especially in high-voltage installations.<\/p>\n<\/div>\n\n\n\n<div class=\"wp-block-column is-vertically-aligned-top is-layout-flow wp-block-column-is-layout-flow\">\n<figure class=\"wp-block-image size-large is-resized\"><img loading=\"lazy\" decoding=\"async\" width=\"807\" height=\"1024\" src=\"https:\/\/pfalztrafo.de\/wp-content\/uploads\/2025\/09\/Manfred-Foellinger-SF6-1-807x1024.jpg\" alt=\"\" class=\"wp-image-1226\" style=\"width:377px;height:auto\" srcset=\"https:\/\/pfalztrafo.de\/wp-content\/uploads\/2025\/09\/Manfred-Foellinger-SF6-1-807x1024.jpg 807w, https:\/\/pfalztrafo.de\/wp-content\/uploads\/2025\/09\/Manfred-Foellinger-SF6-1-236x300.jpg 236w, https:\/\/pfalztrafo.de\/wp-content\/uploads\/2025\/09\/Manfred-Foellinger-SF6-1-768x974.jpg 768w, https:\/\/pfalztrafo.de\/wp-content\/uploads\/2025\/09\/Manfred-Foellinger-SF6-1-9x12.jpg 9w, https:\/\/pfalztrafo.de\/wp-content\/uploads\/2025\/09\/Manfred-Foellinger-SF6-1.jpg 1060w\" sizes=\"auto, (max-width: 807px) 100vw, 807px\" \/><\/figure>\n<\/div>\n<\/div>\n<\/div>","protected":false},"excerpt":{"rendered":"<p>Zertifikate WHG Zertifizierte Qualit\u00e4t:&nbsp; Unser Unternehmen verf\u00fcgt \u00fcber das Zertifikat nach dem Wasserhaushaltsgesetz (WHG), was unsere Expertise und Verpflichtung zu h\u00f6chsten Standards in der sicheren Handhabung und Abdichtung von \u00d6lauffangwannen belegt.&nbsp; Vertrauen Sie auf unsere Kompetenz f\u00fcr umweltfreundliche und gesetzeskonforme L\u00f6sungen.&nbsp; Erlaubnis f\u00fcr Umgang mit gef\u00e4hrlichen Abf\u00e4llen Die Erlaubnis f\u00fcr den Umgang mit gef\u00e4hrlichen Abf\u00e4llen [&hellip;]<\/p>\n","protected":false},"author":4,"featured_media":0,"parent":13,"menu_order":0,"comment_status":"closed","ping_status":"closed","template":"wp-custom-template-service","meta":{"footnotes":""},"class_list":["post-103","page","type-page","status-publish","hentry"],"aioseo_notices":[],"_links":{"self":[{"href":"https:\/\/pfalztrafo.de\/en\/wp-json\/wp\/v2\/pages\/103","targetHints":{"allow":["GET"]}}],"collection":[{"href":"https:\/\/pfalztrafo.de\/en\/wp-json\/wp\/v2\/pages"}],"about":[{"href":"https:\/\/pfalztrafo.de\/en\/wp-json\/wp\/v2\/types\/page"}],"author":[{"embeddable":true,"href":"https:\/\/pfalztrafo.de\/en\/wp-json\/wp\/v2\/users\/4"}],"replies":[{"embeddable":true,"href":"https:\/\/pfalztrafo.de\/en\/wp-json\/wp\/v2\/comments?post=103"}],"version-history":[{"count":9,"href":"https:\/\/pfalztrafo.de\/en\/wp-json\/wp\/v2\/pages\/103\/revisions"}],"predecessor-version":[{"id":1227,"href":"https:\/\/pfalztrafo.de\/en\/wp-json\/wp\/v2\/pages\/103\/revisions\/1227"}],"up":[{"embeddable":true,"href":"https:\/\/pfalztrafo.de\/en\/wp-json\/wp\/v2\/pages\/13"}],"wp:attachment":[{"href":"https:\/\/pfalztrafo.de\/en\/wp-json\/wp\/v2\/media?parent=103"}],"curies":[{"name":"wp","href":"https:\/\/api.w.org\/{rel}","templated":true}]}}