{"id":110,"date":"2024-11-10T11:57:59","date_gmt":"2024-11-10T11:57:59","guid":{"rendered":"https:\/\/pfalztrafo.de\/?page_id=110"},"modified":"2026-03-26T05:57:03","modified_gmt":"2026-03-26T05:57:03","slug":"karriere","status":"publish","type":"page","link":"https:\/\/pfalztrafo.de\/en\/unternehmen\/karriere\/","title":{"rendered":"Careers"},"content":{"rendered":"<div class=\"wp-block-group alignfull has-background-background-color has-background has-global-padding is-layout-constrained wp-container-core-group-is-layout-6cc69d90 wp-block-group-is-layout-constrained\" style=\"margin-top:0;margin-bottom:0;padding-top:var(--wp--preset--spacing--30);padding-right:var(--wp--preset--spacing--30);padding-bottom:var(--wp--preset--spacing--30);padding-left:var(--wp--preset--spacing--30)\">\n<div class=\"wp-block-group alignwide is-layout-flow wp-block-group-is-layout-flow\">\n<h2 class=\"wp-block-heading has-text-align-center has-x-large-font-size\">Career opportunities at Pfalztrafo<\/h2>\n\n\n\n<p style=\"margin-top:16px\">We are a leading company in electrical power engineering, specializing in the maintenance and servicing of transformers and energy systems. Our expertise spans various industries, and we focus on quality, safety, and reliability.<\/p>\n\n\n\n<p>To strengthen our team, we are looking for motivated employees.<\/p>\n<\/div>\n\n\n\n<div class=\"wp-block-columns alignwide is-layout-flex wp-container-core-columns-is-layout-87beb0d0 wp-block-columns-is-layout-flex\">\n<div class=\"wp-block-column is-layout-flow wp-container-core-column-is-layout-f5bb311e wp-block-column-is-layout-flow\">\n<div class=\"wp-block-group has-background has-global-padding is-layout-constrained wp-container-core-group-is-layout-3bcd2578 wp-block-group-is-layout-constrained\" style=\"background-color:#eaf2fd;padding-top:24px;padding-right:24px;padding-bottom:24px;padding-left:24px\">\n<div class=\"wp-block-columns is-layout-flex wp-container-core-columns-is-layout-28f84493 wp-block-columns-is-layout-flex\">\n<div class=\"wp-block-column is-layout-flow wp-block-column-is-layout-flow\" style=\"flex-basis:66.66%\">\n<h4 class=\"wp-block-heading has-medium-font-size\">Energy Systems Technician (m\/f\/d)<\/h4>\n\n\n\n<p class=\"has-small-font-size\" style=\"margin-top:8px\">For maintenance work on transformer stations<\/p>\n<\/div>\n\n\n\n<div class=\"wp-block-column is-layout-flow wp-block-column-is-layout-flow\" style=\"flex-basis:33.33%\">\n<div class=\"wp-block-buttons is-layout-flex wp-block-buttons-is-layout-flex\">\n<div class=\"wp-block-button\"><a class=\"wp-block-button__link has-background wp-element-button\" href=\"https:\/\/pfalztrafo.de\/en\/monteur\/\" style=\"background-color:#357cbd\">Learn More<\/a><\/div>\n<\/div>\n<\/div>\n<\/div>\n<\/div>\n<\/div>\n\n\n\n<div class=\"wp-block-column is-layout-flow wp-container-core-column-is-layout-f5bb311e wp-block-column-is-layout-flow\">\n<div class=\"wp-block-columns is-layout-flex wp-container-core-columns-is-layout-28f84493 wp-block-columns-is-layout-flex\">\n<div class=\"wp-block-column has-global-padding is-layout-constrained wp-block-column-is-layout-constrained\" style=\"flex-basis:100%\">\n<div class=\"wp-block-group has-tertiary-background-color has-background has-global-padding is-layout-constrained wp-container-core-group-is-layout-3bcd2578 wp-block-group-is-layout-constrained\" style=\"padding-top:24px;padding-right:24px;padding-bottom:24px;padding-left:24px\">\n<div class=\"wp-block-columns is-layout-flex wp-container-core-columns-is-layout-28f84493 wp-block-columns-is-layout-flex\">\n<div class=\"wp-block-column is-layout-flow wp-block-column-is-layout-flow\" style=\"flex-basis:66.66%\">\n<h4 class=\"wp-block-heading has-medium-font-size\">Clerk (m\/f\/d)<\/h4>\n\n\n\n<p class=\"has-small-font-size\" style=\"margin-top:8px\">Focus: Accounting<\/p>\n<\/div>\n\n\n\n<div class=\"wp-block-column is-layout-flow wp-block-column-is-layout-flow\" style=\"flex-basis:33.33%\">\n<p class=\"has-text-align-center\"><em>Aktuell keine offene Stelle<\/em><\/p>\n<\/div>\n<\/div>\n<\/div>\n<\/div>\n<\/div>\n<\/div>\n<\/div>\n<\/div>","protected":false},"excerpt":{"rendered":"<p>Karrierechancen bei Pfalztrafo Wir sind ein f\u00fchrendes Unternehmen in der Elektroenergietechnik, spezialisiert auf die Wartung und Instandhaltung von Transformatoren und Energieanlagen. Unsere Expertise erstreckt sich \u00fcber verschiedene Branchen, und wir setzen auf Qualit\u00e4t, Sicherheit und Zuverl\u00e4ssigkeit. Zur Verst\u00e4rkung unseres Teams suchen wir motivierte Mitarbeiter. Energieanlagen-Monteur\/in (m\/w\/d) f\u00fcr Wartungsarbeiten an Trafo-Stationen Sachbearbeiter\/in (m\/w\/d) Schwerpunkt: Rechnungswesen Aktuell [&hellip;]<\/p>\n","protected":false},"author":4,"featured_media":0,"parent":14,"menu_order":0,"comment_status":"closed","ping_status":"closed","template":"wp-custom-template-allgemein","meta":{"footnotes":""},"class_list":["post-110","page","type-page","status-publish","hentry"],"aioseo_notices":[],"_links":{"self":[{"href":"https:\/\/pfalztrafo.de\/en\/wp-json\/wp\/v2\/pages\/110","targetHints":{"allow":["GET"]}}],"collection":[{"href":"https:\/\/pfalztrafo.de\/en\/wp-json\/wp\/v2\/pages"}],"about":[{"href":"https:\/\/pfalztrafo.de\/en\/wp-json\/wp\/v2\/types\/page"}],"author":[{"embeddable":true,"href":"https:\/\/pfalztrafo.de\/en\/wp-json\/wp\/v2\/users\/4"}],"replies":[{"embeddable":true,"href":"https:\/\/pfalztrafo.de\/en\/wp-json\/wp\/v2\/comments?post=110"}],"version-history":[{"count":10,"href":"https:\/\/pfalztrafo.de\/en\/wp-json\/wp\/v2\/pages\/110\/revisions"}],"predecessor-version":[{"id":1337,"href":"https:\/\/pfalztrafo.de\/en\/wp-json\/wp\/v2\/pages\/110\/revisions\/1337"}],"up":[{"embeddable":true,"href":"https:\/\/pfalztrafo.de\/en\/wp-json\/wp\/v2\/pages\/14"}],"wp:attachment":[{"href":"https:\/\/pfalztrafo.de\/en\/wp-json\/wp\/v2\/media?parent=110"}],"curies":[{"name":"wp","href":"https:\/\/api.w.org\/{rel}","templated":true}]}}