{"id":13,"date":"2024-11-09T11:59:05","date_gmt":"2024-11-09T11:59:05","guid":{"rendered":"https:\/\/pfalztrafo.de\/dienstleistungen\/"},"modified":"2025-09-06T23:11:49","modified_gmt":"2025-09-06T23:11:49","slug":"service","status":"publish","type":"page","link":"https:\/\/pfalztrafo.de\/en\/service\/","title":{"rendered":"Service"},"content":{"rendered":"<div class=\"wp-block-group alignfull has-background-background-color has-background has-global-padding is-layout-constrained wp-block-group-is-layout-constrained\" style=\"margin-top:0;margin-bottom:0;padding-top:0;padding-bottom:0\">\n<div class=\"wp-block-cover alignfull\" style=\"padding-top:0;padding-right:0;padding-bottom:0;padding-left:0;min-height:191px;aspect-ratio:unset;\"><img loading=\"lazy\" decoding=\"async\" width=\"1024\" height=\"683\" class=\"wp-block-cover__image-background wp-image-874 size-large\" alt=\"Elektrische Anschl\u00fcsse eines Transformators \u2013 Detailansicht f\u00fcr Wartung\" src=\"https:\/\/pfalztrafo.de\/wp-content\/uploads\/2025\/08\/ChatGPT-Image-24.-Aug.-2025-16_02_33-1024x683.png\" data-object-fit=\"cover\" srcset=\"https:\/\/pfalztrafo.de\/wp-content\/uploads\/2025\/08\/ChatGPT-Image-24.-Aug.-2025-16_02_33-1024x683.png 1024w, https:\/\/pfalztrafo.de\/wp-content\/uploads\/2025\/08\/ChatGPT-Image-24.-Aug.-2025-16_02_33-300x200.png 300w, https:\/\/pfalztrafo.de\/wp-content\/uploads\/2025\/08\/ChatGPT-Image-24.-Aug.-2025-16_02_33-768x512.png 768w, https:\/\/pfalztrafo.de\/wp-content\/uploads\/2025\/08\/ChatGPT-Image-24.-Aug.-2025-16_02_33-18x12.png 18w, https:\/\/pfalztrafo.de\/wp-content\/uploads\/2025\/08\/ChatGPT-Image-24.-Aug.-2025-16_02_33.png 1536w\" sizes=\"auto, (max-width: 1024px) 100vw, 1024px\" \/><span aria-hidden=\"true\" class=\"wp-block-cover__background has-black-background-color has-background-dim-60 has-background-dim\"><\/span><div class=\"wp-block-cover__inner-container is-layout-flow wp-block-cover-is-layout-flow\">\n<div class=\"wp-block-group has-global-padding is-content-justification-center is-layout-constrained wp-container-core-group-is-layout-b09db80c wp-block-group-is-layout-constrained\" style=\"border-style:none;border-width:0px;border-radius:0px;min-height:0px;margin-top:0;margin-bottom:0;padding-top:var(--wp--preset--spacing--40);padding-right:var(--wp--preset--spacing--30);padding-bottom:var(--wp--preset--spacing--40);padding-left:var(--wp--preset--spacing--30)\">\n<h1 class=\"wp-block-heading alignfull has-text-align-center has-text-color has-x-large-font-size\" style=\"color:#fffffffc\">Transformer Service &amp; Maintenance<\/h1>\n<\/div>\n<\/div><\/div>\n<\/div>\n\n\n\n<div class=\"wp-block-group alignfull has-background-background-color has-background has-global-padding is-layout-constrained wp-container-core-group-is-layout-87b22ab7 wp-block-group-is-layout-constrained\" style=\"margin-top:0;margin-bottom:0;padding-top:var(--wp--preset--spacing--40);padding-right:var(--wp--preset--spacing--30);padding-bottom:var(--wp--preset--spacing--40);padding-left:var(--wp--preset--spacing--30)\">\n<div class=\"wp-block-group alignwide is-layout-flow wp-block-group-is-layout-flow\">\n<h2 class=\"wp-block-heading has-text-align-center\">Welcome to Pfalztrafo F\u00f6llinger GmbH<\/h2>\n\n\n\n<h3 class=\"wp-block-heading has-text-align-center\">Your Partner for Service, Maintenance &amp; Repair of Transformers<\/h3>\n\n\n\n<p class=\"has-text-align-center translation-block\" style=\"margin-top:16px\">Our service team provides professional maintenance, refurbishment, and repair of transformers.<br>With over 25 years of experience, we ensure reliable operation and efficient solutions \u2013 on-site and tailored to your systems.<\/p>\n\n\n\n<p class=\"has-text-align-center\" style=\"margin-top:16px\">Our core services include maintenance, refurbishment, oil analysis, and reliable on-site troubleshooting.<\/p>\n<\/div>\n\n\n\n<div class=\"wp-block-group alignwide has-background is-content-justification-left is-layout-flex wp-container-core-group-is-layout-6856a4d0 wp-block-group-is-layout-flex\" style=\"border-radius:4px;background-color:#eaf2fd;padding-top:0;padding-right:0;padding-bottom:0;padding-left:0\">\n<div class=\"wp-block-cover is-light wp-container-content-1559d078\" style=\"padding-right:var(--wp--preset--spacing--80);padding-left:var(--wp--preset--spacing--80);min-height:92px;aspect-ratio:unset;\"><img loading=\"lazy\" decoding=\"async\" width=\"831\" height=\"1024\" class=\"wp-block-cover__image-background wp-image-260 size-large\" alt=\"Elektriker bei Wartungsarbeiten an Transformator-Anschl\u00fcssen\" src=\"https:\/\/pfalztrafo.de\/wp-content\/uploads\/slider3\/11-831x1024.jpeg\" data-object-fit=\"cover\" srcset=\"https:\/\/pfalztrafo.de\/wp-content\/uploads\/slider3\/11-831x1024.jpeg 831w, https:\/\/pfalztrafo.de\/wp-content\/uploads\/slider3\/11-243x300.jpeg 243w, https:\/\/pfalztrafo.de\/wp-content\/uploads\/slider3\/11-768x947.jpeg 768w, https:\/\/pfalztrafo.de\/wp-content\/uploads\/slider3\/11-1246x1536.jpeg 1246w, https:\/\/pfalztrafo.de\/wp-content\/uploads\/slider3\/11-1661x2048.jpeg 1661w\" sizes=\"auto, (max-width: 831px) 100vw, 831px\" \/><span aria-hidden=\"true\" class=\"wp-block-cover__background has-background-dim-0 has-background-dim\" style=\"background-color:#8d8983\"><\/span><div class=\"wp-block-cover__inner-container has-global-padding is-layout-constrained wp-container-core-cover-is-layout-caa2d89a wp-block-cover-is-layout-constrained\">\n<div style=\"height:200px;width:0px\" aria-hidden=\"true\" class=\"wp-block-spacer\"><\/div>\n<\/div><\/div>\n\n\n\n<div class=\"wp-block-group has-global-padding is-layout-constrained wp-block-group-is-layout-constrained\" style=\"padding-top:var(--wp--preset--spacing--40);padding-bottom:var(--wp--preset--spacing--40)\">\n<h3 class=\"wp-block-heading\" style=\"font-size:clamp(1.119rem, 1.119rem + ((1vw - 0.2rem) * 1.052), 1.75rem);line-height:1.5\">Maintenance &amp; Servicing<\/h3>\n\n\n\n<p class=\"has-text-align-left has-small-font-size\" style=\"margin-top:12px;padding-top:0;padding-right:0;padding-bottom:0;padding-left:0\">Optimize the performance of your transformers with our customized maintenance and servicing solutions. Minimize downtime and maximize the operational reliability of your systems.<br><\/p>\n<\/div>\n\n\n\n<div class=\"wp-block-buttons is-layout-flex wp-block-buttons-is-layout-flex\">\n<div class=\"wp-block-button has-custom-width wp-block-button__width-100 is-style-fill\"><a class=\"wp-block-button__link has-background wp-element-button\" href=\"https:\/\/pfalztrafo.de\/en\/leistungen\/wartung-instandhaltung\/\" style=\"background-color:#357cbd\">Learn More<\/a><\/div>\n<\/div>\n<\/div>\n\n\n\n<div class=\"wp-block-group alignwide has-background is-content-justification-left is-layout-flex wp-container-core-group-is-layout-6856a4d0 wp-block-group-is-layout-flex\" style=\"border-radius:4px;background-color:#eaf2fd;padding-top:0;padding-right:0;padding-bottom:0;padding-left:0\">\n<div class=\"wp-block-cover wp-container-content-1559d078\" style=\"padding-right:var(--wp--preset--spacing--80);padding-left:var(--wp--preset--spacing--80);min-height:100%;aspect-ratio:unset;\"><img loading=\"lazy\" decoding=\"async\" width=\"1024\" height=\"683\" class=\"wp-block-cover__image-background wp-image-1017 size-large\" alt=\"Ausgebaute Kupferspulen eines Transformators \u2013 Instandsetzung und Reparatur alter Transformatoren\" src=\"https:\/\/pfalztrafo.de\/wp-content\/uploads\/2025\/08\/schrott-1024x683.png\" data-object-fit=\"cover\" srcset=\"https:\/\/pfalztrafo.de\/wp-content\/uploads\/2025\/08\/schrott-1024x683.png 1024w, https:\/\/pfalztrafo.de\/wp-content\/uploads\/2025\/08\/schrott-300x200.png 300w, https:\/\/pfalztrafo.de\/wp-content\/uploads\/2025\/08\/schrott-768x512.png 768w, https:\/\/pfalztrafo.de\/wp-content\/uploads\/2025\/08\/schrott-18x12.png 18w, https:\/\/pfalztrafo.de\/wp-content\/uploads\/2025\/08\/schrott.png 1536w\" sizes=\"auto, (max-width: 1024px) 100vw, 1024px\" \/><span aria-hidden=\"true\" class=\"wp-block-cover__background has-background-dim-0 has-background-dim\" style=\"background-color:#82828c\"><\/span><div class=\"wp-block-cover__inner-container has-global-padding is-layout-constrained wp-container-core-cover-is-layout-caa2d89a wp-block-cover-is-layout-constrained\">\n<div style=\"height:200px;width:0px\" aria-hidden=\"true\" class=\"wp-block-spacer\"><\/div>\n<\/div><\/div>\n\n\n\n<div class=\"wp-block-group has-global-padding is-layout-constrained wp-block-group-is-layout-constrained\" style=\"padding-top:var(--wp--preset--spacing--40);padding-bottom:var(--wp--preset--spacing--40)\">\n<h3 class=\"wp-block-heading\" style=\"font-size:clamp(1.119rem, 1.119rem + ((1vw - 0.2rem) * 1.052), 1.75rem);line-height:1.5\">Disposal &amp; Recycling<\/h3>\n\n\n\n<p class=\"has-text-align-left has-small-font-size\" style=\"margin-top:12px;padding-top:0;padding-right:0;padding-bottom:0;padding-left:0\">Pfalztrafo offers eco-friendly solutions for the disposal and recycling of transformers. With tailored concepts, we ensure sustainable disposal and the recycling of valuable materials \u2013 a reliable partner for environmental protection and resource conservation.<\/p>\n<\/div>\n\n\n\n<div class=\"wp-block-buttons is-layout-flex wp-block-buttons-is-layout-flex\">\n<div class=\"wp-block-button has-custom-width wp-block-button__width-100 is-style-fill\"><a class=\"wp-block-button__link has-background wp-element-button\" href=\"https:\/\/pfalztrafo.de\/en\/leistungen\/entsorgung-verwertung\/\" style=\"background-color:#357cbd\">Learn More<\/a><\/div>\n<\/div>\n<\/div>\n\n\n\n<div class=\"wp-block-group alignwide has-background is-content-justification-left is-layout-flex wp-container-core-group-is-layout-6856a4d0 wp-block-group-is-layout-flex\" style=\"border-radius:4px;background-color:#eaf2fd;padding-top:0;padding-right:0;padding-bottom:0;padding-left:0\">\n<div class=\"wp-block-cover wp-container-content-1559d078\" style=\"padding-right:var(--wp--preset--spacing--80);padding-left:var(--wp--preset--spacing--80);min-height:100%;aspect-ratio:unset;\"><img loading=\"lazy\" decoding=\"async\" width=\"1024\" height=\"683\" class=\"wp-block-cover__image-background wp-image-1014 size-large\" alt=\"Servicetechniker pr\u00fcft Transformator im Au\u00dfeneinsatz \u2013 professionelle Diagnose und Wartung\" src=\"https:\/\/pfalztrafo.de\/wp-content\/uploads\/2025\/08\/Pruefung-1-1024x683.png\" data-object-fit=\"cover\" srcset=\"https:\/\/pfalztrafo.de\/wp-content\/uploads\/2025\/08\/Pruefung-1-1024x683.png 1024w, https:\/\/pfalztrafo.de\/wp-content\/uploads\/2025\/08\/Pruefung-1-300x200.png 300w, https:\/\/pfalztrafo.de\/wp-content\/uploads\/2025\/08\/Pruefung-1-768x512.png 768w, https:\/\/pfalztrafo.de\/wp-content\/uploads\/2025\/08\/Pruefung-1-18x12.png 18w, https:\/\/pfalztrafo.de\/wp-content\/uploads\/2025\/08\/Pruefung-1.png 1536w\" sizes=\"auto, (max-width: 1024px) 100vw, 1024px\" \/><span aria-hidden=\"true\" class=\"wp-block-cover__background has-background-dim-0 has-background-dim\" style=\"background-color:#858682\"><\/span><div class=\"wp-block-cover__inner-container has-global-padding is-layout-constrained wp-container-core-cover-is-layout-caa2d89a wp-block-cover-is-layout-constrained\">\n<div style=\"height:200px;width:0px\" aria-hidden=\"true\" class=\"wp-block-spacer\"><\/div>\n<\/div><\/div>\n\n\n\n<div class=\"wp-block-group has-global-padding is-layout-constrained wp-block-group-is-layout-constrained\" style=\"padding-top:var(--wp--preset--spacing--40);padding-bottom:var(--wp--preset--spacing--40)\">\n<h3 class=\"wp-block-heading\" style=\"font-size:clamp(1.119rem, 1.119rem + ((1vw - 0.2rem) * 1.052), 1.75rem);line-height:1.5\">Inspections<\/h3>\n\n\n\n<p class=\"has-text-align-left has-small-font-size\" style=\"margin-top:12px;padding-top:0;padding-right:0;padding-bottom:0;padding-left:0\">Learn more about our comprehensive testing solutions for transformers. Using state-of-the-art measurement technology and detailed expertise, we assess the condition of your transformer. Rely on our testing experts to ensure the reliability of your systems and maintain optimal operating conditions.<\/p>\n<\/div>\n\n\n\n<div class=\"wp-block-buttons is-layout-flex wp-block-buttons-is-layout-flex\">\n<div class=\"wp-block-button has-custom-width wp-block-button__width-100 is-style-fill\"><a class=\"wp-block-button__link has-background wp-element-button\" href=\"https:\/\/pfalztrafo.de\/en\/leistungen\/pruefungen\/\" style=\"background-color:#357cbd\">Learn More<\/a><\/div>\n<\/div>\n<\/div>\n\n\n\n<div class=\"wp-block-group alignwide has-background is-content-justification-left is-layout-flex wp-container-core-group-is-layout-6856a4d0 wp-block-group-is-layout-flex\" style=\"border-radius:4px;background-color:#eaf2fd;padding-top:0;padding-right:0;padding-bottom:0;padding-left:0\">\n<div class=\"wp-block-cover is-light wp-container-content-1559d078\" style=\"padding-right:var(--wp--preset--spacing--80);padding-left:var(--wp--preset--spacing--80);min-height:100%;aspect-ratio:unset;\"><img loading=\"lazy\" decoding=\"async\" width=\"1333\" height=\"928\" class=\"wp-block-cover__image-background wp-image-243\" alt=\"Sanierte \u00d6laufangwanne unter Transformatoranlage \u2013 Schutz vor \u00d6laustritt und Umweltbelastung\" src=\"https:\/\/pfalztrafo.de\/wp-content\/uploads\/2024\/11\/3-1.jpg\" data-object-fit=\"cover\" srcset=\"https:\/\/pfalztrafo.de\/wp-content\/uploads\/2024\/11\/3-1.jpg 1333w, https:\/\/pfalztrafo.de\/wp-content\/uploads\/2024\/11\/3-1-300x209.jpg 300w, https:\/\/pfalztrafo.de\/wp-content\/uploads\/2024\/11\/3-1-1024x713.jpg 1024w, https:\/\/pfalztrafo.de\/wp-content\/uploads\/2024\/11\/3-1-768x535.jpg 768w\" sizes=\"auto, (max-width: 1333px) 100vw, 1333px\" \/><span aria-hidden=\"true\" class=\"wp-block-cover__background has-background-dim-0 has-background-dim\" style=\"background-color:#8a8b7d\"><\/span><div class=\"wp-block-cover__inner-container has-global-padding is-layout-constrained wp-container-core-cover-is-layout-caa2d89a wp-block-cover-is-layout-constrained\">\n<div style=\"height:200px;width:0px\" aria-hidden=\"true\" class=\"wp-block-spacer\"><\/div>\n<\/div><\/div>\n\n\n\n<div class=\"wp-block-group has-global-padding is-layout-constrained wp-block-group-is-layout-constrained\" style=\"padding-top:var(--wp--preset--spacing--40);padding-bottom:var(--wp--preset--spacing--40)\">\n<h3 class=\"wp-block-heading\" style=\"font-size:clamp(1.119rem, 1.119rem + ((1vw - 0.2rem) * 1.052), 1.75rem);line-height:1.5\">Oil Containment Pits<\/h3>\n\n\n\n<p class=\"has-text-align-left has-small-font-size\" style=\"margin-top:12px;padding-top:0;padding-right:0;padding-bottom:0;padding-left:0\">Renovate your oil containment pits for effective environmental protection and safe working environments. Our innovative solutions provide reliable protection against oil leaks and simplify maintenance. Trust our oil containment pits to meet environmental regulations and ensure safe operations.&nbsp;<\/p>\n<\/div>\n\n\n\n<div class=\"wp-block-buttons is-layout-flex wp-block-buttons-is-layout-flex\">\n<div class=\"wp-block-button has-custom-width wp-block-button__width-100 is-style-fill\"><a class=\"wp-block-button__link has-background wp-element-button\" href=\"https:\/\/pfalztrafo.de\/en\/leistungen\/oelauffangwannen\/\" style=\"background-color:#357cbd\">Learn More<\/a><\/div>\n<\/div>\n<\/div>\n\n\n\n<div class=\"wp-block-group alignwide has-background is-content-justification-left is-layout-flex wp-container-core-group-is-layout-6856a4d0 wp-block-group-is-layout-flex\" style=\"border-radius:4px;background-color:#eaf2fd;padding-top:0;padding-right:0;padding-bottom:0;padding-left:0\">\n<div class=\"wp-block-cover is-light wp-container-content-1559d078\" style=\"padding-right:var(--wp--preset--spacing--80);padding-left:var(--wp--preset--spacing--80);min-height:100%;aspect-ratio:unset;\"><img loading=\"lazy\" decoding=\"async\" width=\"480\" height=\"278\" class=\"wp-block-cover__image-background wp-image-244\" alt=\"Offizielles Zertifikat \u2013 Nachweis f\u00fcr WHG-Zulassung und fachgerechten Umgang mit Transformator-\u00d6l und SF6\" src=\"https:\/\/pfalztrafo.de\/wp-content\/uploads\/2024\/11\/Papier.jpeg\" data-object-fit=\"cover\" srcset=\"https:\/\/pfalztrafo.de\/wp-content\/uploads\/2024\/11\/Papier.jpeg 480w, https:\/\/pfalztrafo.de\/wp-content\/uploads\/2024\/11\/Papier-300x174.jpeg 300w\" sizes=\"auto, (max-width: 480px) 100vw, 480px\" \/><span aria-hidden=\"true\" class=\"wp-block-cover__background has-background-dim-0 has-background-dim\" style=\"background-color:#dbe3ec\"><\/span><div class=\"wp-block-cover__inner-container has-global-padding is-layout-constrained wp-container-core-cover-is-layout-caa2d89a wp-block-cover-is-layout-constrained\">\n<div style=\"height:200px;width:0px\" aria-hidden=\"true\" class=\"wp-block-spacer\"><\/div>\n<\/div><\/div>\n\n\n\n<div class=\"wp-block-group has-global-padding is-layout-constrained wp-block-group-is-layout-constrained\" style=\"padding-top:var(--wp--preset--spacing--40);padding-bottom:var(--wp--preset--spacing--40)\">\n<h3 class=\"wp-block-heading\" style=\"font-size:clamp(1.119rem, 1.119rem + ((1vw - 0.2rem) * 1.052), 1.75rem);line-height:1.5\">Certificates<\/h3>\n\n\n\n<p class=\"has-text-align-left has-small-font-size\" style=\"margin-top:12px;padding-top:0;padding-right:0;padding-bottom:0;padding-left:0\">Safety and reliability are our top priorities. That\u2019s why we are WHG certified and authorized to handle hazardous waste and SF6 in a professional manner.<br><br><\/p>\n<\/div>\n\n\n\n<div class=\"wp-block-buttons is-layout-flex wp-block-buttons-is-layout-flex\">\n<div class=\"wp-block-button has-custom-width wp-block-button__width-100 is-style-fill\"><a class=\"wp-block-button__link has-background wp-element-button\" href=\"https:\/\/pfalztrafo.de\/en\/leistungen\/zertifikate\/\" style=\"background-color:#357cbd\">Learn More<\/a><\/div>\n<\/div>\n<\/div>\n<\/div>\n\n\n\n<div class=\"wp-block-group alignfull has-background-background-color has-background has-global-padding is-layout-constrained wp-container-core-group-is-layout-ea19b26c wp-block-group-is-layout-constrained\" style=\"margin-top:0;margin-bottom:0;padding-top:var(--wp--preset--spacing--20);padding-right:var(--wp--preset--spacing--30);padding-bottom:var(--wp--preset--spacing--20);padding-left:var(--wp--preset--spacing--30)\">\n<div class=\"wp-block-group alignwide is-layout-flow wp-block-group-is-layout-flow\">\n<h2 class=\"wp-block-heading has-text-align-center has-x-large-font-size\">Our Service Team<\/h2>\n\n\n\n<p class=\"has-text-align-center\" style=\"margin-top:16px\">Behind our success is a dedicated team of experienced professionals who stand by your side with expertise and passion. Together, we ensure that your transformers operate reliably and efficiently. If you have any questions or concerns, our team is happy to assist you \u2013 feel free to contact us directly!<\/p>\n<\/div>\n\n\n\n<div class=\"wp-block-columns alignwide is-layout-flex wp-container-core-columns-is-layout-e1fea541 wp-block-columns-is-layout-flex\" style=\"margin-top:var(--wp--preset--spacing--50)\">\n<div class=\"wp-block-column has-background is-layout-flow wp-block-column-is-layout-flow\" style=\"background-color:#eaf2fd\">\n<div class=\"wp-block-group has-global-padding is-layout-constrained wp-container-core-group-is-layout-b96b2e65 wp-block-group-is-layout-constrained\" style=\"padding-top:24px;padding-right:20px;padding-bottom:24px;padding-left:20px\">\n<h4 class=\"wp-block-heading has-text-align-center\" style=\"margin-top:20px;margin-left:0px;font-size:clamp(14px, 0.875rem + ((1vw - 3.2px) * 0.625), 20px);\">Tobias Heinig<\/h4>\n\n\n\n<p class=\"has-text-align-center has-secondary-color has-text-color has-link-color has-small-font-size wp-elements-5aaeeb003ebeb912d738c5bffc3f14d4\" style=\"margin-top:4px\">Managing Director<\/p>\n\n\n\n<p class=\"has-text-align-center has-small-font-size\" style=\"margin-top:12px\">Phone: <a href=\"tel:+4962365099415\" title=\"\">+49 6236 50994-1<\/a>5<\/p>\n\n\n\n<div class=\"wp-block-buttons is-content-justification-center is-layout-flex wp-container-core-buttons-is-layout-a89b3969 wp-block-buttons-is-layout-flex\">\n<div class=\"wp-block-button\"><a class=\"wp-block-button__link has-background has-text-align-center wp-element-button\" href=\"mailto:tobias.heinig@pfalztrafo.de?cc=vertrieb@pfalztrafo.de\" style=\"background-color:#357cbd\">Send E-mail<\/a><\/div>\n<\/div>\n<\/div>\n<\/div>\n\n\n\n<div class=\"wp-block-column has-background is-layout-flow wp-block-column-is-layout-flow\" style=\"background-color:#eaf2fd\">\n<div class=\"wp-block-group has-global-padding is-layout-constrained wp-container-core-group-is-layout-b96b2e65 wp-block-group-is-layout-constrained\" style=\"padding-top:24px;padding-right:20px;padding-bottom:24px;padding-left:20px\">\n<h4 class=\"wp-block-heading has-text-align-center\" style=\"margin-top:20px;margin-left:0px;font-size:clamp(14px, 0.875rem + ((1vw - 3.2px) * 0.625), 20px);\">Martina Wlodarczyk<\/h4>\n\n\n\n<p class=\"has-text-align-center has-secondary-color has-text-color has-link-color has-small-font-size wp-elements-52c5f15bb1c78bb31a91d807dfc55382\" style=\"margin-top:4px\">Disposition<\/p>\n\n\n\n<p class=\"has-text-align-center has-small-font-size\" style=\"margin-top:12px\">Phone: <a href=\"tel:+4962365099412\" title=\"\">+49 6236 50994-12<\/a><\/p>\n\n\n\n<div class=\"wp-block-buttons is-content-justification-center is-layout-flex wp-container-core-buttons-is-layout-a89b3969 wp-block-buttons-is-layout-flex\">\n<div class=\"wp-block-button\"><a class=\"wp-block-button__link has-background has-text-align-center wp-element-button\" href=\"mailto:martina.wlodarczyk@pfalztrafo.de?cc=vertrieb@pfalztrafo.de\" style=\"background-color:#357cbd\">Send E-mail<\/a><\/div>\n<\/div>\n<\/div>\n<\/div>\n\n\n\n<div class=\"wp-block-column has-background is-layout-flow wp-block-column-is-layout-flow\" style=\"background-color:#eaf2fd\">\n<div class=\"wp-block-group has-global-padding is-layout-constrained wp-container-core-group-is-layout-b96b2e65 wp-block-group-is-layout-constrained\" style=\"padding-top:24px;padding-right:20px;padding-bottom:24px;padding-left:20px\">\n<h4 class=\"wp-block-heading has-text-align-center\" style=\"margin-top:20px;font-size:clamp(14px, 0.875rem + ((1vw - 3.2px) * 0.625), 20px);\">Boris Brug<\/h4>\n\n\n\n<p class=\"has-text-align-center has-secondary-color has-text-color has-small-font-size\" style=\"margin-top:4px\">Disposition<\/p>\n\n\n\n<p class=\"has-text-align-center has-small-font-size\" style=\"margin-top:12px\">Phone: <a href=\"tel:+4962365099413\" title=\"\">+49 6236 50994-13<\/a><\/p>\n\n\n\n<div class=\"wp-block-buttons is-content-justification-center is-layout-flex wp-container-core-buttons-is-layout-a89b3969 wp-block-buttons-is-layout-flex\">\n<div class=\"wp-block-button\"><a class=\"wp-block-button__link has-background has-text-align-center wp-element-button\" href=\"mailto:boris.brug@pfalztrafo.de?cc=vertrieb@pfalztrafo.de\" style=\"background-color:#357cbd\">Send E-mail<\/a><\/div>\n<\/div>\n<\/div>\n<\/div>\n\n\n\n<div class=\"wp-block-column has-tertiary-background-color has-background is-layout-flow wp-block-column-is-layout-flow\">\n<div class=\"wp-block-group has-background has-global-padding is-layout-constrained wp-container-core-group-is-layout-b96b2e65 wp-block-group-is-layout-constrained\" style=\"background-color:#eaf2fd;padding-top:24px;padding-right:20px;padding-bottom:24px;padding-left:20px\">\n<h4 class=\"wp-block-heading has-text-align-center\" style=\"margin-top:20px;font-size:clamp(14px, 0.875rem + ((1vw - 3.2px) * 0.625), 20px);\">Markus Helbing<\/h4>\n\n\n\n<p class=\"has-text-align-center has-secondary-color has-text-color has-small-font-size\" style=\"margin-top:4px\">Accounting<\/p>\n\n\n\n<p class=\"has-text-align-center has-small-font-size\" style=\"margin-top:12px\">Phone: <a href=\"tel:+4962365099410\" title=\"\">+49 6236 50994-10<\/a><\/p>\n\n\n\n<div class=\"wp-block-buttons is-content-justification-center is-layout-flex wp-container-core-buttons-is-layout-a89b3969 wp-block-buttons-is-layout-flex\">\n<div class=\"wp-block-button\"><a class=\"wp-block-button__link has-background has-text-align-center wp-element-button\" href=\"mailto:markus.helbing@pfalztrafo.de?cc=vertrieb@pfalztrafo.de\" style=\"background-color:#357cbd\">Send E-mail<\/a><\/div>\n<\/div>\n<\/div>\n<\/div>\n<\/div>\n<\/div>\n\n\n\n<div class=\"wp-block-group alignfull has-background-background-color has-background has-global-padding is-layout-constrained wp-container-core-group-is-layout-d891ac45 wp-block-group-is-layout-constrained\" style=\"margin-top:0;margin-bottom:0;padding-top:var(--wp--preset--spacing--20);padding-right:var(--wp--preset--spacing--30);padding-bottom:var(--wp--preset--spacing--20);padding-left:var(--wp--preset--spacing--30)\">\n<h2 class=\"wp-block-heading has-text-align-center has-large-font-size\">Contact Us Today<\/h2>\n\n\n\n<p class=\"has-text-align-center\" style=\"margin-top:16px\">Our team is available to assist you \u2013 whether by phone or through our contact form. <\/p>\n\n\n\n<div class=\"wp-block-buttons is-content-justification-center is-layout-flex wp-container-core-buttons-is-layout-720bcce9 wp-block-buttons-is-layout-flex\">\n<div class=\"wp-block-button has-custom-width wp-block-button__width-50 is-style-fill\"><a class=\"wp-block-button__link has-background wp-element-button\" href=\"https:\/\/pfalztrafo.de\/en\/kontakt\/\" style=\"background-color:#357cbd\">Contact Now<\/a><\/div>\n<\/div>\n<\/div>","protected":false},"excerpt":{"rendered":"<p>Willkommen bei der Pfalztrafo F\u00f6llinger GmbH Ihr Partner f\u00fcr Service, Wartung &amp; Reparatur von Transformatoren Unser Service-Team bietet Ihnen professionelle Wartung, Instandsetzung und Reparatur von Transformatoren.Mit \u00fcber 25 Jahren Erfahrung sorgen wir f\u00fcr zuverl\u00e4ssigen Betrieb und effiziente L\u00f6sungen \u2013 vor Ort und individuell auf Ihre Anlagen abgestimmt. Unsere Hauptdienstleistungen umfassen Wartung, Instandsetzung, \u00d6l-Analysen und eine [&hellip;]<\/p>\n","protected":false},"author":4,"featured_media":0,"parent":0,"menu_order":0,"comment_status":"closed","ping_status":"closed","template":"wp-custom-template-service","meta":{"footnotes":""},"class_list":["post-13","page","type-page","status-publish","hentry"],"aioseo_notices":[],"_links":{"self":[{"href":"https:\/\/pfalztrafo.de\/en\/wp-json\/wp\/v2\/pages\/13","targetHints":{"allow":["GET"]}}],"collection":[{"href":"https:\/\/pfalztrafo.de\/en\/wp-json\/wp\/v2\/pages"}],"about":[{"href":"https:\/\/pfalztrafo.de\/en\/wp-json\/wp\/v2\/types\/page"}],"author":[{"embeddable":true,"href":"https:\/\/pfalztrafo.de\/en\/wp-json\/wp\/v2\/users\/4"}],"replies":[{"embeddable":true,"href":"https:\/\/pfalztrafo.de\/en\/wp-json\/wp\/v2\/comments?post=13"}],"version-history":[{"count":34,"href":"https:\/\/pfalztrafo.de\/en\/wp-json\/wp\/v2\/pages\/13\/revisions"}],"predecessor-version":[{"id":1301,"href":"https:\/\/pfalztrafo.de\/en\/wp-json\/wp\/v2\/pages\/13\/revisions\/1301"}],"wp:attachment":[{"href":"https:\/\/pfalztrafo.de\/en\/wp-json\/wp\/v2\/media?parent=13"}],"curies":[{"name":"wp","href":"https:\/\/api.w.org\/{rel}","templated":true}]}}