{"id":130,"date":"2024-11-10T12:03:23","date_gmt":"2024-11-10T12:03:23","guid":{"rendered":"https:\/\/pfalztrafo.de\/?page_id=130"},"modified":"2026-03-26T06:11:13","modified_gmt":"2026-03-26T06:11:13","slug":"monteur","status":"publish","type":"page","link":"https:\/\/pfalztrafo.de\/en\/monteur\/","title":{"rendered":"Monteur"},"content":{"rendered":"<div class=\"wp-block-group alignfull has-background-background-color has-background has-global-padding is-layout-constrained wp-container-core-group-is-layout-45a99e50 wp-block-group-is-layout-constrained\" style=\"margin-top:0;margin-bottom:0;padding-top:var(--wp--preset--spacing--30);padding-right:var(--wp--preset--spacing--30);padding-bottom:var(--wp--preset--spacing--30);padding-left:var(--wp--preset--spacing--30)\">\n<div class=\"wp-block-group alignwide is-layout-flow wp-block-group-is-layout-flow\">\n<h2 class=\"wp-block-heading has-large-font-size\"><strong>Servicemonteur (m\/w\/d) \u2013 Transformatoren &amp; Energieanlagen<\/strong><\/h2>\n\n\n\n<h2 class=\"wp-block-heading has-medium-font-size\"><strong>Main Responsibilities:<\/strong><\/h2>\n\n\n\n<ul class=\"wp-block-list\">\n<li>Wartung, Pr\u00fcfung und Instandsetzung von Transformatoren und Energieanlagen<\/li>\n\n\n\n<li>St\u00f6rungsanalyse und Reparatur direkt beim Kunden vor Ort<\/li>\n\n\n\n<li>Durchf\u00fchrung von pr\u00e4ventiven Instandhaltungsma\u00dfnahmen<\/li>\n\n\n\n<li>Mechanische Arbeiten (z. B. Montaget\u00e4tigkeiten, kleinere Schlosserarbeiten, Anpassungen vor Ort)<\/li>\n\n\n\n<li>Arbeiten an Trafostationen im Innen- und Au\u00dfeneinsatz<\/li>\n\n\n\n<li>Dokumentation der Eins\u00e4tze<br>\u00a0<\/li>\n<\/ul>\n\n\n\n<p><strong>Qualifications \/ Requirements:<\/strong><\/p>\n\n\n\n<ul class=\"wp-block-list\">\n<li>Abgeschlossene Ausbildung als Elektroniker, Elektriker, Mechatroniker oder vergleichbar<\/li>\n\n\n\n<li>Idealerweise Erfahrung im Bereich Energieanlagen oder Service<\/li>\n\n\n\n<li>Technisches Verst\u00e4ndnis und handwerkliches Geschick<\/li>\n\n\n\n<li>Selbstst\u00e4ndige Arbeitsweise und Teamf\u00e4higkeit<\/li>\n\n\n\n<li>F\u00fchrerschein Klasse B<br>\u00a0<\/li>\n<\/ul>\n\n\n\n<p><strong>Employment Benefits:<\/strong><\/p>\n\n\n\n<ul class=\"wp-block-list\">\n<li>Abwechslungsreiche Eins\u00e4tze bei unterschiedlichen Kunden und Anlagen<\/li>\n\n\n\n<li>Kombination aus Elektro- und praktischer Arbeit vor Ort<\/li>\n\n\n\n<li>Einsatz \u00fcberwiegend beim Kunden vor Ort<\/li>\n\n\n\n<li>Eigenverantwortliches Arbeiten im Team<\/li>\n\n\n\n<li>Moderne Arbeitsmittel<\/li>\n\n\n\n<li>Faire Bezahlung und langfristige Perspektive<br>\u00a0<\/li>\n<\/ul>\n\n\n\n<p style=\"margin-top:16px\">Bewerben Sie sich jetzt, indem Sie Ihre Unterlagen an die folgende E-Mail-Adresse senden:\u00a0<a href=\"mailto:bewerbung@pfalztrafo.de\" title=\"\">bewerbung@pfalztrafo.de<\/a>.<br>F\u00fcr R\u00fcckfragen stehen wir Ihnen gerne zur Verf\u00fcgung.<\/p>\n<\/div>\n<\/div>\n\n\n\n<p><\/p>","protected":false},"excerpt":{"rendered":"<p>Servicemonteur (m\/w\/d) \u2013 Transformatoren &amp; Energieanlagen Hauptaufgaben: Qualifikationen \/ Anforderungen: Leistungen der Anstellung: Bewerben Sie sich jetzt, indem Sie Ihre Unterlagen an die folgende E-Mail-Adresse senden:\u00a0bewerbung@pfalztrafo.de.F\u00fcr R\u00fcckfragen stehen wir Ihnen gerne zur Verf\u00fcgung.<\/p>","protected":false},"author":4,"featured_media":0,"parent":0,"menu_order":0,"comment_status":"closed","ping_status":"closed","template":"no-title","meta":{"footnotes":""},"class_list":["post-130","page","type-page","status-publish","hentry"],"aioseo_notices":[],"_links":{"self":[{"href":"https:\/\/pfalztrafo.de\/en\/wp-json\/wp\/v2\/pages\/130","targetHints":{"allow":["GET"]}}],"collection":[{"href":"https:\/\/pfalztrafo.de\/en\/wp-json\/wp\/v2\/pages"}],"about":[{"href":"https:\/\/pfalztrafo.de\/en\/wp-json\/wp\/v2\/types\/page"}],"author":[{"embeddable":true,"href":"https:\/\/pfalztrafo.de\/en\/wp-json\/wp\/v2\/users\/4"}],"replies":[{"embeddable":true,"href":"https:\/\/pfalztrafo.de\/en\/wp-json\/wp\/v2\/comments?post=130"}],"version-history":[{"count":7,"href":"https:\/\/pfalztrafo.de\/en\/wp-json\/wp\/v2\/pages\/130\/revisions"}],"predecessor-version":[{"id":1340,"href":"https:\/\/pfalztrafo.de\/en\/wp-json\/wp\/v2\/pages\/130\/revisions\/1340"}],"wp:attachment":[{"href":"https:\/\/pfalztrafo.de\/en\/wp-json\/wp\/v2\/media?parent=130"}],"curies":[{"name":"wp","href":"https:\/\/api.w.org\/{rel}","templated":true}]}}