{"id":132,"date":"2024-11-10T12:04:44","date_gmt":"2024-11-10T12:04:44","guid":{"rendered":"https:\/\/pfalztrafo.de\/?page_id=132"},"modified":"2026-04-22T20:27:21","modified_gmt":"2026-04-22T20:27:21","slug":"datenschutz-app","status":"publish","type":"page","link":"https:\/\/pfalztrafo.de\/en\/datenschutz-app\/","title":{"rendered":"Datenschutz App"},"content":{"rendered":"<div class=\"wp-block-group alignwide is-layout-flow wp-block-group-is-layout-flow\">\n<h2 class=\"wp-block-heading\">Datenschutzerkl\u00e4rung f\u00fcr die Pfalztrafo App<\/h2>\n\n\n\n<p>Wir, die Pfalztrafo GmbH, nehmen den Schutz Ihrer pers\u00f6nlichen Daten sehr ernst und behandeln Ihre personenbezogenen Daten vertraulich und entsprechend der gesetzlichen Datenschutzvorschriften sowie dieser Datenschutzerkl\u00e4rung.<\/p>\n\n\n\n<p><strong>&nbsp;1. Verantwortliche Stelle<\/strong><br>Verantwortlich f\u00fcr die Verarbeitung Ihrer Daten ist:<br>PFALZTRAFO F\u00f6llinger GmbH<br>Am Flo\u00dfbach 15<br>67112 Mutterstadt<br>Germany<br>E-Mail: <a href=\"mailto:info@pfalztrafo.de\">info@pfalztrafo.de<\/a><\/p>\n\n\n\n<p><strong>2. Erhebung und Speicherung personenbezogener Daten<\/strong><br>Unsere App erhebt und speichert personenbezogene Daten nur im notwendigen Umfang. Beim Anmelden und Verwenden der Pfalztrafo App werden folgende Daten erhoben und gespeichert:<\/p>\n\n\n\n<p>&#8211;&nbsp;<strong>Microsoft-Kontodaten<\/strong>: Zur Authentifizierung der Benutzer und zur sicheren Anmeldung wird das Microsoft-Konto des Mitarbeiters verwendet. Die Anmeldedaten (z. B. E-Mail-Adresse und Benutzername) werden gespeichert, um den Zugriff auf die App zu erm\u00f6glichen. Die App verwendet Microsoft Azure oder vergleichbare Dienste zur Authentifizierung und Speicherung der Daten.<br>&nbsp;<br>&#8211;&nbsp;<strong>Protokolldaten und Bilder<\/strong>: Die App dient zur Erstellung und Verwaltung von Trafo-Pr\u00fcfprotokollen und Bildern. Diese Daten werden zur weiteren Verarbeitung in SharePoint gespeichert und sind nur f\u00fcr berechtigte Mitarbeiter zug\u00e4nglich.<\/p>\n\n\n\n<p><strong>3. Zweck der Datenverarbeitung<\/strong><br>Die Pfalztrafo App verarbeitet die genannten Daten ausschlie\u00dflich zu folgenden Zwecken:<\/p>\n\n\n\n<p>&#8211; Sicherstellung einer ordnungsgem\u00e4\u00dfen Anmeldung und Authentifizierung der Mitarbeiter \u00fcber das Microsoft-Konto.<br>&#8211; Speichern und Verarbeiten von arbeitsbezogenen Daten, wie Trafo-Pr\u00fcfprotokollen und Bildern, um den Arbeitsablauf effizienter zu gestalten.<br>&#8211; Synchronisierung der Daten mit Microsoft SharePoint zur Speicherung und Verwaltung.<\/p>\n\n\n\n<p><strong>4. Weitergabe von Daten an Dritte<\/strong><br>Ihre personenbezogenen Daten werden nicht an Dritte weitergegeben, es sei denn, dies ist zur Erf\u00fcllung eines gesetzlichen Auftrags oder zur Durchf\u00fchrung der vertraglichen Pflichten erforderlich. Eine Weitergabe erfolgt nur an:<\/p>\n\n\n\n<p>&#8211;&nbsp;<strong>Microsoft<\/strong>: F\u00fcr die Authentifizierung und Speicherung von Daten \u00fcber SharePoint. Microsoft handelt hierbei als Auftragsverarbeiter gem\u00e4\u00df Art. 28 DSGVO.<\/p>\n\n\n\n<p><strong>5. Speicherung der Daten<\/strong><br>Die gespeicherten Daten werden nur so lange aufbewahrt, wie dies f\u00fcr die genannten Zwecke erforderlich ist. Die Microsoft-Kontodaten bleiben gespeichert, solange die App genutzt wird oder eine gesetzliche Aufbewahrungspflicht besteht.<\/p>\n\n\n\n<p><strong>6. Datensicherheit<\/strong><br>Wir setzen technische und organisatorische Sicherheitsma\u00dfnahmen ein, um Ihre Daten gegen Manipulation, Verlust, Zerst\u00f6rung oder gegen den unbefugten Zugriff Dritter zu sch\u00fctzen. Unsere Sicherheitsma\u00dfnahmen werden entsprechend der technologischen Entwicklung fortlaufend verbessert.<\/p>\n\n\n\n<p><strong>7. Rechte der betroffenen Personen<\/strong><br>Sie haben das Recht, jederzeit Auskunft \u00fcber die bei uns gespeicherten personenbezogenen Daten zu erhalten. Dar\u00fcber hinaus haben Sie das Recht auf Berichtigung, Sperrung oder L\u00f6schung dieser Daten, sofern keine gesetzlichen Aufbewahrungspflichten entgegenstehen.<\/p>\n\n\n\n<p>&#8211;&nbsp;<strong>Auskunft<\/strong>: Sie haben das Recht, jederzeit Auskunft \u00fcber Ihre bei uns gespeicherten Daten zu verlangen.<br>&#8211;&nbsp;<strong>L\u00f6schung<\/strong>: Sie k\u00f6nnen verlangen, dass wir Ihre Daten l\u00f6schen, sofern keine gesetzlichen Aufbewahrungspflichten bestehen.<br>&#8211;&nbsp;<strong>Berichtigung<\/strong>: Sollten Ihre Daten falsch sein, k\u00f6nnen Sie die Berichtigung der Daten verlangen.<br>&#8211;&nbsp;<strong>Widerruf der Einwilligung:<\/strong>&nbsp;Sie haben das Recht, eine einmal erteilte Einwilligung jederzeit zu widerrufen.<\/p>\n\n\n\n<p>Anfragen zu Ihren Rechten richten Sie bitte an: \u00a0<br>PFALZTRAFO F\u00f6llinger GmbH<br>E-Mail: <a href=\"mailto:info@pfalztrafo.de\">info@pfalztrafo.de<\/a><br>Tel.: \u00a0<a href=\"tel:+496234929390\">+49 6234 929390<\/a><\/p>\n\n\n\n<p><strong>8. \u00c4nderungen der Datenschutzerkl\u00e4rung<\/strong><br>Wir behalten uns das Recht vor, diese Datenschutzerkl\u00e4rung jederzeit zu \u00e4ndern, um sie an neue rechtliche Vorgaben oder \u00c4nderungen der App anzupassen.<\/p>\n<\/div>","protected":false},"excerpt":{"rendered":"<p>Datenschutzerkl\u00e4rung f\u00fcr die Pfalztrafo App Wir, die Pfalztrafo GmbH, nehmen den Schutz Ihrer pers\u00f6nlichen Daten sehr ernst und behandeln Ihre personenbezogenen Daten vertraulich und entsprechend der gesetzlichen Datenschutzvorschriften sowie dieser Datenschutzerkl\u00e4rung. &nbsp;1. Verantwortliche StelleVerantwortlich f\u00fcr die Verarbeitung Ihrer Daten ist:PFALZTRAFO F\u00f6llinger GmbHAm Flo\u00dfbach 1567112 MutterstadtDeutschlandE-Mail: info@pfalztrafo.de 2. Erhebung und Speicherung personenbezogener DatenUnsere App erhebt und [&hellip;]<\/p>\n","protected":false},"author":4,"featured_media":0,"parent":0,"menu_order":0,"comment_status":"closed","ping_status":"closed","template":"wp-custom-template-allgemein","meta":{"footnotes":""},"class_list":["post-132","page","type-page","status-publish","hentry"],"aioseo_notices":[],"_links":{"self":[{"href":"https:\/\/pfalztrafo.de\/en\/wp-json\/wp\/v2\/pages\/132","targetHints":{"allow":["GET"]}}],"collection":[{"href":"https:\/\/pfalztrafo.de\/en\/wp-json\/wp\/v2\/pages"}],"about":[{"href":"https:\/\/pfalztrafo.de\/en\/wp-json\/wp\/v2\/types\/page"}],"author":[{"embeddable":true,"href":"https:\/\/pfalztrafo.de\/en\/wp-json\/wp\/v2\/users\/4"}],"replies":[{"embeddable":true,"href":"https:\/\/pfalztrafo.de\/en\/wp-json\/wp\/v2\/comments?post=132"}],"version-history":[{"count":5,"href":"https:\/\/pfalztrafo.de\/en\/wp-json\/wp\/v2\/pages\/132\/revisions"}],"predecessor-version":[{"id":1362,"href":"https:\/\/pfalztrafo.de\/en\/wp-json\/wp\/v2\/pages\/132\/revisions\/1362"}],"wp:attachment":[{"href":"https:\/\/pfalztrafo.de\/en\/wp-json\/wp\/v2\/media?parent=132"}],"curies":[{"name":"wp","href":"https:\/\/api.w.org\/{rel}","templated":true}]}}