{"id":148,"date":"2024-11-10T12:51:59","date_gmt":"2024-11-10T12:51:59","guid":{"rendered":"https:\/\/pfalztrafo.de\/?page_id=148"},"modified":"2025-09-06T09:45:00","modified_gmt":"2025-09-06T09:45:00","slug":"ueber-uns","status":"publish","type":"page","link":"https:\/\/pfalztrafo.de\/en\/unternehmen\/ueber-uns\/","title":{"rendered":"About Us"},"content":{"rendered":"<div class=\"wp-block-group alignfull has-background-background-color has-background has-global-padding is-layout-constrained wp-container-core-group-is-layout-e03a9fa7 wp-block-group-is-layout-constrained\" style=\"margin-top:0;margin-bottom:0;padding-top:var(--wp--preset--spacing--20);padding-right:var(--wp--preset--spacing--30);padding-bottom:var(--wp--preset--spacing--20);padding-left:var(--wp--preset--spacing--30)\">\n<div class=\"wp-block-group alignwide is-layout-flow wp-block-group-is-layout-flow\">\n<h2 class=\"wp-block-heading has-text-align-center has-x-large-font-size\">About Us<\/h2>\n\n\n\n<p class=\"has-text-align-center\" style=\"margin-top:16px\">We focus exclusively on topics related to transformers. As a reliable partner in energy supply, we have been providing customized solutions and the highest quality standards for over 25 years. Our experienced team develops efficient and reliable solutions tailored to the individual needs of our customers.<\/p>\n<\/div>\n\n\n\n<div class=\"wp-block-columns alignwide is-layout-flex wp-container-core-columns-is-layout-87beb0d0 wp-block-columns-is-layout-flex\">\n<div class=\"wp-block-column has-tertiary-background-color has-background is-layout-flow wp-block-column-is-layout-flow\">\n<div class=\"wp-block-group has-background has-global-padding is-layout-constrained wp-container-core-group-is-layout-659b56d5 wp-block-group-is-layout-constrained\" style=\"background-color:#eaf2fd;padding-top:var(--wp--preset--spacing--30);padding-right:24px;padding-bottom:var(--wp--preset--spacing--30);padding-left:24px\">\n<h3 class=\"wp-block-heading has-text-align-center has-x-large-font-size\">28 years<\/h3>\n\n\n\n<h3 class=\"wp-block-heading has-text-align-center has-medium-font-size\" style=\"margin-top:16px\">Company age<\/h3>\n\n\n\n<p class=\"has-text-align-center has-small-font-size\" style=\"margin-top:8px\">For over 25 years, the company has been setting standards in transformer maintenance and service, reflecting its long-standing experience and expertise.<\/p>\n<\/div>\n<\/div>\n\n\n\n<div class=\"wp-block-column has-tertiary-background-color has-background is-layout-flow wp-block-column-is-layout-flow\">\n<div class=\"wp-block-group has-background has-global-padding is-layout-constrained wp-container-core-group-is-layout-659b56d5 wp-block-group-is-layout-constrained\" style=\"background-color:#eaf2fd;padding-top:var(--wp--preset--spacing--30);padding-right:24px;padding-bottom:var(--wp--preset--spacing--30);padding-left:24px\">\n<h3 class=\"wp-block-heading has-text-align-center has-x-large-font-size\">&gt; 2.600<\/h3>\n\n\n\n<h3 class=\"wp-block-heading has-text-align-center has-medium-font-size\" style=\"margin-top:16px\">Repair of Transformers<\/h3>\n\n\n\n<p class=\"has-text-align-center has-small-font-size\" style=\"margin-top:8px\">A total of more than 2,600 transformers have been successfully serviced and repaired. Our team ensures that the equipment operates efficiently and reliably.<\/p>\n<\/div>\n<\/div>\n\n\n\n<div class=\"wp-block-column has-tertiary-background-color has-background is-layout-flow wp-block-column-is-layout-flow\">\n<div class=\"wp-block-group has-background has-global-padding is-layout-constrained wp-container-core-group-is-layout-659b56d5 wp-block-group-is-layout-constrained\" style=\"background-color:#eaf2fd;padding-top:var(--wp--preset--spacing--30);padding-right:24px;padding-bottom:var(--wp--preset--spacing--30);padding-left:24px\">\n<h3 class=\"wp-block-heading has-text-align-center has-x-large-font-size\">150t per year<\/h3>\n\n\n\n<h3 class=\"wp-block-heading has-text-align-center has-medium-font-size\" style=\"margin-top:16px\">Disposal of Transformers<\/h3>\n\n\n\n<p class=\"has-text-align-center has-small-font-size\" style=\"margin-top:8px\">We dispose of up to 150 tons of transformers annually, ensuring environmentally friendly and legally compliant disposal practices.<\/p>\n<\/div>\n<\/div>\n<\/div>\n\n\n\n<div class=\"wp-block-columns alignwide is-layout-flex wp-container-core-columns-is-layout-87beb0d0 wp-block-columns-is-layout-flex\">\n<div class=\"wp-block-column has-background is-layout-flow wp-block-column-is-layout-flow\" style=\"background-color:#eaf2fd\">\n<div class=\"wp-block-group has-background has-global-padding is-layout-constrained wp-container-core-group-is-layout-659b56d5 wp-block-group-is-layout-constrained\" style=\"background-color:#eaf2fd;padding-top:var(--wp--preset--spacing--30);padding-right:24px;padding-bottom:var(--wp--preset--spacing--30);padding-left:24px\">\n<h3 class=\"wp-block-heading has-text-align-center has-x-large-font-size\">&gt; 3.500<\/h3>\n\n\n\n<h3 class=\"wp-block-heading has-text-align-center has-medium-font-size\" style=\"margin-top:16px\">Sealing of Oil Containment Pits<\/h3>\n\n\n\n<p class=\"has-text-align-center has-small-font-size\" style=\"margin-top:8px\">With over 3,500 sealed containment pits, we provide a sustainable solution that protects the environment and resources while reliably safeguarding your equipment.<\/p>\n<\/div>\n<\/div>\n\n\n\n<div class=\"wp-block-column has-tertiary-background-color has-background is-layout-flow wp-block-column-is-layout-flow\">\n<div class=\"wp-block-group has-background has-global-padding is-layout-constrained wp-container-core-group-is-layout-659b56d5 wp-block-group-is-layout-constrained\" style=\"background-color:#eaf2fd;padding-top:var(--wp--preset--spacing--30);padding-right:24px;padding-bottom:var(--wp--preset--spacing--30);padding-left:24px\">\n<h3 class=\"wp-block-heading has-text-align-center has-x-large-font-size\">22<\/h3>\n\n\n\n<h3 class=\"wp-block-heading has-text-align-center has-medium-font-size\" style=\"margin-top:16px\">Employees<\/h3>\n\n\n\n<p class=\"has-text-align-center has-small-font-size\" style=\"margin-top:8px\">Our team of 22 highly skilled employees is well-trained and dedicated to addressing your needs. We combine technical expertise with practical experience to provide tailored solutions.<\/p>\n<\/div>\n<\/div>\n\n\n\n<div class=\"wp-block-column has-background is-layout-flow wp-block-column-is-layout-flow\" style=\"background-color:#eaf2fd\">\n<div class=\"wp-block-group has-background has-global-padding is-layout-constrained wp-container-core-group-is-layout-659b56d5 wp-block-group-is-layout-constrained\" style=\"background-color:#eaf2fd;padding-top:var(--wp--preset--spacing--30);padding-right:24px;padding-bottom:var(--wp--preset--spacing--30);padding-left:24px\">\n<h3 class=\"wp-block-heading has-text-align-center has-x-large-font-size\">3000 m\u00b2<\/h3>\n\n\n\n<h3 class=\"wp-block-heading has-text-align-center has-medium-font-size\" style=\"margin-top:16px\">Storage Area<\/h3>\n\n\n\n<p class=\"has-text-align-center has-small-font-size\" style=\"margin-top:8px\">With 3,000 square meters of storage space, we offer ample room to keep a wide range of transformers and components in stock, ensuring short delivery times.<\/p>\n<\/div>\n<\/div>\n<\/div>\n<\/div>\n\n\n\n<div class=\"wp-block-group alignfull has-background-background-color has-background has-global-padding is-layout-constrained wp-container-core-group-is-layout-7276a2bb wp-block-group-is-layout-constrained\" style=\"margin-top:0;margin-bottom:0;padding-top:var(--wp--preset--spacing--60);padding-right:var(--wp--preset--spacing--30);padding-bottom:var(--wp--preset--spacing--60);padding-left:var(--wp--preset--spacing--30)\">\n<div class=\"wp-block-group alignwide has-global-padding is-content-justification-left is-layout-constrained wp-container-core-group-is-layout-27f0ab10 wp-block-group-is-layout-constrained\" style=\"margin-bottom:var(--wp--preset--spacing--30)\">\n<h2 class=\"wp-block-heading has-text-align-left has-large-font-size\">Milestones<\/h2>\n<\/div>\n\n\n\n<div class=\"wp-block-columns alignwide is-layout-flex wp-container-core-columns-is-layout-1da03c2a wp-block-columns-is-layout-flex\">\n<div class=\"wp-block-column is-layout-flow wp-block-column-is-layout-flow\">\n<p>\ud83d\udd37 1996: Founding of \u00d6ltrafo-Service F\u00f6llinger Insulating Oil Testing, Inspection of Work Safety Equipment<\/p>\n\n\n\n<p>\ud83d\udd37 2000: Collaboration with Sarnafil Schweiz AG for the development of oil containment pit sealing.<\/p>\n\n\n\n<p>\ud83d\udd37 2002: Rebranding of \u00d6ltrafo-Service F\u00f6llinger GmbH.<\/p>\n\n\n\n<p>\ud83d\udd37 2005: Relocation from Waldsee to Neuhofen, repair \/ maintenance of oil transformers, disposal of transformers.<\/p>\n\n\n\n<p>\ud83d\udd37 2009: Relocation from Neuhofen to Limburgerhof, ReUse of SF6 from transformers and switchgear, electrical testing of transformers.<\/p>\n\n\n\n<p>\ud83d\udd37 2015: Wet cleaning of cast resin transformers.<\/p>\n\n\n\n<p>\ud83d\udd37 2021: 25th anniversary of the company.&nbsp;<\/p>\n\n\n\n<p>\ud83d\udd37 2022: Sale of transformers.<br><br>\ud83d\udd37 2024: Founding of PFALZTRAFO Sales GmbH to strengthen transformer trading<br><br>\ud83d\udd37 2025: Relocation from Limburgerhof to Mutterstadt<br><\/p>\n<\/div>\n\n\n\n<div class=\"wp-block-column is-layout-flow wp-block-column-is-layout-flow\">\n<figure class=\"wp-block-image size-large\"><img loading=\"lazy\" decoding=\"async\" width=\"1024\" height=\"461\" src=\"https:\/\/pfalztrafo.de\/wp-content\/uploads\/2025\/09\/IMG_20250902_180609-1-1024x461.jpg\" alt=\"\" class=\"wp-image-1214\" srcset=\"https:\/\/pfalztrafo.de\/wp-content\/uploads\/2025\/09\/IMG_20250902_180609-1-1024x461.jpg 1024w, https:\/\/pfalztrafo.de\/wp-content\/uploads\/2025\/09\/IMG_20250902_180609-1-300x135.jpg 300w, https:\/\/pfalztrafo.de\/wp-content\/uploads\/2025\/09\/IMG_20250902_180609-1-768x346.jpg 768w, https:\/\/pfalztrafo.de\/wp-content\/uploads\/2025\/09\/IMG_20250902_180609-1-1536x691.jpg 1536w, https:\/\/pfalztrafo.de\/wp-content\/uploads\/2025\/09\/IMG_20250902_180609-1-2048x922.jpg 2048w, https:\/\/pfalztrafo.de\/wp-content\/uploads\/2025\/09\/IMG_20250902_180609-1-18x8.jpg 18w\" sizes=\"auto, (max-width: 1024px) 100vw, 1024px\" \/><\/figure>\n\n\n\n<figure class=\"wp-block-image size-large wp-duotone-unset-1\"><img loading=\"lazy\" decoding=\"async\" width=\"1024\" height=\"1018\" src=\"https:\/\/pfalztrafo.de\/wp-content\/uploads\/slider3\/Krane-1024x1018.jpeg\" alt=\"\" class=\"wp-image-262\" style=\"aspect-ratio:1;object-fit:cover\" srcset=\"https:\/\/pfalztrafo.de\/wp-content\/uploads\/slider3\/Krane-1024x1018.jpeg 1024w, https:\/\/pfalztrafo.de\/wp-content\/uploads\/slider3\/Krane-300x298.jpeg 300w, https:\/\/pfalztrafo.de\/wp-content\/uploads\/slider3\/Krane-150x150.jpeg 150w, https:\/\/pfalztrafo.de\/wp-content\/uploads\/slider3\/Krane-768x764.jpeg 768w, https:\/\/pfalztrafo.de\/wp-content\/uploads\/slider3\/Krane-1536x1527.jpeg 1536w, https:\/\/pfalztrafo.de\/wp-content\/uploads\/slider3\/Krane-2048x2037.jpeg 2048w\" sizes=\"auto, (max-width: 1024px) 100vw, 1024px\" \/><\/figure>\n<\/div>\n<\/div>\n<\/div>","protected":false},"excerpt":{"rendered":"<p>\u00dcber uns Wir konzentrieren uns ausschlie\u00dflich auf die Themen rund um Transformatoren. Als verl\u00e4sslicher Partner in der Energieversorgung, bieten wir seit mehr als 25 Jahren ma\u00dfgeschneiderte L\u00f6sungen und h\u00f6chste Qualit\u00e4tsstandards. Unser erfahrenes Team entwickelt effiziente und zuverl\u00e4ssige L\u00f6sungen, die den individuellen Anforderungen unserer Kunden gerecht werden. 28 Jahre Unternehmensalter Seit \u00fcber 25 Jahren setzt das [&hellip;]<\/p>\n","protected":false},"author":4,"featured_media":0,"parent":14,"menu_order":0,"comment_status":"closed","ping_status":"closed","template":"wp-custom-template-allgemein","meta":{"footnotes":""},"class_list":["post-148","page","type-page","status-publish","hentry"],"aioseo_notices":[],"_links":{"self":[{"href":"https:\/\/pfalztrafo.de\/en\/wp-json\/wp\/v2\/pages\/148","targetHints":{"allow":["GET"]}}],"collection":[{"href":"https:\/\/pfalztrafo.de\/en\/wp-json\/wp\/v2\/pages"}],"about":[{"href":"https:\/\/pfalztrafo.de\/en\/wp-json\/wp\/v2\/types\/page"}],"author":[{"embeddable":true,"href":"https:\/\/pfalztrafo.de\/en\/wp-json\/wp\/v2\/users\/4"}],"replies":[{"embeddable":true,"href":"https:\/\/pfalztrafo.de\/en\/wp-json\/wp\/v2\/comments?post=148"}],"version-history":[{"count":14,"href":"https:\/\/pfalztrafo.de\/en\/wp-json\/wp\/v2\/pages\/148\/revisions"}],"predecessor-version":[{"id":1261,"href":"https:\/\/pfalztrafo.de\/en\/wp-json\/wp\/v2\/pages\/148\/revisions\/1261"}],"up":[{"embeddable":true,"href":"https:\/\/pfalztrafo.de\/en\/wp-json\/wp\/v2\/pages\/14"}],"wp:attachment":[{"href":"https:\/\/pfalztrafo.de\/en\/wp-json\/wp\/v2\/media?parent=148"}],"curies":[{"name":"wp","href":"https:\/\/api.w.org\/{rel}","templated":true}]}}