{"id":15,"date":"2024-11-09T11:59:05","date_gmt":"2024-11-09T11:59:05","guid":{"rendered":"https:\/\/pfalztrafo.de\/team\/"},"modified":"2026-02-13T08:11:59","modified_gmt":"2026-02-13T08:11:59","slug":"team","status":"publish","type":"page","link":"https:\/\/pfalztrafo.de\/en\/unternehmen\/team\/","title":{"rendered":"Our Team"},"content":{"rendered":"<div class=\"wp-block-group alignfull has-background-background-color has-background has-global-padding is-layout-constrained wp-container-core-group-is-layout-ea19b26c wp-block-group-is-layout-constrained\" style=\"margin-top:0;margin-bottom:0;padding-top:var(--wp--preset--spacing--20);padding-right:var(--wp--preset--spacing--30);padding-bottom:var(--wp--preset--spacing--20);padding-left:var(--wp--preset--spacing--30)\">\n<div class=\"wp-block-group alignwide is-layout-flow wp-block-group-is-layout-flow\">\n<h2 class=\"wp-block-heading has-text-align-center has-x-large-font-size\">Our Pfalztrafo team<\/h2>\n\n\n\n<p class=\"has-text-align-center\" style=\"margin-top:16px\">Behind our success is a dedicated team of experienced professionals who stand by your side with expertise and passion. Together, we ensure that your transformers operate reliably and efficiently. If you have any questions or concerns, our team is happy to assist you \u2013 feel free to contact us directly!<\/p>\n<\/div>\n\n\n\n<div class=\"wp-block-columns alignwide is-layout-flex wp-container-core-columns-is-layout-e1fea541 wp-block-columns-is-layout-flex\" style=\"margin-top:var(--wp--preset--spacing--50)\">\n<div class=\"wp-block-column has-background is-layout-flow wp-block-column-is-layout-flow\" style=\"background-color:#eaf2fd\">\n<div class=\"wp-block-group has-global-padding is-layout-constrained wp-container-core-group-is-layout-3a02abfb wp-block-group-is-layout-constrained\" style=\"padding-top:20px;padding-right:20px;padding-bottom:20px;padding-left:20px\">\n<h4 class=\"wp-block-heading has-text-align-center\" style=\"margin-top:20px;font-size:clamp(14px, 0.875rem + ((1vw - 3.2px) * 0.625), 20px);\">Tobias Heinig<\/h4>\n\n\n\n<p class=\"has-text-align-center has-secondary-color has-text-color has-link-color has-small-font-size wp-elements-5aaeeb003ebeb912d738c5bffc3f14d4\" style=\"margin-top:4px\">Managing Director<\/p>\n\n\n\n<p class=\"has-text-align-center has-secondary-color has-text-color has-link-color has-small-font-size wp-elements-6c16498b4c77884f8b97df2857bccd62\" style=\"margin-top:4px\">Phone: <a href=\"tel:+4962365099415\" title=\"\">+49 6236 50994-15<\/a><\/p>\n\n\n\n<div class=\"wp-block-buttons is-content-justification-center is-layout-flex wp-container-core-buttons-is-layout-ed397771 wp-block-buttons-is-layout-flex\" style=\"padding-top:0;padding-bottom:0\">\n<div class=\"wp-block-button\"><a class=\"wp-block-button__link has-background has-text-align-center wp-element-button\" href=\"mailto:tobias.heinig@pfalztrafo.de?cc=vertrieb@pfalztrafo.de\" style=\"background-color:#357cbd;padding-top:0.8rem;padding-bottom:0.8rem\">Send E-mail<\/a><\/div>\n<\/div>\n<\/div>\n<\/div>\n\n\n\n<div class=\"wp-block-column has-background is-layout-flow wp-block-column-is-layout-flow\" style=\"background-color:#eaf2fd\">\n<div class=\"wp-block-group has-global-padding is-layout-constrained wp-container-core-group-is-layout-b96b2e65 wp-block-group-is-layout-constrained\" style=\"padding-top:24px;padding-right:20px;padding-bottom:24px;padding-left:20px\">\n<h4 class=\"wp-block-heading has-text-align-center\" style=\"margin-top:20px;font-size:clamp(14px, 0.875rem + ((1vw - 3.2px) * 0.625), 20px);\">Manfred F\u00f6llinger<\/h4>\n\n\n\n<p class=\"has-text-align-center has-secondary-color has-text-color has-link-color wp-elements-b5738eac37e08eba13aa509128e771ab\" style=\"margin-top:4px;font-size:clamp(0.875rem, 0.875rem + ((1vw - 0.2rem) * 0.208), 1rem);\">Managing Director<\/p>\n\n\n\n<p class=\"has-text-align-center has-secondary-color has-text-color has-link-color wp-elements-5e05b838324cec6690131aadb88fe7e5\" style=\"margin-top:4px;font-size:clamp(0.875rem, 0.875rem + ((1vw - 0.2rem) * 0.208), 1rem);\">Phone: <a href=\"tel:+4962365099426\" title=\"\">+49 6236 50994-26<\/a><\/p>\n\n\n\n<div class=\"wp-block-buttons is-content-justification-center is-layout-flex wp-container-core-buttons-is-layout-a89b3969 wp-block-buttons-is-layout-flex\">\n<div class=\"wp-block-button\"><a class=\"wp-block-button__link has-background has-text-align-center wp-element-button\" href=\"mailto:manfred.foellinger@pfalztrafo.de?cc=vertrieb@pfalztrafo.de\" style=\"background-color:#357cbd\">Send E-mail<\/a><\/div>\n<\/div>\n<\/div>\n<\/div>\n<\/div>\n\n\n\n<div class=\"wp-block-columns alignwide is-layout-flex wp-container-core-columns-is-layout-e1fea541 wp-block-columns-is-layout-flex\" style=\"margin-top:var(--wp--preset--spacing--50)\">\n<div class=\"wp-block-column has-background is-layout-flow wp-block-column-is-layout-flow\" style=\"background-color:#eaf2fd\">\n<div class=\"wp-block-group has-background has-global-padding is-layout-constrained wp-container-core-group-is-layout-b96b2e65 wp-block-group-is-layout-constrained\" style=\"background-color:#eaf2fd;padding-top:24px;padding-right:20px;padding-bottom:24px;padding-left:20px\">\n<h4 class=\"wp-block-heading has-text-align-center\" style=\"margin-top:20px;font-size:clamp(14px, 0.875rem + ((1vw - 3.2px) * 0.625), 20px);\">Markus Helbing<\/h4>\n\n\n\n<p class=\"has-text-align-center has-secondary-color has-text-color has-small-font-size\" style=\"margin-top:4px\">Accounting<\/p>\n\n\n\n<p class=\"has-text-align-center has-small-font-size\" style=\"margin-top:12px\">Phone: <a title=\"\" href=\"tel:+4962365099410\">+49 6236 50994-10<\/a><\/p>\n\n\n\n<div class=\"wp-block-buttons is-content-justification-center is-layout-flex wp-container-core-buttons-is-layout-a89b3969 wp-block-buttons-is-layout-flex\">\n<div class=\"wp-block-button\"><a class=\"wp-block-button__link has-background has-text-align-center wp-element-button\" href=\"mailto:markus.helbing@pfalztrafo.de?cc=vertrieb@pfalztrafo.de\" style=\"background-color:#357cbd\">Send E-mail<\/a><\/div>\n<\/div>\n<\/div>\n<\/div>\n\n\n\n<div class=\"wp-block-column has-background is-layout-flow wp-block-column-is-layout-flow\" style=\"background-color:#eaf2fd\">\n<div class=\"wp-block-group has-background has-global-padding is-layout-constrained wp-container-core-group-is-layout-b96b2e65 wp-block-group-is-layout-constrained\" style=\"background-color:#eaf2fd;padding-top:24px;padding-right:20px;padding-bottom:24px;padding-left:20px\">\n<h4 class=\"wp-block-heading has-text-align-center\" style=\"margin-top:20px;font-size:clamp(14px, 0.875rem + ((1vw - 3.2px) * 0.625), 20px);\">Manuela F\u00f6llinger<\/h4>\n\n\n\n<p class=\"has-text-align-center has-secondary-color has-text-color has-link-color has-small-font-size wp-elements-e36fcf56c2f8fb3d617ce39fc50ca535\" style=\"margin-top:4px\">Accounting<\/p>\n\n\n\n<p class=\"has-text-align-center has-small-font-size\" style=\"margin-top:12px\">Phone: <a title=\"\" href=\"tel:+4962365099416\">+49 6236 50994-16<\/a><\/p>\n\n\n\n<div class=\"wp-block-buttons is-content-justification-center is-layout-flex wp-container-core-buttons-is-layout-a89b3969 wp-block-buttons-is-layout-flex\">\n<div class=\"wp-block-button\"><a class=\"wp-block-button__link has-background has-text-align-center wp-element-button\" href=\"mailto:manuela.foellinger@pfalztrafo.de?cc=vertrieb@pfalztrafo.de\" style=\"background-color:#357cbd\">Send E-mail<\/a><\/div>\n<\/div>\n<\/div>\n<\/div>\n\n\n\n<div class=\"wp-block-column has-background is-layout-flow wp-block-column-is-layout-flow\" style=\"background-color:#eaf2fd\">\n<div class=\"wp-block-group has-global-padding is-layout-constrained wp-container-core-group-is-layout-b96b2e65 wp-block-group-is-layout-constrained\" style=\"padding-top:24px;padding-right:20px;padding-bottom:24px;padding-left:20px\">\n<h4 class=\"wp-block-heading has-text-align-center\" style=\"margin-top:20px;font-size:clamp(14px, 0.875rem + ((1vw - 3.2px) * 0.625), 20px);\">Florian Senz<\/h4>\n\n\n\n<p class=\"has-text-align-center has-secondary-color has-text-color has-link-color has-small-font-size wp-elements-85062b5a66eb93988f0b5aba07f42d26\" style=\"margin-top:4px\">Sales<\/p>\n\n\n\n<p class=\"has-text-align-center has-small-font-size\" style=\"margin-top:12px\">Phone: <a title=\"\" href=\"tel:+4962365099414\">+49 6236 50994-14<\/a><\/p>\n\n\n\n<div class=\"wp-block-buttons is-content-justification-center is-layout-flex wp-container-core-buttons-is-layout-a89b3969 wp-block-buttons-is-layout-flex\">\n<div class=\"wp-block-button\"><a class=\"wp-block-button__link has-background has-text-align-center wp-element-button\" href=\"mailto:florian.senz@pfalztrafo.de?cc=vertrieb@pfalztrafo.de\" style=\"background-color:#357cbd\">Send E-mail<\/a><\/div>\n<\/div>\n<\/div>\n<\/div>\n\n\n\n<div class=\"wp-block-column has-background is-layout-flow wp-block-column-is-layout-flow\" style=\"background-color:#eaf2fd\">\n<div class=\"wp-block-group has-global-padding is-layout-constrained wp-container-core-group-is-layout-b96b2e65 wp-block-group-is-layout-constrained\" style=\"padding-top:24px;padding-right:20px;padding-bottom:24px;padding-left:20px\">\n<h4 class=\"wp-block-heading has-text-align-center\" style=\"margin-top:20px;font-size:clamp(14px, 0.875rem + ((1vw - 3.2px) * 0.625), 20px);\">Mira Pandolfi<\/h4>\n\n\n\n<p class=\"has-text-align-center has-secondary-color has-text-color has-small-font-size\" style=\"margin-top:4px\">Sales<\/p>\n\n\n\n<p class=\"has-text-align-center has-small-font-size\" style=\"margin-top:12px\">Phone: <a title=\"\" href=\"tel:+4962365099417\">+49 6236 50994-17<\/a><\/p>\n\n\n\n<div class=\"wp-block-buttons is-content-justification-center is-layout-flex wp-container-core-buttons-is-layout-a89b3969 wp-block-buttons-is-layout-flex\">\n<div class=\"wp-block-button\"><a class=\"wp-block-button__link has-background has-text-align-center wp-element-button\" href=\"mailto:mira.pandolfi@pfalztrafo.de?cc=vertrieb@pfalztrafo.de\" style=\"background-color:#357cbd\">Send E-mail<\/a><\/div>\n<\/div>\n<\/div>\n<\/div>\n<\/div>\n\n\n\n<div class=\"wp-block-columns alignwide is-layout-flex wp-container-core-columns-is-layout-e1fea541 wp-block-columns-is-layout-flex\" style=\"margin-top:var(--wp--preset--spacing--50)\">\n<div class=\"wp-block-column has-background is-layout-flow wp-block-column-is-layout-flow\" style=\"background-color:#eaf2fd\">\n<div class=\"wp-block-group has-global-padding is-layout-constrained wp-container-core-group-is-layout-b96b2e65 wp-block-group-is-layout-constrained\" style=\"padding-top:24px;padding-right:20px;padding-bottom:24px;padding-left:20px\">\n<h4 class=\"wp-block-heading has-text-align-center\" style=\"margin-top:20px;margin-left:0px;font-size:clamp(14px, 0.875rem + ((1vw - 3.2px) * 0.625), 20px);\">Martina Wlodarczyk<\/h4>\n\n\n\n<p class=\"has-text-align-center has-secondary-color has-text-color has-link-color has-small-font-size wp-elements-52c5f15bb1c78bb31a91d807dfc55382\" style=\"margin-top:4px\">Disposition<\/p>\n\n\n\n<p class=\"has-text-align-center has-small-font-size\" style=\"margin-top:12px\">Phone: <a title=\"\" href=\"tel:+4962365099412\">+49 6236 50994-12<\/a><\/p>\n\n\n\n<div class=\"wp-block-buttons is-content-justification-center is-layout-flex wp-container-core-buttons-is-layout-a89b3969 wp-block-buttons-is-layout-flex\">\n<div class=\"wp-block-button\"><a class=\"wp-block-button__link has-background has-text-align-center wp-element-button\" href=\"mailto:martina.wlodarczyk@pfalztrafo.de?cc=vertrieb@pfalztrafo.de\" style=\"background-color:#357cbd\">Send E-mail<\/a><\/div>\n<\/div>\n<\/div>\n<\/div>\n\n\n\n<div class=\"wp-block-column has-background is-layout-flow wp-block-column-is-layout-flow\" style=\"background-color:#eaf2fd\">\n<div class=\"wp-block-group has-global-padding is-layout-constrained wp-container-core-group-is-layout-b96b2e65 wp-block-group-is-layout-constrained\" style=\"padding-top:24px;padding-right:20px;padding-bottom:24px;padding-left:20px\">\n<h4 class=\"wp-block-heading has-text-align-center\" style=\"margin-top:20px;font-size:clamp(14px, 0.875rem + ((1vw - 3.2px) * 0.625), 20px);\">Boris Brug<\/h4>\n\n\n\n<p class=\"has-text-align-center has-secondary-color has-text-color has-small-font-size\" style=\"margin-top:4px\">Disposition<\/p>\n\n\n\n<p class=\"has-text-align-center has-small-font-size\" style=\"margin-top:12px\">Phone: <a title=\"\" href=\"tel:+4962365099413\">+49 6236 50994-13<\/a><\/p>\n\n\n\n<div class=\"wp-block-buttons is-content-justification-center is-layout-flex wp-container-core-buttons-is-layout-a89b3969 wp-block-buttons-is-layout-flex\">\n<div class=\"wp-block-button\"><a class=\"wp-block-button__link has-background has-text-align-center wp-element-button\" href=\"mailto:boris.brug@pfalztrafo.de?cc=vertrieb@pfalztrafo.de\" style=\"background-color:#357cbd\">Send E-mail<\/a><\/div>\n<\/div>\n<\/div>\n<\/div>\n\n\n\n<div class=\"wp-block-column has-background is-layout-flow wp-block-column-is-layout-flow\" style=\"background-color:#eaf2fd\">\n<div class=\"wp-block-group has-global-padding is-layout-constrained wp-container-core-group-is-layout-b96b2e65 wp-block-group-is-layout-constrained\" style=\"padding-top:24px;padding-right:20px;padding-bottom:24px;padding-left:20px\">\n<h4 class=\"wp-block-heading has-text-align-center\" style=\"margin-top:20px;margin-left:0px;font-size:clamp(14px, 0.875rem + ((1vw - 3.2px) * 0.625), 20px);\">Sonja Konradt<\/h4>\n\n\n\n<p class=\"has-text-align-center has-secondary-color has-text-color has-link-color has-small-font-size wp-elements-e7c62f6e7cbc2364055af6702554d318\" style=\"margin-top:4px\">Laboratory<\/p>\n\n\n\n<p class=\"has-text-align-center has-small-font-size\" style=\"margin-top:12px\">Phone: <a title=\"\" href=\"tel:+4962365099415\">+49 6236 50994-25<\/a><\/p>\n\n\n\n<div class=\"wp-block-buttons is-content-justification-center is-layout-flex wp-container-core-buttons-is-layout-a89b3969 wp-block-buttons-is-layout-flex\">\n<div class=\"wp-block-button\"><a class=\"wp-block-button__link has-background has-text-align-center wp-element-button\" href=\"mailto:sonja.konradt@pfalztrafo.de?cc=vertrieb@pfalztrafo.de\" style=\"background-color:#357cbd\">Send E-mail<\/a><\/div>\n<\/div>\n<\/div>\n<\/div>\n\n\n\n<div class=\"wp-block-column has-background is-layout-flow wp-block-column-is-layout-flow\" style=\"background-color:#eaf2fd\">\n<div class=\"wp-block-group has-global-padding is-layout-constrained wp-container-core-group-is-layout-b96b2e65 wp-block-group-is-layout-constrained\" style=\"padding-top:24px;padding-right:20px;padding-bottom:24px;padding-left:20px\">\n<h4 class=\"wp-block-heading has-text-align-center\" style=\"margin-top:20px;font-size:clamp(14px, 0.875rem + ((1vw - 3.2px) * 0.625), 20px);\">Claudia F\u00f6llinger<\/h4>\n\n\n\n<p class=\"has-text-align-center has-secondary-color has-text-color has-link-color has-small-font-size wp-elements-e7c62f6e7cbc2364055af6702554d318\" style=\"margin-top:4px\">Laboratory<\/p>\n\n\n\n<p class=\"has-text-align-center has-small-font-size\" style=\"margin-top:12px\">Phone: <a title=\"\" href=\"tel:+4962365099415\">+49 6236 50994-15<\/a><\/p>\n\n\n\n<div class=\"wp-block-buttons is-content-justification-center is-layout-flex wp-container-core-buttons-is-layout-a89b3969 wp-block-buttons-is-layout-flex\">\n<div class=\"wp-block-button\"><a class=\"wp-block-button__link has-background has-text-align-center wp-element-button\" href=\"mailto:claudia.foellinger@pfalztrafo.de?cc=vertrieb@pfalztrafo.de\" style=\"background-color:#357cbd\">Send E-mail<\/a><\/div>\n<\/div>\n<\/div>\n<\/div>\n<\/div>\n<\/div>\n\n\n\n<div class=\"wp-block-columns alignwide is-layout-flex wp-container-core-columns-is-layout-e1fea541 wp-block-columns-is-layout-flex\" style=\"margin-top:var(--wp--preset--spacing--50)\">\n<div class=\"wp-block-column has-background is-layout-flow wp-block-column-is-layout-flow\" style=\"background-color:#eaf2fd\">\n<div class=\"wp-block-group has-global-padding is-layout-constrained wp-container-core-group-is-layout-b96b2e65 wp-block-group-is-layout-constrained\" style=\"padding-top:24px;padding-right:20px;padding-bottom:24px;padding-left:20px\">\n<h4 class=\"wp-block-heading has-text-align-center\" style=\"margin-top:20px;font-size:clamp(14px, 0.875rem + ((1vw - 3.2px) * 0.625), 20px);\">Heinrich Kindsvater<\/h4>\n\n\n\n<p class=\"has-text-align-center has-secondary-color has-text-color has-small-font-size\" style=\"margin-top:4px\">Assembly<\/p>\n<\/div>\n<\/div>\n\n\n\n<div class=\"wp-block-column has-primary-background-color has-background is-layout-flow wp-block-column-is-layout-flow\">\n<div class=\"wp-block-group has-background has-global-padding is-layout-constrained wp-container-core-group-is-layout-b96b2e65 wp-block-group-is-layout-constrained\" style=\"background-color:#eaf2fd;padding-top:24px;padding-right:20px;padding-bottom:24px;padding-left:20px\">\n<h4 class=\"wp-block-heading has-text-align-center\" style=\"margin-top:20px;font-size:clamp(14px, 0.875rem + ((1vw - 3.2px) * 0.625), 20px);\">Rene Schreiter<\/h4>\n\n\n\n<p class=\"has-text-align-center has-secondary-color has-text-color has-small-font-size\" style=\"margin-top:4px\">Assembly<\/p>\n<\/div>\n<\/div>\n\n\n\n<div class=\"wp-block-column is-layout-flow wp-block-column-is-layout-flow\">\n<div class=\"wp-block-group has-primary-background-color has-background has-global-padding is-layout-constrained wp-container-core-group-is-layout-b96b2e65 wp-block-group-is-layout-constrained\" style=\"padding-top:24px;padding-right:20px;padding-bottom:24px;padding-left:20px\">\n<h4 class=\"wp-block-heading has-text-align-center\" style=\"margin-top:20px;font-size:clamp(14px, 0.875rem + ((1vw - 3.2px) * 0.625), 20px);\">Carmelo Pepi<\/h4>\n\n\n\n<p class=\"has-text-align-center has-secondary-color has-text-color has-small-font-size\" style=\"margin-top:4px\">Assembly<\/p>\n<\/div>\n<\/div>\n<\/div>\n\n\n\n<div class=\"wp-block-columns alignwide is-layout-flex wp-container-core-columns-is-layout-e1fea541 wp-block-columns-is-layout-flex\" style=\"margin-top:var(--wp--preset--spacing--50)\">\n<div class=\"wp-block-column has-background is-layout-flow wp-block-column-is-layout-flow\" style=\"background-color:#eaf2fd\">\n<div class=\"wp-block-group has-global-padding is-layout-constrained wp-container-core-group-is-layout-b96b2e65 wp-block-group-is-layout-constrained\" style=\"padding-top:24px;padding-right:20px;padding-bottom:24px;padding-left:20px\">\n<h4 class=\"wp-block-heading has-text-align-center\" style=\"margin-top:20px;font-size:clamp(14px, 0.875rem + ((1vw - 3.2px) * 0.625), 20px);\">Sorin Lupu<\/h4>\n\n\n\n<p class=\"has-text-align-center has-secondary-color has-text-color has-small-font-size\" style=\"margin-top:4px\">Assembly<\/p>\n<\/div>\n<\/div>\n\n\n\n<div class=\"wp-block-column has-background is-layout-flow wp-block-column-is-layout-flow\" style=\"background-color:#eaf2fd\">\n<div class=\"wp-block-group has-background has-global-padding is-layout-constrained wp-container-core-group-is-layout-b96b2e65 wp-block-group-is-layout-constrained\" style=\"background-color:#eaf2fd;padding-top:24px;padding-right:20px;padding-bottom:24px;padding-left:20px\">\n<h4 class=\"wp-block-heading has-text-align-center\" style=\"margin-top:20px;font-size:clamp(14px, 0.875rem + ((1vw - 3.2px) * 0.625), 20px);\">Bernd Schmidt<\/h4>\n\n\n\n<p class=\"has-text-align-center has-secondary-color has-text-color has-small-font-size\" style=\"margin-top:4px\">Assembly<\/p>\n<\/div>\n<\/div>\n\n\n\n<div class=\"wp-block-column has-primary-background-color has-background is-layout-flow wp-block-column-is-layout-flow\">\n<div class=\"wp-block-group has-background has-global-padding is-layout-constrained wp-container-core-group-is-layout-b96b2e65 wp-block-group-is-layout-constrained\" style=\"background-color:#eaf2fd;padding-top:24px;padding-right:20px;padding-bottom:24px;padding-left:20px\">\n<h4 class=\"wp-block-heading has-text-align-center\" style=\"margin-top:20px;font-size:clamp(14px, 0.875rem + ((1vw - 3.2px) * 0.625), 20px);\">Dawid Sarna<\/h4>\n\n\n\n<p class=\"has-text-align-center has-secondary-color has-text-color has-small-font-size\" style=\"margin-top:4px\">Assembly<\/p>\n<\/div>\n<\/div>\n<\/div>\n\n\n\n<div class=\"wp-block-columns alignfull is-layout-flex wp-container-core-columns-is-layout-28f84493 wp-block-columns-is-layout-flex\">\n<div class=\"wp-block-column is-layout-flow wp-block-column-is-layout-flow\">\n<div class=\"wp-block-group alignfull has-background-background-color has-background is-layout-flow wp-container-core-group-is-layout-4c2f29ea wp-block-group-is-layout-flow\" style=\"margin-top:0;margin-bottom:0;padding-top:var(--wp--preset--spacing--30);padding-right:var(--wp--preset--spacing--30);padding-bottom:var(--wp--preset--spacing--30);padding-left:var(--wp--preset--spacing--30)\">\n<h2 class=\"wp-block-heading has-text-align-center has-large-font-size\">Career opportunities at Pfalztrafo<\/h2>\n\n\n\n<p class=\"has-text-align-center\" style=\"margin-top:16px\">Join our team! Learn more about current job openings on our careers page. We look forward to receiving your application.<\/p>\n\n\n\n<div class=\"wp-block-buttons is-content-justification-center is-layout-flex wp-container-core-buttons-is-layout-6e21085f wp-block-buttons-is-layout-flex\" style=\"margin-top:var(--wp--preset--spacing--40)\">\n<div class=\"wp-block-button is-style-outline is-style-outline--1\"><a class=\"wp-block-button__link has-background-color has-text-color has-background has-link-color wp-element-button\" href=\"https:\/\/pfalztrafo.de\/en\/unternehmen\/karriere\/\" style=\"background-color:#357cbd\">Learn More<\/a><\/div>\n<\/div>\n<\/div>\n<\/div>\n<\/div>","protected":false},"excerpt":{"rendered":"<p>Unser Pfalztrafo-Team Hinter unserem Erfolg steht ein engagiertes Team aus erfahrenen Fachkr\u00e4ften, die mit Kompetenz und Leidenschaft an Ihrer Seite stehen. Gemeinsam sorgen wir daf\u00fcr, dass Ihre Transformatoren zuverl\u00e4ssig und effizient arbeiten. Bei Fragen oder Anliegen steht Ihnen unser Team gerne zur Verf\u00fcgung \u2013 kontaktieren Sie uns direkt! Tobias Heinig Gesch\u00e4ftsf\u00fchrer Tel: +49 6236 50994-15 [&hellip;]<\/p>\n","protected":false},"author":4,"featured_media":0,"parent":14,"menu_order":0,"comment_status":"closed","ping_status":"closed","template":"wp-custom-template-allgemein","meta":{"footnotes":""},"class_list":["post-15","page","type-page","status-publish","hentry"],"aioseo_notices":[],"_links":{"self":[{"href":"https:\/\/pfalztrafo.de\/en\/wp-json\/wp\/v2\/pages\/15","targetHints":{"allow":["GET"]}}],"collection":[{"href":"https:\/\/pfalztrafo.de\/en\/wp-json\/wp\/v2\/pages"}],"about":[{"href":"https:\/\/pfalztrafo.de\/en\/wp-json\/wp\/v2\/types\/page"}],"author":[{"embeddable":true,"href":"https:\/\/pfalztrafo.de\/en\/wp-json\/wp\/v2\/users\/4"}],"replies":[{"embeddable":true,"href":"https:\/\/pfalztrafo.de\/en\/wp-json\/wp\/v2\/comments?post=15"}],"version-history":[{"count":41,"href":"https:\/\/pfalztrafo.de\/en\/wp-json\/wp\/v2\/pages\/15\/revisions"}],"predecessor-version":[{"id":1328,"href":"https:\/\/pfalztrafo.de\/en\/wp-json\/wp\/v2\/pages\/15\/revisions\/1328"}],"up":[{"embeddable":true,"href":"https:\/\/pfalztrafo.de\/en\/wp-json\/wp\/v2\/pages\/14"}],"wp:attachment":[{"href":"https:\/\/pfalztrafo.de\/en\/wp-json\/wp\/v2\/media?parent=15"}],"curies":[{"name":"wp","href":"https:\/\/api.w.org\/{rel}","templated":true}]}}