{"id":3,"date":"2024-11-09T11:48:27","date_gmt":"2024-11-09T11:48:27","guid":{"rendered":"https:\/\/pfalztrafo.de\/?page_id=3"},"modified":"2025-08-31T15:49:00","modified_gmt":"2025-08-31T15:49:00","slug":"impressum-vertrieb","status":"publish","type":"page","link":"https:\/\/pfalztrafo.de\/en\/impressum-vertrieb\/","title":{"rendered":"Imprint Sales"},"content":{"rendered":"<div class=\"wp-block-group alignwide is-layout-flow wp-block-group-is-layout-flow\">\n<h2 class=\"wp-block-heading\">Imprint \u2013 Pfalztrafo Sales<\/h2>\n\n\n\n<h3 class=\"wp-block-heading\">Information pursuant to \u00a7 5 German Digital Services Act (DDG)<\/h3>\n\n\n\n<p><strong>Company<\/strong>:<br>PFALZTRAFO Vertriebs GmbH<br>Am Flo\u00dfbach 15<br>67112 Mutterstadt<br>Germany<\/p>\n\n\n\n<p><strong>Managing Director:<\/strong><br>Manfred F\u00f6llinger<br>Tobias Patrick Heinig<\/p>\n\n\n\n<p class=\"translation-block\"><strong>Contact:<\/strong><br>  \nPhone: <a href=\"tel:+496236509940\" target=\"_self\">+49 (0) 6236 50 99 4 \u2013 0<\/a><br>  \nFax: +49 (0) 6236 50 99 4 \u2013 20<br>  \nE-mail: <a href=\"mailto:vertrieb@pfalztrafo.de\" target=\"_self\">vertrieb@pfalztrafo.de<\/a><br><\/p>\n\n\n\n<p><strong>Commercial Register Entry:<a href=\"Registereintrag:\"><br><\/a><\/strong>Register Court: Local Court (Amtsgericht) Ludwigshafen am Rhein<br>Commercial Register Number: HRB 69648<\/p>\n\n\n\n<p><strong>VAT Identification Number pursuant to \u00a7 27a UStG:<\/strong><br>DE368292837<\/p>\n\n\n\n<hr class=\"wp-block-separator has-alpha-channel-opacity is-style-wide\"\/>\n\n\n\n<h3 class=\"wp-block-heading\">Disclaimer:<\/h3>\n\n\n\n<p><strong>1. Liability for Content<\/strong><br>The contents of this website have been created with the greatest care. However, we cannot guarantee the accuracy, completeness, or timeliness of the information. We are responsible for our own content in accordance with general laws. Obligations to remove or block the use of information under general laws remain unaffected. Liability in this respect is only possible from the time we become aware of a specific infringement. Upon notification of such violations, we will remove the content immediately.<\/p>\n\n\n\n<p><strong>2. Liability for Links<\/strong><br>This website contains links to external third-party websites, over whose content we have no control. We therefore assume no liability for such external content; the respective provider or operator of the linked sites is always responsible. Illegal content was not recognizable at the time of linking. Permanent monitoring of the content of the linked sites is unreasonable without specific indications of an infringement. If we become aware of legal violations, we will remove such links immediately.<\/p>\n\n\n\n<p><strong>3. Technical Availability<\/strong><br>We make every effort to provide uninterrupted access to this website. We are only liable for outages, interruptions, or technical faults in cases of intent or gross negligence.<\/p>\n\n\n\n<p><strong>4. Consumer Dispute Resolution (VSBG)<\/strong><br>We do not enter into contracts with consumers. Therefore, participation in dispute resolution proceedings before a consumer arbitration board does not apply.<\/p>\n<\/div>","protected":false},"excerpt":{"rendered":"<p>Impressum &#8211; Pfalztrafo Vertrieb Angaben gem\u00e4\u00df \u00a7 5 Digitale-Dienste-Gesetz (DDG) Unternehmen:PFALZTRAFO Vertriebs GmbHAm Flo\u00dfbach 1567112 MutterstadtDeutschland Gesch\u00e4ftsf\u00fchrer:Manfred F\u00f6llingerTobias Patrick Heinig Kontakt:Telefon:&nbsp;+49 (0) 6236 50 99 4 \u2013 0Fax: +49 (0) 6236 50 99 4 \u2013 20E-Mail:&nbsp;vertrieb@pfalztrafo.de Registereintrag:Registergericht: Amtsgericht Ludwigshafen am RheinHandelsregisternummer: HRB 69648 Umsatzsteuer-Identifikationsnummer gem\u00e4\u00df \u00a7 27a UStG:DE368292837 Haftungsausschluss: 1. Haftung f\u00fcr Inhalte:Die Inhalte dieser [&hellip;]<\/p>\n","protected":false},"author":4,"featured_media":0,"parent":0,"menu_order":0,"comment_status":"closed","ping_status":"closed","template":"wp-custom-template-vertrieb","meta":{"footnotes":""},"class_list":["post-3","page","type-page","status-publish","hentry"],"aioseo_notices":[],"_links":{"self":[{"href":"https:\/\/pfalztrafo.de\/en\/wp-json\/wp\/v2\/pages\/3","targetHints":{"allow":["GET"]}}],"collection":[{"href":"https:\/\/pfalztrafo.de\/en\/wp-json\/wp\/v2\/pages"}],"about":[{"href":"https:\/\/pfalztrafo.de\/en\/wp-json\/wp\/v2\/types\/page"}],"author":[{"embeddable":true,"href":"https:\/\/pfalztrafo.de\/en\/wp-json\/wp\/v2\/users\/4"}],"replies":[{"embeddable":true,"href":"https:\/\/pfalztrafo.de\/en\/wp-json\/wp\/v2\/comments?post=3"}],"version-history":[{"count":20,"href":"https:\/\/pfalztrafo.de\/en\/wp-json\/wp\/v2\/pages\/3\/revisions"}],"predecessor-version":[{"id":1160,"href":"https:\/\/pfalztrafo.de\/en\/wp-json\/wp\/v2\/pages\/3\/revisions\/1160"}],"wp:attachment":[{"href":"https:\/\/pfalztrafo.de\/en\/wp-json\/wp\/v2\/media?parent=3"}],"curies":[{"name":"wp","href":"https:\/\/api.w.org\/{rel}","templated":true}]}}