{"id":87,"date":"2024-11-10T10:58:50","date_gmt":"2024-11-10T10:58:50","guid":{"rendered":"https:\/\/pfalztrafo.de\/?page_id=87"},"modified":"2025-08-26T06:31:43","modified_gmt":"2025-08-26T06:31:43","slug":"wartung-instandhaltung","status":"publish","type":"page","link":"https:\/\/pfalztrafo.de\/en\/service\/wartung-instandhaltung\/","title":{"rendered":"Maintenance &amp; Servicing"},"content":{"rendered":"<div class=\"wp-block-columns alignwide is-layout-flex wp-container-core-columns-is-layout-28f84493 wp-block-columns-is-layout-flex\">\n<div class=\"wp-block-column is-layout-flow wp-block-column-is-layout-flow\" style=\"flex-basis:66.66%\">\n<div class=\"wp-block-group alignwide has-global-padding is-layout-constrained wp-block-group-is-layout-constrained\">\n<h2 class=\"wp-block-heading has-large-font-size\">Maintenance &amp; Servicing<\/h2>\n\n\n\n<p>Our range of services includes:<\/p>\n\n\n\n<ul class=\"wp-block-list\">\n<li style=\"padding-top:10px;padding-bottom:10px\">Oil Sampling and Analysis<\/li>\n\n\n\n<li style=\"padding-top:10px;padding-bottom:10px\">Insulating Oil Replacement and Insulating Oil Drying<\/li>\n\n\n\n<li style=\"padding-top:10px;padding-bottom:10px\">Sealing of High-Voltage and Low-Voltage Bushings<\/li>\n\n\n\n<li style=\"padding-top:10px;padding-bottom:10px\">Sealing of sight glasses, tap changers, Buchholz relay fittings, etc.<\/li>\n\n\n\n<li style=\"padding-top:10px;padding-bottom:10px\">Renewing the lid seal on-site using a special lifting frame.<\/li>\n\n\n\n<li style=\"padding-top:10px;padding-bottom:10px\">Retrofitting Buchholz protection relays and hermetic protection blocks.<\/li>\n\n\n\n<li style=\"padding-top:10px;padding-bottom:10px\">Retrofitting temperature monitoring systems.<\/li>\n\n\n\n<li style=\"padding-top:10px;padding-bottom:10px\">Retrofitting dehumidifiers.<\/li>\n\n\n\n<li style=\"padding-top:10px;padding-bottom:10px\">Renewing the drying beads.<\/li>\n\n\n\n<li style=\"padding-top:10px;padding-bottom:10px\">Umr\u00fcstung auf ber\u00fchrungssichere MS-Steckdurchf\u00fchrungen<\/li>\n\n\n\n<li style=\"padding-top:10px;padding-bottom:10px\">Retrofitting touch-safe covers on low-voltage bushings.<\/li>\n\n\n\n<li style=\"padding-top:10px;padding-bottom:10px\">Repainting oil transformers.<\/li>\n<\/ul>\n\n\n\n<p style=\"margin-top:16px\">We carry out all work both on-site and in our workshop in Limburgerhof.<\/p>\n<\/div>\n<\/div>\n\n\n\n<div class=\"wp-block-column is-vertically-aligned-top is-layout-flow wp-block-column-is-layout-flow\" style=\"flex-basis:60%\"><div class=\"n2-section-smartslider fitvidsignore  n2_clear\" data-ssid=\"3\"><div id=\"n2-ss-3-align\" class=\"n2-ss-align\"><div class=\"n2-padding\"><div id=\"n2-ss-3\" data-creator=\"Smart Slider 3\" data-responsive=\"auto\" class=\"n2-ss-slider n2-ow n2-has-hover n2notransition\">\n\n\n\n<div class=\"n2-ss-slider-wrapper-inside\">\n        <div class=\"n2-ss-slider-1 n2_ss__touch_element n2-ow\">\n            <div class=\"n2-ss-slider-2 n2-ow\">\n                                                <div class=\"n2-ss-slider-3 n2-ow\">\n\n                    <div class=\"n2-ss-slide-backgrounds n2-ow-all\"><div class=\"n2-ss-slide-background\" data-public-id=\"1\" data-mode=\"fill\"><div class=\"n2-ss-slide-background-image\" data-blur=\"0\" data-opacity=\"100\" data-x=\"50\" data-y=\"50\" data-alt=\"\" data-title=\"\"><picture class=\"skip-lazy\" data-skip-lazy=\"1\"><img decoding=\"async\" src=\"\/\/pfalztrafo.de\/wp-content\/uploads\/2024\/11\/1.jpg\" alt=\"\" title=\"\" loading=\"lazy\" class=\"skip-lazy\" data-skip-lazy=\"1\"><\/picture><\/div><div data-color=\"RGBA(255,255,255,0)\" style=\"background-color: RGBA(255,255,255,0);\" class=\"n2-ss-slide-background-color\"><\/div><\/div><div class=\"n2-ss-slide-background\" data-public-id=\"2\" data-mode=\"fill\" aria-hidden=\"true\"><div class=\"n2-ss-slide-background-image\" data-blur=\"0\" data-opacity=\"100\" data-x=\"50\" data-y=\"50\" data-alt=\"\" data-title=\"\"><picture class=\"skip-lazy\" data-skip-lazy=\"1\"><img decoding=\"async\" src=\"\/\/pfalztrafo.de\/wp-content\/uploads\/slider3\/2.jpeg\" alt=\"\" title=\"\" loading=\"lazy\" class=\"skip-lazy\" data-skip-lazy=\"1\"><\/picture><\/div><div data-color=\"RGBA(255,255,255,0)\" style=\"background-color: RGBA(255,255,255,0);\" class=\"n2-ss-slide-background-color\"><\/div><\/div><div class=\"n2-ss-slide-background\" data-public-id=\"3\" data-mode=\"fill\" aria-hidden=\"true\"><div class=\"n2-ss-slide-background-image\" data-blur=\"0\" data-opacity=\"100\" data-x=\"50\" data-y=\"50\" data-alt=\"\" data-title=\"\"><picture class=\"skip-lazy\" data-skip-lazy=\"1\"><img decoding=\"async\" src=\"\/\/pfalztrafo.de\/wp-content\/uploads\/slider3\/3.jpeg\" alt=\"\" title=\"\" loading=\"lazy\" class=\"skip-lazy\" data-skip-lazy=\"1\"><\/picture><\/div><div data-color=\"RGBA(255,255,255,0)\" style=\"background-color: RGBA(255,255,255,0);\" class=\"n2-ss-slide-background-color\"><\/div><\/div><div class=\"n2-ss-slide-background\" data-public-id=\"4\" data-mode=\"fill\" aria-hidden=\"true\"><div class=\"n2-ss-slide-background-image\" data-blur=\"0\" data-opacity=\"100\" data-x=\"50\" data-y=\"50\" data-alt=\"\" data-title=\"\"><picture class=\"skip-lazy\" data-skip-lazy=\"1\"><img decoding=\"async\" src=\"\/\/pfalztrafo.de\/wp-content\/uploads\/slider3\/11.jpeg\" alt=\"\" title=\"\" loading=\"lazy\" class=\"skip-lazy\" data-skip-lazy=\"1\"><\/picture><\/div><div data-color=\"RGBA(255,255,255,0)\" style=\"background-color: RGBA(255,255,255,0);\" class=\"n2-ss-slide-background-color\"><\/div><\/div><div class=\"n2-ss-slide-background\" data-public-id=\"5\" data-mode=\"fill\" aria-hidden=\"true\"><div class=\"n2-ss-slide-background-image\" data-blur=\"0\" data-opacity=\"100\" data-x=\"50\" data-y=\"50\" data-alt=\"\" data-title=\"\"><picture class=\"skip-lazy\" data-skip-lazy=\"1\"><img decoding=\"async\" src=\"\/\/pfalztrafo.de\/wp-content\/uploads\/slider3\/22.jpeg\" alt=\"\" title=\"\" loading=\"lazy\" class=\"skip-lazy\" data-skip-lazy=\"1\"><\/picture><\/div><div data-color=\"RGBA(255,255,255,0)\" style=\"background-color: RGBA(255,255,255,0);\" class=\"n2-ss-slide-background-color\"><\/div><\/div><div class=\"n2-ss-slide-background\" data-public-id=\"6\" data-mode=\"fill\" aria-hidden=\"true\"><div class=\"n2-ss-slide-background-image\" data-blur=\"0\" data-opacity=\"100\" data-x=\"50\" data-y=\"50\" data-alt=\"\" data-title=\"\"><picture class=\"skip-lazy\" data-skip-lazy=\"1\"><img decoding=\"async\" src=\"\/\/pfalztrafo.de\/wp-content\/uploads\/slider3\/Krane.jpeg\" alt=\"\" title=\"\" loading=\"lazy\" class=\"skip-lazy\" data-skip-lazy=\"1\"><\/picture><\/div><div data-color=\"RGBA(255,255,255,0)\" style=\"background-color: RGBA(255,255,255,0);\" class=\"n2-ss-slide-background-color\"><\/div><\/div><\/div>                    <div class=\"n2-ss-slider-4 n2-ow\">\n                        <svg xmlns=\"http:\/\/www.w3.org\/2000\/svg\" viewbox=\"0 0 400 200\" data-related-device=\"desktopPortrait\" class=\"n2-ow n2-ss-preserve-size n2-ss-preserve-size--slider n2-ss-slide-limiter\"><\/svg><div data-first=\"1\" data-slide-duration=\"0\" data-id=\"7\" data-slide-public-id=\"1\" data-title=\"1\" class=\"n2-ss-slide n2-ow  n2-ss-slide-7\"><div role=\"note\" class=\"n2-ss-slide--focus\" tabindex=\"-1\">1<\/div><div class=\"n2-ss-layers-container n2-ss-slide-limiter n2-ow\"><div class=\"n2-ss-layer n2-ow n-uc-pZheB5Ei8vK8\" data-sstype=\"slide\" data-pm=\"default\"><div class=\"n2-ss-layer n2-ow n-uc-i7QEhwop7jSg\" data-pm=\"default\" data-sstype=\"content\" data-hasbackground=\"0\"><div class=\"n2-ss-section-main-content n2-ss-layer-with-background n2-ss-layer-content n2-ow n-uc-i7QEhwop7jSg-inner\"><div class=\"n2-ss-layer n2-ow n-uc-MTd22UXLblgL\" data-pm=\"normal\" data-sstype=\"layer\"><div id=\"n2-ss-3item1\" class=\"n2-font-577e3e94d392c80545fffaf7623e9404-hover   n2-ss-item-content n2-ss-text n2-ow\" style=\"display:block;\">Renewal of the lid seal.<\/div><\/div><\/div><\/div><\/div><\/div><\/div><div data-slide-duration=\"0\" data-id=\"8\" data-slide-public-id=\"2\" aria-hidden=\"true\" data-title=\"2\" class=\"n2-ss-slide n2-ow  n2-ss-slide-8\"><div role=\"note\" class=\"n2-ss-slide--focus\" tabindex=\"-1\">2<\/div><div class=\"n2-ss-layers-container n2-ss-slide-limiter n2-ow\"><div class=\"n2-ss-layer n2-ow n-uc-D2KMUEdJMCzw\" data-sstype=\"slide\" data-pm=\"default\"><div class=\"n2-ss-layer n2-ow n-uc-GHmJBfMBTHHb\" data-pm=\"default\" data-sstype=\"content\" data-hasbackground=\"0\"><div class=\"n2-ss-section-main-content n2-ss-layer-with-background n2-ss-layer-content n2-ow n-uc-GHmJBfMBTHHb-inner\"><div class=\"n2-ss-layer n2-ow n-uc-is9uQLdmsdtX\" data-pm=\"normal\" data-sstype=\"layer\"><div id=\"n2-ss-3item2\" class=\"n2-font-577e3e94d392c80545fffaf7623e9404-hover   n2-ss-item-content n2-ss-text n2-ow\" style=\"display:block;\">Lifting the active part<\/div><\/div><\/div><\/div><\/div><\/div><\/div><div data-slide-duration=\"0\" data-id=\"9\" data-slide-public-id=\"3\" aria-hidden=\"true\" data-title=\"3\" class=\"n2-ss-slide n2-ow  n2-ss-slide-9\"><div role=\"note\" class=\"n2-ss-slide--focus\" tabindex=\"-1\">3<\/div><div class=\"n2-ss-layers-container n2-ss-slide-limiter n2-ow\"><div class=\"n2-ss-layer n2-ow n-uc-Iy7H4dcmKx3o\" data-sstype=\"slide\" data-pm=\"default\"><div class=\"n2-ss-layer n2-ow n-uc-J2Jf3DodxC2N\" data-pm=\"default\" data-sstype=\"content\" data-hasbackground=\"0\"><div class=\"n2-ss-section-main-content n2-ss-layer-with-background n2-ss-layer-content n2-ow n-uc-J2Jf3DodxC2N-inner\"><div class=\"n2-ss-layer n2-ow n-uc-WwK07GhIb60K\" data-pm=\"normal\" data-sstype=\"layer\"><div id=\"n2-ss-3item3\" class=\"n2-font-577e3e94d392c80545fffaf7623e9404-hover   n2-ss-item-content n2-ss-text n2-ow\" style=\"display:block;\">Mobile insulating oil purification unit.<\/div><\/div><\/div><\/div><\/div><\/div><\/div><div data-slide-duration=\"0\" data-id=\"10\" data-slide-public-id=\"4\" aria-hidden=\"true\" data-title=\"11\" class=\"n2-ss-slide n2-ow  n2-ss-slide-10\"><div role=\"note\" class=\"n2-ss-slide--focus\" tabindex=\"-1\">11<\/div><div class=\"n2-ss-layers-container n2-ss-slide-limiter n2-ow\"><div class=\"n2-ss-layer n2-ow n-uc-Ny37jyH2oxyB\" data-sstype=\"slide\" data-pm=\"default\"><div class=\"n2-ss-layer n2-ow n-uc-VNuX3lF9tdeq\" data-pm=\"default\" data-sstype=\"content\" data-hasbackground=\"0\"><div class=\"n2-ss-section-main-content n2-ss-layer-with-background n2-ss-layer-content n2-ow n-uc-VNuX3lF9tdeq-inner\"><div class=\"n2-ss-layer n2-ow n-uc-VQ2I8Tcflugz\" data-pm=\"normal\" data-sstype=\"layer\"><div id=\"n2-ss-3item4\" class=\"n2-font-577e3e94d392c80545fffaf7623e9404-hover   n2-ss-item-content n2-ss-text n2-ow\" style=\"display:block;\">Cleaning of low-voltage distribution boards.<\/div><\/div><div class=\"n2-ss-layer n2-ow n-uc-n6GAY8zWjD9L\" data-pm=\"normal\" data-sstype=\"layer\"><div class=\"n2-ss-item-content n2-ss-text n2-ow-all\"><div class=\"\"><p class=\"n2-font-b870ccf548622567991ac70cdd481482-paragraph translation-block\">Im Anschluss daran f\u00fchren wir eine Kontrolle der Schraubverbindungen an Sammelschienen<br>\r\nund Kabelabg\u00e4ngen durch.<\/p>\n<\/div><\/div><\/div><\/div><\/div><\/div><\/div><\/div><div data-slide-duration=\"0\" data-id=\"11\" data-slide-public-id=\"5\" aria-hidden=\"true\" data-title=\"22\" class=\"n2-ss-slide n2-ow  n2-ss-slide-11\"><div role=\"note\" class=\"n2-ss-slide--focus\" tabindex=\"-1\">22<\/div><div class=\"n2-ss-layers-container n2-ss-slide-limiter n2-ow\"><div class=\"n2-ss-layer n2-ow n-uc-9I1LBcG0RDlr\" data-sstype=\"slide\" data-pm=\"default\"><div class=\"n2-ss-layer n2-ow n-uc-9qxY6rAfxbu2\" data-pm=\"default\" data-sstype=\"content\" data-hasbackground=\"0\"><div class=\"n2-ss-section-main-content n2-ss-layer-with-background n2-ss-layer-content n2-ow n-uc-9qxY6rAfxbu2-inner\"><div class=\"n2-ss-layer n2-ow n-uc-FqGl2GfEmTja\" data-pm=\"normal\" data-sstype=\"layer\"><div id=\"n2-ss-3item6\" class=\"n2-font-577e3e94d392c80545fffaf7623e9404-hover   n2-ss-item-content n2-ss-text n2-ow\" style=\"display:block;\">Cleaning of low-voltage distribution boards.<\/div><\/div><div class=\"n2-ss-layer n2-ow n-uc-P8z2xJoeb0nl\" data-pm=\"normal\" data-sstype=\"layer\"><div class=\"n2-ss-item-content n2-ss-text n2-ow-all\"><div class=\"\"><p class=\"n2-font-b870ccf548622567991ac70cdd481482-paragraph translation-block\">Bei der Reinigung von Niederspannungsverteilungen kommt ebenfalls eine kombinierte<br>\r\nTrocken-Feucht-Reinigung zur Anwendung.<\/p>\n<\/div><\/div><\/div><\/div><\/div><\/div><\/div><\/div><div data-slide-duration=\"0\" data-id=\"12\" data-slide-public-id=\"6\" aria-hidden=\"true\" data-title=\"Krane\" class=\"n2-ss-slide n2-ow  n2-ss-slide-12\"><div role=\"note\" class=\"n2-ss-slide--focus\" tabindex=\"-1\">Krane<\/div><div class=\"n2-ss-layers-container n2-ss-slide-limiter n2-ow\"><div class=\"n2-ss-layer n2-ow n-uc-IqUjYBSIBKA7\" data-sstype=\"slide\" data-pm=\"default\"><div class=\"n2-ss-layer n2-ow n-uc-64Bot2lbQuxR\" data-pm=\"default\" data-sstype=\"content\" data-hasbackground=\"0\"><div class=\"n2-ss-section-main-content n2-ss-layer-with-background n2-ss-layer-content n2-ow n-uc-64Bot2lbQuxR-inner\"><div class=\"n2-ss-layer n2-ow n-uc-tk1a7asqPStF\" data-pm=\"normal\" data-sstype=\"layer\"><div id=\"n2-ss-3item8\" class=\"n2-font-577e3e94d392c80545fffaf7623e9404-hover   n2-ss-item-content n2-ss-text n2-ow\" style=\"display:block;\">Lifting crane station.<\/div><\/div><\/div><\/div><\/div><\/div><\/div>                    <\/div>\n\n                                    <\/div>\n            <\/div>\n        <\/div>\n        <div class=\"n2-ss-slider-controls n2-ss-slider-controls-absolute-right-top\"><div style=\"--widget-offset:15px;\" class=\"n2-ss-widget n2-style-f17ddbf2d8ed14421f9093b94b93b8a9-heading nextend-autoplay n2-ow-all nextend-autoplay-image\" role=\"button\" aria-label=\"Play autoplay\" data-pause-label=\"Pause autoplay\" data-play-label=\"Play autoplay\" tabindex=\"0\"><img loading=\"lazy\" decoding=\"async\" width=\"16\" height=\"16\" class=\"nextend-autoplay-play skip-lazy\" data-skip-lazy=\"1\" src=\"data:image\/svg+xml;base64,PHN2ZyB3aWR0aD0iMTYiIGhlaWdodD0iMTYiIHZpZXdCb3g9IjAgMCAxNiAxNiIgeG1sbnM9Imh0dHA6Ly93d3cudzMub3JnLzIwMDAvc3ZnIj4KICAgIDxwYXRoIGQ9Ik0xMS41OCA3LjAzTDUuMzAyIDIuMTY1QzUuMTY1IDIuMDU3IDUuMDE2IDIgNC44NTcgMiA0LjM4NCAyIDQgMi41MDQgNCAzLjEyNXY5Ljc1YzAgLjYyLjM4NCAxLjEyNS44NTcgMS4xMjUuMTYgMCAuMzA4LS4wNTcuNDM2LS4xNTZMMTEuNTggOC45N2MuMjUtLjE5OC40Mi0uNTU4LjQyLS45NyAwLS40MTItLjE3LS43NzMtLjQyLS45N3oiCiAgICAgICAgICBmaWxsPSIjZmZmZmZmIiBvcGFjaXR5PSIwLjgiIGZpbGwtcnVsZT0iZXZlbm9kZCIvPgo8L3N2Zz4=\" alt=\"Play\"><img loading=\"lazy\" decoding=\"async\" width=\"16\" height=\"16\" class=\"nextend-autoplay-pause skip-lazy\" data-skip-lazy=\"1\" src=\"data:image\/svg+xml;base64,PHN2ZyB3aWR0aD0iMTYiIGhlaWdodD0iMTYiIHZpZXdCb3g9IjAgMCAxNiAxNiIgeG1sbnM9Imh0dHA6Ly93d3cudzMub3JnLzIwMDAvc3ZnIj4KICAgIDxwYXRoIGQ9Ik00IDJ2MTJoM1YySDR6bTUgMHYxMmgzVjJIOXoiIGZpbGw9IiNmZmZmZmYiIG9wYWNpdHk9IjAuOCIgZmlsbC1ydWxlPSJldmVub2RkIi8+Cjwvc3ZnPg==\" alt=\"Pause\"><\/div><\/div><div class=\"n2-ss-slider-controls n2-ss-slider-controls-absolute-left-center\"><div style=\"--widget-offset:15px;\" class=\"n2-ss-widget nextend-arrow n2-ow-all nextend-arrow-previous  nextend-arrow-animated-fade\" data-hide-mobileportrait=\"1\" id=\"n2-ss-3-arrow-previous\" role=\"button\" aria-label=\"previous arrow\" tabindex=\"0\"><img loading=\"lazy\" decoding=\"async\" width=\"32\" height=\"32\" class=\"skip-lazy\" data-skip-lazy=\"1\" src=\"data:image\/svg+xml;base64,PHN2ZyB3aWR0aD0iMzIiIGhlaWdodD0iMzIiIHZpZXdCb3g9IjAgMCAzMiAzMiIgeG1sbnM9Imh0dHA6Ly93d3cudzMub3JnLzIwMDAvc3ZnIj4KICAgIDxwYXRoIGQ9Ik0xMS40MzMgMTUuOTkyTDIyLjY5IDUuNzEyYy4zOTMtLjM5LjM5My0xLjAzIDAtMS40Mi0uMzkzLS4zOS0xLjAzLS4zOS0xLjQyMyAwbC0xMS45OCAxMC45NGMtLjIxLjIxLS4zLjQ5LS4yODUuNzYtLjAxNS4yOC4wNzUuNTYuMjg0Ljc3bDExLjk4IDEwLjk0Yy4zOTMuMzkgMS4wMy4zOSAxLjQyNCAwIC4zOTMtLjQuMzkzLTEuMDMgMC0xLjQybC0xMS4yNTctMTAuMjkiCiAgICAgICAgICBmaWxsPSIjZmZmZmZmIiBvcGFjaXR5PSIwLjgiIGZpbGwtcnVsZT0iZXZlbm9kZCIvPgo8L3N2Zz4=\" alt=\"previous arrow\"><\/div><\/div><div class=\"n2-ss-slider-controls n2-ss-slider-controls-absolute-right-center\"><div style=\"--widget-offset:15px;\" class=\"n2-ss-widget nextend-arrow n2-ow-all nextend-arrow-next  nextend-arrow-animated-fade\" data-hide-mobileportrait=\"1\" id=\"n2-ss-3-arrow-next\" role=\"button\" aria-label=\"next arrow\" tabindex=\"0\"><img loading=\"lazy\" decoding=\"async\" width=\"32\" height=\"32\" class=\"skip-lazy\" data-skip-lazy=\"1\" src=\"data:image\/svg+xml;base64,PHN2ZyB3aWR0aD0iMzIiIGhlaWdodD0iMzIiIHZpZXdCb3g9IjAgMCAzMiAzMiIgeG1sbnM9Imh0dHA6Ly93d3cudzMub3JnLzIwMDAvc3ZnIj4KICAgIDxwYXRoIGQ9Ik0xMC43MjIgNC4yOTNjLS4zOTQtLjM5LTEuMDMyLS4zOS0xLjQyNyAwLS4zOTMuMzktLjM5MyAxLjAzIDAgMS40MmwxMS4yODMgMTAuMjgtMTEuMjgzIDEwLjI5Yy0uMzkzLjM5LS4zOTMgMS4wMiAwIDEuNDIuMzk1LjM5IDEuMDMzLjM5IDEuNDI3IDBsMTIuMDA3LTEwLjk0Yy4yMS0uMjEuMy0uNDkuMjg0LS43Ny4wMTQtLjI3LS4wNzYtLjU1LS4yODYtLjc2TDEwLjcyIDQuMjkzeiIKICAgICAgICAgIGZpbGw9IiNmZmZmZmYiIG9wYWNpdHk9IjAuOCIgZmlsbC1ydWxlPSJldmVub2RkIi8+Cjwvc3ZnPg==\" alt=\"next arrow\"><\/div><\/div><\/div><\/div><ss3-loader><\/ss3-loader><\/div><\/div><div class=\"n2_clear\"><\/div><\/div><\/div>\n<\/div>\n\n\n\n<p><\/p>","protected":false},"excerpt":{"rendered":"<p>Wartung &amp; Instandhaltung Unser Leistungsspektrum umfasst: S\u00e4mtliche Arbeiten\u00a0f\u00fchren wir sowohl vor Ort als auch in unserer Werkstatt in Mutterstadt durch.<\/p>","protected":false},"author":4,"featured_media":0,"parent":13,"menu_order":0,"comment_status":"closed","ping_status":"closed","template":"wp-custom-template-service","meta":{"footnotes":""},"class_list":["post-87","page","type-page","status-publish","hentry"],"aioseo_notices":[],"_links":{"self":[{"href":"https:\/\/pfalztrafo.de\/en\/wp-json\/wp\/v2\/pages\/87","targetHints":{"allow":["GET"]}}],"collection":[{"href":"https:\/\/pfalztrafo.de\/en\/wp-json\/wp\/v2\/pages"}],"about":[{"href":"https:\/\/pfalztrafo.de\/en\/wp-json\/wp\/v2\/types\/page"}],"author":[{"embeddable":true,"href":"https:\/\/pfalztrafo.de\/en\/wp-json\/wp\/v2\/users\/4"}],"replies":[{"embeddable":true,"href":"https:\/\/pfalztrafo.de\/en\/wp-json\/wp\/v2\/comments?post=87"}],"version-history":[{"count":8,"href":"https:\/\/pfalztrafo.de\/en\/wp-json\/wp\/v2\/pages\/87\/revisions"}],"predecessor-version":[{"id":980,"href":"https:\/\/pfalztrafo.de\/en\/wp-json\/wp\/v2\/pages\/87\/revisions\/980"}],"up":[{"embeddable":true,"href":"https:\/\/pfalztrafo.de\/en\/wp-json\/wp\/v2\/pages\/13"}],"wp:attachment":[{"href":"https:\/\/pfalztrafo.de\/en\/wp-json\/wp\/v2\/media?parent=87"}],"curies":[{"name":"wp","href":"https:\/\/api.w.org\/{rel}","templated":true}]}}