{"id":92,"date":"2024-11-10T11:59:09","date_gmt":"2024-11-10T11:59:09","guid":{"rendered":"https:\/\/pfalztrafo.de\/?page_id=92"},"modified":"2025-09-06T04:28:52","modified_gmt":"2025-09-06T04:28:52","slug":"entsorgung-verwertung","status":"publish","type":"page","link":"https:\/\/pfalztrafo.de\/en\/service\/entsorgung-verwertung\/","title":{"rendered":"Disposal &amp; Recycling"},"content":{"rendered":"<div class=\"wp-block-group alignfull has-background-background-color has-background has-global-padding is-layout-constrained wp-container-core-group-is-layout-7276a2bb wp-block-group-is-layout-constrained\" style=\"margin-top:0;margin-bottom:0;padding-top:var(--wp--preset--spacing--60);padding-right:var(--wp--preset--spacing--30);padding-bottom:var(--wp--preset--spacing--60);padding-left:var(--wp--preset--spacing--30)\">\n<div class=\"wp-block-columns alignwide are-vertically-aligned-top is-layout-flex wp-container-core-columns-is-layout-08c01c1c wp-block-columns-is-layout-flex\">\n<div class=\"wp-block-column is-vertically-aligned-top is-layout-flow wp-block-column-is-layout-flow\">\n<div class=\"wp-block-group has-global-padding is-layout-constrained wp-block-group-is-layout-constrained\">\n<h2 class=\"wp-block-heading\" style=\"font-size:clamp(18.959px, 1.185rem + ((1vw - 3.2px) * 1.15), 30px);line-height:1.5\">Disposal &amp; Recycling<\/h2>\n\n\n\n<p>We dispose of \/ recycle the following electrical equipment:<\/p>\n\n\n\n<ul class=\"wp-block-list\">\n<li>PCB-free oil transformers, converters, and switchgear.<\/li>\n\n\n\n<li>PCB-containing oil transformers, converters, and switchgear.<\/li>\n\n\n\n<li>PCB-free capacitors.<\/li>\n\n\n\n<li>PCB-containing capacitors.<\/li>\n\n\n\n<li>Old dry cables, oil cables, and joints.<\/li>\n<\/ul>\n\n\n\n<p>In any case, you will receive a disposal or recycling certificate from a certified specialist company.<\/p>\n\n\n\n<p>For functional PCB-free transformers, there is also the option for purchase. The purchase is made without any warranty or guarantee claims.<\/p>\n<\/div>\n<\/div>\n\n\n\n<div class=\"wp-block-column is-vertically-aligned-top is-layout-flow wp-block-column-is-layout-flow\">\n<figure class=\"wp-block-image size-large is-resized ext-aspect-landscape\"><img loading=\"lazy\" decoding=\"async\" width=\"1024\" height=\"831\" src=\"https:\/\/pfalztrafo.de\/wp-content\/uploads\/2024\/11\/33-1024x831.jpg\" alt=\"\" class=\"wp-image-273\" style=\"aspect-ratio:1.3333333333333333;object-fit:cover;width:651px;height:auto\" srcset=\"https:\/\/pfalztrafo.de\/wp-content\/uploads\/2024\/11\/33-1024x831.jpg 1024w, https:\/\/pfalztrafo.de\/wp-content\/uploads\/2024\/11\/33-300x244.jpg 300w, https:\/\/pfalztrafo.de\/wp-content\/uploads\/2024\/11\/33-768x624.jpg 768w, https:\/\/pfalztrafo.de\/wp-content\/uploads\/2024\/11\/33.jpg 1446w\" sizes=\"auto, (max-width: 1024px) 100vw, 1024px\" \/><\/figure>\n<\/div>\n<\/div>\n<\/div>\n\n\n\n<div class=\"wp-block-group alignfull has-background has-global-padding is-layout-constrained wp-container-core-group-is-layout-28549256 wp-block-group-is-layout-constrained\" style=\"background-color:#eaf2fd;margin-top:0;margin-bottom:0;padding-top:var(--wp--preset--spacing--60);padding-right:var(--wp--preset--spacing--30);padding-bottom:var(--wp--preset--spacing--60);padding-left:var(--wp--preset--spacing--30)\">\n<div class=\"wp-block-columns alignwide are-vertically-aligned-top is-layout-flex wp-container-core-columns-is-layout-08c01c1c wp-block-columns-is-layout-flex\">\n<div class=\"wp-block-column is-vertically-aligned-top is-layout-flow wp-block-column-is-layout-flow\">\n<figure class=\"wp-block-image size-large is-resized ext-aspect-landscape\"><img loading=\"lazy\" decoding=\"async\" width=\"1024\" height=\"927\" src=\"https:\/\/pfalztrafo.de\/wp-content\/uploads\/2024\/11\/trafomitwindungsschluss-1024x927.jpg\" alt=\"\" class=\"wp-image-274\" style=\"aspect-ratio:1.3333333333333333;object-fit:cover;width:613px;height:auto\" srcset=\"https:\/\/pfalztrafo.de\/wp-content\/uploads\/2024\/11\/trafomitwindungsschluss-1024x927.jpg 1024w, https:\/\/pfalztrafo.de\/wp-content\/uploads\/2024\/11\/trafomitwindungsschluss-300x272.jpg 300w, https:\/\/pfalztrafo.de\/wp-content\/uploads\/2024\/11\/trafomitwindungsschluss-768x695.jpg 768w, https:\/\/pfalztrafo.de\/wp-content\/uploads\/2024\/11\/trafomitwindungsschluss.jpg 1333w\" sizes=\"auto, (max-width: 1024px) 100vw, 1024px\" \/><\/figure>\n<\/div>\n\n\n\n<div class=\"wp-block-column is-vertically-aligned-top is-layout-flow wp-block-column-is-layout-flow\">\n<div class=\"wp-block-group has-global-padding is-layout-constrained wp-block-group-is-layout-constrained\">\n<h2 class=\"wp-block-heading\" style=\"font-size:clamp(18.959px, 1.185rem + ((1vw - 3.2px) * 1.15), 30px);line-height:1.5\">Disposal of Transformers<\/h2>\n\n\n\n<div class=\"wp-block-group is-vertical is-layout-flex wp-container-core-group-is-layout-fe9cc265 wp-block-group-is-layout-flex\">\n<p style=\"line-height:1.3\">If your transformer is defective or repair is no longer economical, you will receive a disposal offer from us.<\/p>\n\n\n\n<p style=\"line-height:1.3\">If the transformer is PCB-free, we offer a compensation per ton of total weight for disposal.<\/p>\n\n\n\n<p style=\"line-height:1.3\" class=\"translation-block\">If the transformer is PCB-containing, we will provide you with an<br>appropriate disposal offer.<\/p>\n\n\n\n<p style=\"line-height:1.3\">In any case, you will receive a disposal or recycling certificate from a certified specialist company.<\/p>\n<\/div>\n<\/div>\n<\/div>\n<\/div>\n<\/div>\n\n\n\n<div class=\"wp-block-group alignfull has-background-background-color has-background has-global-padding is-layout-constrained wp-container-core-group-is-layout-7276a2bb wp-block-group-is-layout-constrained\" style=\"margin-top:0;margin-bottom:0;padding-top:var(--wp--preset--spacing--60);padding-right:var(--wp--preset--spacing--30);padding-bottom:var(--wp--preset--spacing--60);padding-left:var(--wp--preset--spacing--30)\">\n<div class=\"wp-block-columns alignwide are-vertically-aligned-top is-layout-flex wp-container-core-columns-is-layout-08c01c1c wp-block-columns-is-layout-flex\">\n<div class=\"wp-block-column is-vertically-aligned-top is-layout-flow wp-block-column-is-layout-flow\">\n<div class=\"wp-block-group has-global-padding is-layout-constrained wp-block-group-is-layout-constrained\">\n<h2 class=\"wp-block-heading\" style=\"font-size:clamp(18.959px, 1.185rem + ((1vw - 3.2px) * 1.15), 30px);line-height:1.5\">Recovery (ReUse) of SF6 gas from switchgear and transformers.<\/h2>\n\n\n\n<ul style=\"padding-top:0;padding-bottom:0;line-height:1.6\" class=\"wp-block-list\">\n<li style=\"padding-top:14px;padding-bottom:14px\">Vacuuming the SF6 insulating gas from the medium-voltage switchgear and transferring it into special ReUse gas bottles.<\/li>\n\n\n\n<li style=\"padding-top:14px;padding-bottom:14px\" class=\"translation-block\">Examination of the SF6 gas for decomposition products; depending on the result, the SF6 gas will be returned to the product cycle or disposed of in a specialized incineration plant.<\/li>\n\n\n\n<li style=\"padding-top:14px;padding-bottom:14px\">Manual disassembly of the switchgear and return of usable components to the economic cycle.<\/li>\n\n\n\n<li style=\"padding-top:14px;padding-bottom:14px\">Creation of a ReUse certificate.<\/li>\n<\/ul>\n<\/div>\n<\/div>\n\n\n\n<div class=\"wp-block-column is-vertically-aligned-top is-layout-flow wp-block-column-is-layout-flow\">\n<figure class=\"wp-block-image size-large ext-aspect-landscape\"><img loading=\"lazy\" decoding=\"async\" width=\"1024\" height=\"826\" src=\"https:\/\/pfalztrafo.de\/wp-content\/uploads\/2024\/11\/Werkstatt-1024x826.jpg\" alt=\"\" class=\"wp-image-276\" style=\"aspect-ratio:4\/3;object-fit:cover\" srcset=\"https:\/\/pfalztrafo.de\/wp-content\/uploads\/2024\/11\/Werkstatt-1024x826.jpg 1024w, https:\/\/pfalztrafo.de\/wp-content\/uploads\/2024\/11\/Werkstatt-300x242.jpg 300w, https:\/\/pfalztrafo.de\/wp-content\/uploads\/2024\/11\/Werkstatt-768x619.jpg 768w, https:\/\/pfalztrafo.de\/wp-content\/uploads\/2024\/11\/Werkstatt.jpg 1333w\" sizes=\"auto, (max-width: 1024px) 100vw, 1024px\" \/><\/figure>\n<\/div>\n<\/div>\n<\/div>\n\n\n\n<div class=\"wp-block-group alignfull has-background-background-color has-background has-global-padding is-layout-constrained wp-container-core-group-is-layout-32399ce7 wp-block-group-is-layout-constrained\" style=\"margin-top:0;margin-bottom:0;padding-top:0;padding-right:var(--wp--preset--spacing--30);padding-bottom:0;padding-left:var(--wp--preset--spacing--30)\">\n<div class=\"wp-block-columns alignwide are-vertically-aligned-top is-layout-flex wp-container-core-columns-is-layout-08c01c1c wp-block-columns-is-layout-flex\">\n<div class=\"wp-block-column is-vertically-aligned-top is-layout-flow wp-block-column-is-layout-flow\">\n<div class=\"wp-block-group is-layout-flow wp-block-group-is-layout-flow\">\n<h3 class=\"wp-block-heading has-text-align-center\" style=\"font-size:clamp(18.959px, 1.185rem + ((1vw - 3.2px) * 1.15), 30px);line-height:1.5\">So that SF6 gas does not enter the atmosphere!<\/h3>\n\n\n\n<p>The European Regulation (EC) No. 842\/2006 on SF6 gases and the German Chemicals Climate Protection Regulation set fundamental requirements for operators of \"high-voltage switchgear.\"<\/p>\n\n\n\n<p>Wird Schwefelhexafluorid (SF6) aus elektrischen Betriebsmitteln gr\u00f6\u00dfer 1 kV zur\u00fcck gewonnen, gelten hierf\u00fcr seit dem 4.07.2009 neue Anforderungen, die in europ\u00e4ischen und nationalen Verordnungen vorgegeben sind.<\/p>\n\n\n\n<p>These requirements state that personnel involved in the recovery of SF6 from these equipment must hold a personal certificate.<\/p>\n<\/div>\n<\/div>\n<\/div>\n<\/div>","protected":false},"excerpt":{"rendered":"<p>Entsorgung &amp; Verwertung Wir entsorgen \/ verwerten folgende elektrische Betriebsmittel: In jedem Fall erhalten Sie einen Entsorgungs- bzw. Verwertungsnachweis von einem zertifizierten Fachbetrieb. F\u00fcr funktionsf\u00e4hige PCB-freie&nbsp;Transformatoren besteht auch die M\u00f6glichkeit des Ankaufs. Der Ankauf erfolgt ohne jegliche Garantie- bzw. Gew\u00e4hrleistungsanspr\u00fcche. Entsorgung von Transformatoren Ist ihr Transformator defekt, oder eine Instandsetzung nicht mehr wirtschaftlich, erhalten Sie [&hellip;]<\/p>\n","protected":false},"author":4,"featured_media":0,"parent":13,"menu_order":0,"comment_status":"closed","ping_status":"closed","template":"wp-custom-template-service","meta":{"footnotes":""},"class_list":["post-92","page","type-page","status-publish","hentry"],"aioseo_notices":[],"_links":{"self":[{"href":"https:\/\/pfalztrafo.de\/en\/wp-json\/wp\/v2\/pages\/92","targetHints":{"allow":["GET"]}}],"collection":[{"href":"https:\/\/pfalztrafo.de\/en\/wp-json\/wp\/v2\/pages"}],"about":[{"href":"https:\/\/pfalztrafo.de\/en\/wp-json\/wp\/v2\/types\/page"}],"author":[{"embeddable":true,"href":"https:\/\/pfalztrafo.de\/en\/wp-json\/wp\/v2\/users\/4"}],"replies":[{"embeddable":true,"href":"https:\/\/pfalztrafo.de\/en\/wp-json\/wp\/v2\/comments?post=92"}],"version-history":[{"count":10,"href":"https:\/\/pfalztrafo.de\/en\/wp-json\/wp\/v2\/pages\/92\/revisions"}],"predecessor-version":[{"id":1232,"href":"https:\/\/pfalztrafo.de\/en\/wp-json\/wp\/v2\/pages\/92\/revisions\/1232"}],"up":[{"embeddable":true,"href":"https:\/\/pfalztrafo.de\/en\/wp-json\/wp\/v2\/pages\/13"}],"wp:attachment":[{"href":"https:\/\/pfalztrafo.de\/en\/wp-json\/wp\/v2\/media?parent=92"}],"curies":[{"name":"wp","href":"https:\/\/api.w.org\/{rel}","templated":true}]}}