{"id":99,"date":"2024-11-10T11:30:58","date_gmt":"2024-11-10T11:30:58","guid":{"rendered":"https:\/\/pfalztrafo.de\/?page_id=99"},"modified":"2025-09-06T19:23:34","modified_gmt":"2025-09-06T19:23:34","slug":"pruefungen","status":"publish","type":"page","link":"https:\/\/pfalztrafo.de\/en\/service\/pruefungen\/","title":{"rendered":"Inspections"},"content":{"rendered":"<div class=\"wp-block-group alignfull has-background-background-color has-background has-global-padding is-layout-constrained wp-container-core-group-is-layout-7276a2bb wp-block-group-is-layout-constrained\" style=\"margin-top:0;margin-bottom:0;padding-top:var(--wp--preset--spacing--60);padding-right:var(--wp--preset--spacing--30);padding-bottom:var(--wp--preset--spacing--60);padding-left:var(--wp--preset--spacing--30)\">\n<div class=\"wp-block-group alignwide is-layout-flow wp-block-group-is-layout-flow\">\n<h2 class=\"wp-block-heading has-text-align-center has-large-font-size\">Our Testing Services<\/h2>\n\n\n\n<p class=\"has-text-align-center\" style=\"margin-top:16px\">Regular inspections ensure the operational safety of your equipment. Pfalztrafo performs these tests in compliance with standards, either in our own laboratory or directly on your premises. Select a test type to learn more about the procedure and applicable standards.<\/p>\n<\/div>\n\n\n\n<div class=\"wp-block-columns alignwide is-layout-flex wp-container-core-columns-is-layout-a88a3fd8 wp-block-columns-is-layout-flex\">\n<div class=\"wp-block-column is-layout-flow wp-block-column-is-layout-flow\">\n<figure class=\"wp-block-image size-large ext-aspect-landscape\"><img loading=\"lazy\" decoding=\"async\" width=\"1024\" height=\"683\" src=\"https:\/\/pfalztrafo.de\/wp-content\/uploads\/2025\/08\/Pruefung-1-1024x683.png\" alt=\"Servicetechniker pr\u00fcft Transformator im Au\u00dfeneinsatz \u2013 professionelle Diagnose und Wartung\" class=\"wp-image-1014\" style=\"aspect-ratio:4\/3;object-fit:cover\" srcset=\"https:\/\/pfalztrafo.de\/wp-content\/uploads\/2025\/08\/Pruefung-1-1024x683.png 1024w, https:\/\/pfalztrafo.de\/wp-content\/uploads\/2025\/08\/Pruefung-1-300x200.png 300w, https:\/\/pfalztrafo.de\/wp-content\/uploads\/2025\/08\/Pruefung-1-768x512.png 768w, https:\/\/pfalztrafo.de\/wp-content\/uploads\/2025\/08\/Pruefung-1-18x12.png 18w, https:\/\/pfalztrafo.de\/wp-content\/uploads\/2025\/08\/Pruefung-1.png 1536w\" sizes=\"auto, (max-width: 1024px) 100vw, 1024px\" \/><\/figure>\n\n\n\n<h3 class=\"wp-block-heading has-text-align-center\" style=\"margin-top:24px;font-size:clamp(14px, 0.875rem + ((1vw - 3.2px) * 0.625), 20px);line-height:1.5\">Electrical Testing<\/h3>\n\n\n\n<p class=\"has-text-align-center has-small-font-size\" style=\"margin-top:8px\">Measurements on Oil- and Cast-Resin Transformers<br><\/p>\n\n\n\n<div class=\"wp-block-buttons is-content-justification-center is-layout-flex wp-container-core-buttons-is-layout-a89b3969 wp-block-buttons-is-layout-flex\">\n<div class=\"wp-block-button\"><a class=\"wp-block-button__link has-small-font-size has-custom-font-size wp-element-button\" href=\"#elektrische-pruefung\">Learn More<\/a><\/div>\n<\/div>\n<\/div>\n\n\n\n<div class=\"wp-block-column is-layout-flow wp-block-column-is-layout-flow\">\n<figure class=\"wp-block-image size-large ext-aspect-landscape\"><img loading=\"lazy\" decoding=\"async\" width=\"1024\" height=\"461\" src=\"https:\/\/pfalztrafo.de\/wp-content\/uploads\/2025\/09\/IMG_20250902_150819-1024x461.jpg\" alt=\"\" class=\"wp-image-1187\" style=\"aspect-ratio:4\/3;object-fit:cover\" srcset=\"https:\/\/pfalztrafo.de\/wp-content\/uploads\/2025\/09\/IMG_20250902_150819-1024x461.jpg 1024w, https:\/\/pfalztrafo.de\/wp-content\/uploads\/2025\/09\/IMG_20250902_150819-300x135.jpg 300w, https:\/\/pfalztrafo.de\/wp-content\/uploads\/2025\/09\/IMG_20250902_150819-768x346.jpg 768w, https:\/\/pfalztrafo.de\/wp-content\/uploads\/2025\/09\/IMG_20250902_150819-1536x691.jpg 1536w, https:\/\/pfalztrafo.de\/wp-content\/uploads\/2025\/09\/IMG_20250902_150819-2048x922.jpg 2048w, https:\/\/pfalztrafo.de\/wp-content\/uploads\/2025\/09\/IMG_20250902_150819-18x8.jpg 18w\" sizes=\"auto, (max-width: 1024px) 100vw, 1024px\" \/><\/figure>\n\n\n\n<h3 class=\"wp-block-heading has-text-align-center\" style=\"margin-top:24px;font-size:clamp(14px, 0.875rem + ((1vw - 3.2px) * 0.625), 20px);line-height:1.5\">Insulating oil tests<\/h3>\n\n\n\n<p class=\"has-text-align-center has-small-font-size\" style=\"margin-top:8px\">Labor analyses according to DIN EN 60422 \u2013 early detection of oil aging<br><\/p>\n\n\n\n<div class=\"wp-block-buttons is-content-justification-center is-layout-flex wp-container-core-buttons-is-layout-a89b3969 wp-block-buttons-is-layout-flex\">\n<div class=\"wp-block-button\"><a class=\"wp-block-button__link has-small-font-size has-custom-font-size wp-element-button\" href=\"#isolieroel\">Learn More<\/a><\/div>\n<\/div>\n<\/div>\n\n\n\n<div class=\"wp-block-column is-layout-flow wp-block-column-is-layout-flow\">\n<figure class=\"wp-block-image size-full ext-aspect-landscape\"><img loading=\"lazy\" decoding=\"async\" width=\"1536\" height=\"1024\" src=\"https:\/\/pfalztrafo.de\/wp-content\/uploads\/2025\/09\/spannungspruefer-1.png\" alt=\"Elektriker bei Wartungsarbeiten an Transformator-Anlage\" class=\"wp-image-1234\" style=\"aspect-ratio:4\/3;object-fit:cover\" srcset=\"https:\/\/pfalztrafo.de\/wp-content\/uploads\/2025\/09\/spannungspruefer-1.png 1536w, https:\/\/pfalztrafo.de\/wp-content\/uploads\/2025\/09\/spannungspruefer-1-300x200.png 300w, https:\/\/pfalztrafo.de\/wp-content\/uploads\/2025\/09\/spannungspruefer-1-1024x683.png 1024w, https:\/\/pfalztrafo.de\/wp-content\/uploads\/2025\/09\/spannungspruefer-1-768x512.png 768w, https:\/\/pfalztrafo.de\/wp-content\/uploads\/2025\/09\/spannungspruefer-1-18x12.png 18w\" sizes=\"auto, (max-width: 1536px) 100vw, 1536px\" \/><\/figure>\n\n\n\n<h3 class=\"wp-block-heading has-text-align-center\" style=\"margin-top:24px;font-size:clamp(14px, 0.875rem + ((1vw - 3.2px) * 0.625), 20px);line-height:1.5\">Voltage testers<\/h3>\n\n\n\n<p class=\"has-text-align-center has-small-font-size\" style=\"margin-top:8px\">Testing of voltage testers &gt; 1 kV according to DGUV V3 \u2013 including report &amp; service<br><\/p>\n\n\n\n<div class=\"wp-block-buttons is-content-justification-center is-layout-flex wp-container-core-buttons-is-layout-a89b3969 wp-block-buttons-is-layout-flex\">\n<div class=\"wp-block-button\"><a class=\"wp-block-button__link has-small-font-size has-custom-font-size wp-element-button\" href=\"#spannungspruefer\">Learn More<\/a><\/div>\n<\/div>\n<\/div>\n\n\n\n<div class=\"wp-block-column is-layout-flow wp-block-column-is-layout-flow\">\n<figure class=\"wp-block-image size-full ext-aspect-landscape\"><img loading=\"lazy\" decoding=\"async\" width=\"1024\" height=\"1024\" src=\"https:\/\/pfalztrafo.de\/wp-content\/uploads\/2025\/08\/erdungsgarnitur.png\" alt=\"\" class=\"wp-image-1033\" style=\"aspect-ratio:4\/3;object-fit:cover\" srcset=\"https:\/\/pfalztrafo.de\/wp-content\/uploads\/2025\/08\/erdungsgarnitur.png 1024w, https:\/\/pfalztrafo.de\/wp-content\/uploads\/2025\/08\/erdungsgarnitur-300x300.png 300w, https:\/\/pfalztrafo.de\/wp-content\/uploads\/2025\/08\/erdungsgarnitur-150x150.png 150w, https:\/\/pfalztrafo.de\/wp-content\/uploads\/2025\/08\/erdungsgarnitur-768x768.png 768w, https:\/\/pfalztrafo.de\/wp-content\/uploads\/2025\/08\/erdungsgarnitur-12x12.png 12w\" sizes=\"auto, (max-width: 1024px) 100vw, 1024px\" \/><\/figure>\n\n\n\n<h3 class=\"wp-block-heading has-text-align-center\" style=\"margin-top:24px;font-size:clamp(14px, 0.875rem + ((1vw - 3.2px) * 0.625), 20px);line-height:1.5\">Grounding Kits<\/h3>\n\n\n\n<p class=\"has-text-align-center has-small-font-size\" style=\"margin-top:8px\">Periodic testing for safe EuK devices<br><\/p>\n\n\n\n<div class=\"wp-block-buttons is-content-justification-center is-layout-flex wp-container-core-buttons-is-layout-a89b3969 wp-block-buttons-is-layout-flex\">\n<div class=\"wp-block-button\"><a class=\"wp-block-button__link has-small-font-size has-custom-font-size wp-element-button\" href=\"#erdungsgarnituren\">Learn More<\/a><\/div>\n<\/div>\n<\/div>\n<\/div>\n<\/div>\n\n\n\n<div class=\"wp-block-group alignfull has-primary-background-color has-background has-global-padding is-layout-constrained wp-container-core-group-is-layout-87b22ab7 wp-block-group-is-layout-constrained\" id=\"elektrische-pruefung\" style=\"margin-top:0;margin-bottom:0;padding-top:var(--wp--preset--spacing--40);padding-right:var(--wp--preset--spacing--30);padding-bottom:var(--wp--preset--spacing--40);padding-left:var(--wp--preset--spacing--30)\">\n<div class=\"wp-block-columns alignwide are-vertically-aligned-top is-layout-flex wp-container-core-columns-is-layout-08c01c1c wp-block-columns-is-layout-flex\">\n<div class=\"wp-block-column is-vertically-aligned-top is-layout-flow wp-block-column-is-layout-flow\">\n<div class=\"wp-block-group has-global-padding is-layout-constrained wp-block-group-is-layout-constrained\">\n<h3 class=\"wp-block-heading\" style=\"font-size:clamp(18.959px, 1.185rem + ((1vw - 3.2px) * 1.15), 30px);line-height:1.5\">Electrical Testing<\/h3>\n\n\n\n<p><strong>Electrical Testing of Transformers<\/strong><br>To assess the condition, we carry out electrical tests on oil and cast-resin transformers \u2013 either directly on-site or in our test field.<\/p>\n\n\n\n<p><strong>Scope of testing:<\/strong><\/p>\n\n\n\n<ul class=\"wp-block-list\">\n<li><strong>Insulation resistance<\/strong> (HV\u2013ground, HV\u2013LV, LV\u2013ground)<\/li>\n\n\n\n<li><strong>Winding resistance<\/strong> (high- and low-voltage winding)<\/li>\n\n\n\n<li><strong>Transformation ratio<\/strong> incl. tap changers<\/li>\n<\/ul>\n\n\n\n<p><strong>Advantages:<\/strong><br>Early fault detection \u2013 increased operational safety \u2013 extended service life.<\/p>\n<\/div>\n<\/div>\n\n\n\n<div class=\"wp-block-column is-vertically-aligned-top is-layout-flow wp-block-column-is-layout-flow\">\n<div class=\"wp-block-columns is-layout-flex wp-container-core-columns-is-layout-28f84493 wp-block-columns-is-layout-flex\">\n<div class=\"wp-block-column is-layout-flow wp-block-column-is-layout-flow\" style=\"flex-basis:100%\">\n<div class=\"wp-block-group has-global-padding is-layout-constrained wp-block-group-is-layout-constrained\">\n<figure class=\"wp-block-image size-full is-resized ext-aspect-landscape\"><img loading=\"lazy\" decoding=\"async\" width=\"605\" height=\"468\" src=\"https:\/\/pfalztrafo.de\/wp-content\/uploads\/2025\/08\/koffer.jpg\" alt=\"\" class=\"wp-image-1039\" style=\"aspect-ratio:1.3333333333333333;object-fit:cover;width:617px;height:auto\" srcset=\"https:\/\/pfalztrafo.de\/wp-content\/uploads\/2025\/08\/koffer.jpg 605w, https:\/\/pfalztrafo.de\/wp-content\/uploads\/2025\/08\/koffer-300x232.jpg 300w, https:\/\/pfalztrafo.de\/wp-content\/uploads\/2025\/08\/koffer-16x12.jpg 16w\" sizes=\"auto, (max-width: 605px) 100vw, 605px\" \/><\/figure>\n<\/div>\n<\/div>\n<\/div>\n<\/div>\n<\/div>\n<\/div>\n\n\n\n<div class=\"wp-block-group alignfull has-background-background-color has-background has-global-padding is-layout-constrained wp-container-core-group-is-layout-87b22ab7 wp-block-group-is-layout-constrained\" id=\"isolieroel\" style=\"margin-top:0;margin-bottom:0;padding-top:var(--wp--preset--spacing--40);padding-right:var(--wp--preset--spacing--30);padding-bottom:var(--wp--preset--spacing--40);padding-left:var(--wp--preset--spacing--30)\">\n<div class=\"wp-block-columns alignwide are-vertically-aligned-top is-layout-flex wp-container-core-columns-is-layout-08c01c1c wp-block-columns-is-layout-flex\">\n<div class=\"wp-block-column is-vertically-aligned-top is-layout-flow wp-block-column-is-layout-flow\">\n<div class=\"wp-block-group has-global-padding is-layout-constrained wp-block-group-is-layout-constrained\">\n<h3 class=\"wp-block-heading\" style=\"font-size:clamp(18.959px, 1.185rem + ((1vw - 3.2px) * 1.15), 30px);line-height:1.5\">Insulating oil tests<\/h3>\n\n\n\n<p class=\"translation-block\"><strong>Standard Tests according to DIN EN 60422<\/strong><br>  \nFor transformers, converters, and switchgear<br>  \nIn our in-house insulating oil laboratory:<\/p>\n\n\n\n<ul class=\"wp-block-list\">\n<li>Breakdown voltage (DIN EN 60156:1996-03)<\/li>\n\n\n\n<li>Individual values<\/li>\n\n\n\n<li>Acid content (DIN EN 62021-1:2004-06)<\/li>\n\n\n\n<li>Dielectric loss factor (DIN EN 60247:2005-01)<\/li>\n\n\n\n<li>Water content (DIN EN 60814:1999-03)<\/li>\n\n\n\n<li>Color number \/ appearance (DIN ISO 2049:2001-06)<\/li>\n\n\n\n<li>Surface tension (DIN EN 14210:2004-03)<\/li>\n\n\n\n<li>PCB content (DIN EN 12766-1)<\/li>\n\n\n\n<li>Specific resistance (IEC 60247)<\/li>\n<\/ul>\n\n\n\n<p>Sampling according to DIN EN 475 can be carried out under voltage, considering safety distances.<\/p>\n\n\n\n<p>If you would like to take the samples yourself, we will provide sample containers free of charge.<\/p>\n<\/div>\n<\/div>\n\n\n\n<div class=\"wp-block-column is-vertically-aligned-top is-layout-flow wp-block-column-is-layout-flow\">\n<div class=\"wp-block-columns is-layout-flex wp-container-core-columns-is-layout-28f84493 wp-block-columns-is-layout-flex\">\n<div class=\"wp-block-column is-layout-flow wp-block-column-is-layout-flow\" style=\"flex-basis:100%\">\n<div class=\"wp-block-group has-global-padding is-layout-constrained wp-block-group-is-layout-constrained\">\n<figure class=\"wp-block-image size-large is-resized ext-aspect-landscape\"><img loading=\"lazy\" decoding=\"async\" width=\"830\" height=\"1476\" src=\"https:\/\/pfalztrafo.de\/wp-content\/uploads\/2024\/11\/Pruef-edited-2.jpg\" alt=\"\" class=\"wp-image-297\" style=\"aspect-ratio:1.3333333333333333;object-fit:cover;width:617px;height:auto\" srcset=\"https:\/\/pfalztrafo.de\/wp-content\/uploads\/2024\/11\/Pruef-edited-2.jpg 830w, https:\/\/pfalztrafo.de\/wp-content\/uploads\/2024\/11\/Pruef-edited-2-169x300.jpg 169w, https:\/\/pfalztrafo.de\/wp-content\/uploads\/2024\/11\/Pruef-edited-2-576x1024.jpg 576w, https:\/\/pfalztrafo.de\/wp-content\/uploads\/2024\/11\/Pruef-edited-2-768x1366.jpg 768w\" sizes=\"auto, (max-width: 830px) 100vw, 830px\" \/><\/figure>\n<\/div>\n<\/div>\n<\/div>\n<\/div>\n<\/div>\n<\/div>\n\n\n\n<div class=\"wp-block-group alignfull has-primary-background-color has-background has-global-padding is-layout-constrained wp-container-core-group-is-layout-87b22ab7 wp-block-group-is-layout-constrained\" id=\"spannungspruefer\" style=\"margin-top:0;margin-bottom:0;padding-top:var(--wp--preset--spacing--40);padding-right:var(--wp--preset--spacing--30);padding-bottom:var(--wp--preset--spacing--40);padding-left:var(--wp--preset--spacing--30)\">\n<div class=\"wp-block-columns alignwide are-vertically-aligned-top is-layout-flex wp-container-core-columns-is-layout-08c01c1c wp-block-columns-is-layout-flex\">\n<div class=\"wp-block-column is-vertically-aligned-top is-layout-flow wp-block-column-is-layout-flow\">\n<div class=\"wp-block-group has-global-padding is-layout-constrained wp-block-group-is-layout-constrained\">\n<h3 class=\"wp-block-heading\" style=\"font-size:clamp(18.959px, 1.185rem + ((1vw - 3.2px) * 1.15), 30px);line-height:1.5\">Voltage testers &gt; 1 kV<\/h3>\n\n\n\n<p>According to the accident prevention regulations (UVV) for electrical systems and equipment (DGUV A3), voltage testers must be checked for proper condition and function at least every 6 years.<\/p>\n\n\n\n<p><strong>Our offer:<\/strong><\/p>\n\n\n\n<ul class=\"wp-block-list\">\n<li>Voltage tester with glow lamp<\/li>\n\n\n\n<li>Voltage tester with electronic<\/li>\n<\/ul>\n\n\n\n<p>These include cleaning, battery replacement, minor repairs, test report, and return delivery of the equipment.<\/p>\n\n\n\n<p><strong>Possible additional services:<\/strong><\/p>\n\n\n\n<ul class=\"wp-block-list\">\n<li>per additional voltage range<\/li>\n\n\n\n<li>Rental device<\/li>\n\n\n\n<li>Battery replacement Comet<\/li>\n\n\n\n<li>Protective rubber replacement<\/li>\n<\/ul>\n<\/div>\n<\/div>\n\n\n\n<div class=\"wp-block-column is-vertically-aligned-top is-layout-flow wp-block-column-is-layout-flow\">\n<div class=\"wp-block-columns is-layout-flex wp-container-core-columns-is-layout-28f84493 wp-block-columns-is-layout-flex\">\n<div class=\"wp-block-column is-layout-flow wp-block-column-is-layout-flow\" style=\"flex-basis:100%\">\n<div class=\"wp-block-group has-global-padding is-layout-constrained wp-block-group-is-layout-constrained\">\n<figure class=\"wp-block-image size-full is-resized ext-aspect-landscape\"><img loading=\"lazy\" decoding=\"async\" width=\"1536\" height=\"1024\" src=\"https:\/\/pfalztrafo.de\/wp-content\/uploads\/2025\/09\/spannungspruefer-1.png\" alt=\"\" class=\"wp-image-1234\" style=\"aspect-ratio:1.3333333333333333;object-fit:cover;width:617px;height:auto\" srcset=\"https:\/\/pfalztrafo.de\/wp-content\/uploads\/2025\/09\/spannungspruefer-1.png 1536w, https:\/\/pfalztrafo.de\/wp-content\/uploads\/2025\/09\/spannungspruefer-1-300x200.png 300w, https:\/\/pfalztrafo.de\/wp-content\/uploads\/2025\/09\/spannungspruefer-1-1024x683.png 1024w, https:\/\/pfalztrafo.de\/wp-content\/uploads\/2025\/09\/spannungspruefer-1-768x512.png 768w, https:\/\/pfalztrafo.de\/wp-content\/uploads\/2025\/09\/spannungspruefer-1-18x12.png 18w\" sizes=\"auto, (max-width: 1536px) 100vw, 1536px\" \/><\/figure>\n<\/div>\n<\/div>\n<\/div>\n<\/div>\n<\/div>\n<\/div>\n\n\n\n<div class=\"wp-block-group alignfull has-background-background-color has-background has-global-padding is-layout-constrained wp-container-core-group-is-layout-87b22ab7 wp-block-group-is-layout-constrained\" id=\"erdungsgarnituren\" style=\"margin-top:0;margin-bottom:0;padding-top:var(--wp--preset--spacing--40);padding-right:var(--wp--preset--spacing--30);padding-bottom:var(--wp--preset--spacing--40);padding-left:var(--wp--preset--spacing--30)\">\n<div class=\"wp-block-columns alignwide are-vertically-aligned-top is-layout-flex wp-container-core-columns-is-layout-08c01c1c wp-block-columns-is-layout-flex\">\n<div class=\"wp-block-column is-vertically-aligned-top is-layout-flow wp-block-column-is-layout-flow\">\n<div class=\"wp-block-group has-global-padding is-layout-constrained wp-block-group-is-layout-constrained\">\n<h3 class=\"wp-block-heading\" style=\"font-size:clamp(18.959px, 1.185rem + ((1vw - 3.2px) * 1.15), 30px);line-height:1.5\">Grounding Kits&nbsp;<\/h3>\n\n\n\n<p>Earthing and short-circuiting devices (EuK) are portable safety equipment that ensure safe potential equalization when working on electrical installations. They reliably protect technicians against dangerous residual voltages and short-circuit currents.<\/p>\n\n\n\n<p><strong>Our offer:<\/strong><\/p>\n\n\n\n<ul class=\"wp-block-list\">\n<li>Metrological testing of grounding kits<\/li>\n\n\n\n<li>Messung vor Ort<\/li>\n\n\n\n<li>Messung bei Pfalztrafo<\/li>\n<\/ul>\n<\/div>\n<\/div>\n\n\n\n<div class=\"wp-block-column is-vertically-aligned-top is-layout-flow wp-block-column-is-layout-flow\">\n<div class=\"wp-block-columns is-layout-flex wp-container-core-columns-is-layout-28f84493 wp-block-columns-is-layout-flex\">\n<div class=\"wp-block-column is-layout-flow wp-block-column-is-layout-flow\" style=\"flex-basis:100%\">\n<div class=\"wp-block-group has-global-padding is-layout-constrained wp-block-group-is-layout-constrained\">\n<figure class=\"wp-block-image size-full is-resized ext-aspect-landscape\"><img loading=\"lazy\" decoding=\"async\" width=\"1024\" height=\"1024\" src=\"https:\/\/pfalztrafo.de\/wp-content\/uploads\/2025\/08\/erdungsgarnitur2.png\" alt=\"\" class=\"wp-image-1040\" style=\"aspect-ratio:1.3333333333333333;object-fit:cover;width:617px;height:auto\" srcset=\"https:\/\/pfalztrafo.de\/wp-content\/uploads\/2025\/08\/erdungsgarnitur2.png 1024w, https:\/\/pfalztrafo.de\/wp-content\/uploads\/2025\/08\/erdungsgarnitur2-300x300.png 300w, https:\/\/pfalztrafo.de\/wp-content\/uploads\/2025\/08\/erdungsgarnitur2-150x150.png 150w, https:\/\/pfalztrafo.de\/wp-content\/uploads\/2025\/08\/erdungsgarnitur2-768x768.png 768w, https:\/\/pfalztrafo.de\/wp-content\/uploads\/2025\/08\/erdungsgarnitur2-12x12.png 12w\" sizes=\"auto, (max-width: 1024px) 100vw, 1024px\" \/><\/figure>\n<\/div>\n<\/div>\n<\/div>\n<\/div>\n<\/div>\n<\/div>\n\n\n\n<div class=\"wp-block-group alignfull has-background-background-color has-background has-global-padding is-layout-constrained wp-container-core-group-is-layout-80683360 wp-block-group-is-layout-constrained\" style=\"margin-top:var(--wp--preset--spacing--30);margin-bottom:var(--wp--preset--spacing--30);padding-top:0;padding-right:var(--wp--preset--spacing--30);padding-bottom:0;padding-left:var(--wp--preset--spacing--30)\">\n<div class=\"wp-block-columns alignwide are-vertically-aligned-top is-layout-flex wp-container-core-columns-is-layout-08c01c1c wp-block-columns-is-layout-flex\">\n<div class=\"wp-block-column is-vertically-aligned-top is-layout-flow wp-block-column-is-layout-flow\">\n<div class=\"wp-block-group is-layout-flow wp-block-group-is-layout-flow\">\n<p><strong>Testing requirements for EuK devices<\/strong><\/p>\n\n\n\n<ul class=\"wp-block-list\">\n<li class=\"translation-block\">Grounding and short-circuit devices are safety equipment and are subject to the requirements of the '<strong>regular recurring testing<\/strong>.<\/li>\n\n\n\n<li>Untested or defective grounding and short-circuit devices pose a significant safety risk based on experience from the professional association.<\/li>\n\n\n\n<li>The obligation to test electrical equipment also applies to grounding and short-circuit devices.<\/li>\n<\/ul>\n\n\n\n<p><strong>Relevant legal regulations are:<\/strong><\/p>\n\n\n\n<p>According to the Accident Prevention Regulation DGUV Vorschrift 3 \u00a7 5, electrical equipment must be tested at specific intervals. The timeframes must be set in such a way that potential defects, which are expected, are detected in time.<\/p>\n\n\n\n<p class=\"translation-block\">According to the Industrial Safety Ordinance (BetrSichV) \u00a7\u00a7 4 and 10, work equipment must be suitable and safely provided. If harmful influences are present, testing is required.<\/p>\n\n\n\n<p class=\"translation-block\">According to the Occupational Safety Act (ArbSchG) \u00a7\u00a7 4 and 9, workplaces must be safely designed. In hazardous work areas, appropriate safety measures and precautions must be implemented, such as recurring tests.<\/p>\n\n\n\n<p class=\"translation-block\">According to the electrical engineering standard DIN VDE 0105-100, section 5.3, recurring tests are required to maintain the proper condition, which also applies to EuK devices.<\/p>\n<\/div>\n<\/div>\n<\/div>\n<\/div>","protected":false},"excerpt":{"rendered":"<p>Unsere Pr\u00fcfleistungen Regelm\u00e4\u00dfige Pr\u00fcfungen sichern die Betriebssicherheit Ihrer Anlagen. Pfalztrafo f\u00fchrt diese normgerecht im eigenen Labor oder bei Ihnen vor Ort durch. W\u00e4hlen Sie eine Pr\u00fcfart und erfahren Sie mehr \u00fcber Ablauf und Normen. Elektrische Pr\u00fcfung Messungen an \u00d6l- und Gie\u00dfharz-Transformatoren Isolier\u00f6lkontrollen Laboranalysen nach DIN EN 60422 \u2013 fr\u00fchzeitige Erkennung von \u00d6lalterung Spannungspr\u00fcfer Pr\u00fcfung von [&hellip;]<\/p>\n","protected":false},"author":4,"featured_media":0,"parent":13,"menu_order":0,"comment_status":"closed","ping_status":"closed","template":"wp-custom-template-service","meta":{"footnotes":""},"class_list":["post-99","page","type-page","status-publish","hentry"],"aioseo_notices":[],"_links":{"self":[{"href":"https:\/\/pfalztrafo.de\/en\/wp-json\/wp\/v2\/pages\/99","targetHints":{"allow":["GET"]}}],"collection":[{"href":"https:\/\/pfalztrafo.de\/en\/wp-json\/wp\/v2\/pages"}],"about":[{"href":"https:\/\/pfalztrafo.de\/en\/wp-json\/wp\/v2\/types\/page"}],"author":[{"embeddable":true,"href":"https:\/\/pfalztrafo.de\/en\/wp-json\/wp\/v2\/users\/4"}],"replies":[{"embeddable":true,"href":"https:\/\/pfalztrafo.de\/en\/wp-json\/wp\/v2\/comments?post=99"}],"version-history":[{"count":27,"href":"https:\/\/pfalztrafo.de\/en\/wp-json\/wp\/v2\/pages\/99\/revisions"}],"predecessor-version":[{"id":1300,"href":"https:\/\/pfalztrafo.de\/en\/wp-json\/wp\/v2\/pages\/99\/revisions\/1300"}],"up":[{"embeddable":true,"href":"https:\/\/pfalztrafo.de\/en\/wp-json\/wp\/v2\/pages\/13"}],"wp:attachment":[{"href":"https:\/\/pfalztrafo.de\/en\/wp-json\/wp\/v2\/media?parent=99"}],"curies":[{"name":"wp","href":"https:\/\/api.w.org\/{rel}","templated":true}]}}